{"id":56,"date":"2025-09-11T16:53:52","date_gmt":"2025-09-11T14:53:52","guid":{"rendered":"https:\/\/societaslinguistica.eu\/sle2026\/?page_id=56"},"modified":"2026-03-18T11:43:39","modified_gmt":"2026-03-18T10:43:39","slug":"list-of-workshops","status":"publish","type":"page","link":"https:\/\/societaslinguistica.eu\/sle2026\/list-of-workshops\/","title":{"rendered":"List of workshops"},"content":{"rendered":"\n<p class=\"has-text-color has-link-color wp-elements-ccac55ae8d0b97714f6de9921c4c5a57\" style=\"color:#393bb1\">A Roadmap for WS convenors can be found <a href=\"https:\/\/societaslinguistica.eu\/sle2026\/wp-content\/uploads\/sites\/9\/2025\/10\/Roadmap-for-WS-Convenors.pdf\" target=\"_blank\" rel=\"noreferrer noopener\"><strong>here<\/strong><\/a>.<\/p>\n\n\n\n<p>The list of accepted workshop can be found below. To submit a paper to any of the workshops, please select the relevant one when preparing your EasyChair submission.<\/p>\n\n\n\n<p class=\"has-medium-font-size\">Special Panel: <strong><a href=\"https:\/\/societaslinguistica.eu\/sle2026\/wp-content\/uploads\/sites\/9\/2025\/12\/Communicating-linguistic-research.docx\">Communicating linguistic research<\/a><\/strong> (Alexandru Nicolae &amp; Marc Olivier-Loiseau) <\/p>\n\n\n\n<p class=\"has-medium-font-size\">WS1<strong> <a href=\"https:\/\/societaslinguistica.eu\/sle2026\/wp-content\/uploads\/sites\/9\/2025\/12\/workshop_advances_lexical_semantic_change_sle2026_final-1.pdf\" target=\"_blank\" rel=\"noreferrer noopener\">Advances in data-driven research on lexical and semantic change<\/a> <\/strong>(Stefano De Pascale &amp; Haim Dubossarsky)<\/p>\n\n\n\n<p class=\"has-medium-font-size\">WS2 <strong><a href=\"https:\/\/societaslinguistica.eu\/sle2026\/wp-content\/uploads\/sites\/9\/2025\/12\/12182025_2_Workshop_proposal_SLE_26_Body_part_incorporation.pdf\" target=\"_blank\" rel=\"noreferrer noopener\">Body part incorporation cross-linguistically: At the crossroads of lexicon, semantics, and morphosyntax<\/a><\/strong> (Anna Bugaeva &amp; Maria Koptjevskaja Tamm)<\/p>\n\n\n\n<p class=\"has-medium-font-size\">WS3 <strong><a href=\"https:\/\/societaslinguistica.eu\/sle2026\/wp-content\/uploads\/sites\/9\/2025\/12\/The-Clitic-Workshop-December-version.pdf\" target=\"_blank\" rel=\"noreferrer noopener\">Clitics, clitic placement, and cliticisation<\/a><\/strong> (Marc Olivier-Loiseau)<\/p>\n\n\n\n<p class=\"has-medium-font-size\">WS4 <strong><a href=\"https:\/\/societaslinguistica.eu\/sle2026\/wp-content\/uploads\/sites\/9\/2025\/12\/WS4.-Multi-wh-words.pdf\">Constructions\twith\tmultiple wh-words across languages<\/a><\/strong> (Valentina Apresjan, Mikhail Kopotev, Piotr Sobotka &amp; Mladen Uhlik)<\/p>\n\n\n\n<p class=\"has-medium-font-size\">WS5 <strong><a href=\"https:\/\/societaslinguistica.eu\/sle2026\/wp-content\/uploads\/sites\/9\/2025\/12\/SLE-WS-CfP-Wiemer_Long_Mazolla-revised-18122025.pdf\" target=\"_blank\" rel=\"noreferrer noopener\">Discourse coherence and clausal complementation: Diachronic pathways and diagnostic problems<\/a><\/strong> (Bj\u00f6rn Wiemer, Haiping Long &amp; Giulia Mazzola)<\/p>\n\n\n\n<p class=\"has-medium-font-size\">WS6 <strong><a href=\"https:\/\/societaslinguistica.eu\/sle2026\/wp-content\/uploads\/sites\/9\/2025\/12\/WS6_SLE_2026_Heritage_Speakers_17122025.pdf\" target=\"_blank\" rel=\"noreferrer noopener\">Heritage Speakers and Their Language Repertoire<\/a><\/strong> (Yulia Zuban, Anna Ritter &amp; Andromachi Tsoukala)<\/p>\n\n\n\n<p class=\"has-medium-font-size\">WS7 <strong><a href=\"https:\/\/societaslinguistica.eu\/sle2026\/wp-content\/uploads\/sites\/9\/2025\/12\/WS7-description-201225.pdf\">Intragenetic and Areal Influences in the Uralic Language Area<\/a><\/strong> (Nikolett F. Guly\u00e1s, Helle Metslang &amp; Miina Norvik)<\/p>\n\n\n\n<p class=\"has-medium-font-size\">WS8 <strong><a href=\"https:\/\/societaslinguistica.eu\/sle2026\/wp-content\/uploads\/sites\/9\/2025\/12\/SLE_Large-Language-Models-for-Linguistics_updated.pdf\" target=\"_blank\" rel=\"noreferrer noopener\">Large Language Models for Linguistics: Applications and Implications<\/a> <\/strong>(Natalia Levshina &amp; Nicole Katzir)<\/p>\n\n\n\n<p class=\"has-medium-font-size\">WS9 <strong><a href=\"https:\/\/societaslinguistica.eu\/sle2026\/wp-content\/uploads\/sites\/9\/2025\/12\/Description-SLE-2026-workshop-on-concept-of-necessity-and-its-various-realizations-in-language.pdf\">Linguistic Perspectives on the Expression of Necessity<\/a><\/strong> (Patrick Duffley &amp; and Olivier Dupl\u00e2tre)<\/p>\n\n\n\n<p class=\"has-medium-font-size\">WS10 <strong><a href=\"https:\/\/societaslinguistica.eu\/sle2026\/wp-content\/uploads\/sites\/9\/2025\/12\/SLE2026-1.pdf\" target=\"_blank\" rel=\"noreferrer noopener\">Measuring cross-linguistic distances <\/a><\/strong>(Ian Joo)<\/p>\n\n\n\n<p class=\"has-medium-font-size\">WS11 <strong><a href=\"https:\/\/societaslinguistica.eu\/sle2026\/wp-content\/uploads\/sites\/9\/2025\/12\/Microtypology_updated.pdf\" target=\"_blank\" rel=\"noreferrer noopener\">Microtypology: Zooming in to get at the big picture<\/a><\/strong> (Linda Konnerth, Sandra Auderset &amp; Sergey Say)<\/p>\n\n\n\n<p class=\"has-medium-font-size\">WS12 <strong><a href=\"https:\/\/societaslinguistica.eu\/sle2026\/wp-content\/uploads\/sites\/9\/2025\/12\/WS-12-Nonfiniteness-and-finiteness-shifts.pdf\" target=\"_blank\" rel=\"noreferrer noopener\">(Non)finiteness and Finiteness Shifts <\/a><\/strong>(Dominika Skrzypek &amp; Eystein Dahl)<\/p>\n\n\n\n<p class=\"has-medium-font-size\">WS13 <strong><a href=\"https:\/\/linguistlist.org\/issues\/36\/2722\/\" target=\"_blank\" rel=\"noreferrer noopener\">Relative Clauses Across and Within Languages: Connecting Linguistic Typology and Variationist Sociolinguistics<\/a><\/strong> (Silvia Ballar\u00e8, Karen Beaman, Massimo Cerruti &amp; Caterina Mauri)<\/p>\n\n\n\n<p class=\"has-medium-font-size\">WS14 <strong><a href=\"https:\/\/societaslinguistica.eu\/sle2026\/wp-content\/uploads\/sites\/9\/2025\/12\/Argument_structure_workshop.pdf\" target=\"_blank\" rel=\"noreferrer noopener\">Rethinking argument structure interactionally: Deviations from Who Does What to Whom across the languages<\/a><\/strong> (Vladimir Panov, Maria Khachaturyan &amp; Pavel Ozerov)<\/p>\n\n\n\n<p class=\"has-medium-font-size\">WS15 <strong><a href=\"https:\/\/societaslinguistica.eu\/sle2026\/wp-content\/uploads\/sites\/9\/2025\/12\/CfP_SLE26_StabilityHeritageMinorityLanguages_final.pdf\" target=\"_blank\" rel=\"noreferrer noopener\">Stability in the grammar of Germanic heritage and minority languages<\/a><\/strong> (Patrick M\u00e4chler &amp; Ann-Marie Moser)<\/p>\n\n\n\n<p class=\"has-medium-font-size\">WS16 <strong><a href=\"https:\/\/societaslinguistica.eu\/sle2026\/wp-content\/uploads\/sites\/9\/2025\/09\/Workshop-Subordination-and-coordination-in-language-contact-situations.pdf\" target=\"_blank\" rel=\"noreferrer noopener\">Subordination and coordination in language-contact situations<\/a><\/strong> (Jes\u00fas Olgu\u00edn Mart\u00ednez, Thomas Stolz &amp; Tom Bossuyt)<\/p>\n\n\n\n<p class=\"has-medium-font-size\">WS17 <strong><a href=\"https:\/\/societaslinguistica.eu\/sle2026\/wp-content\/uploads\/sites\/9\/2025\/09\/cfp-SLE-workshop-modelling-the-speaker-and-addressee-website-1.pdf\" target=\"_blank\" rel=\"noreferrer noopener\">The morphosyntax of who knows what and how in interaction<\/a><\/strong> (Jenneke van der Wal, Karolina Grzech &amp; Martina Wiltschko)<\/p>\n\n\n\n<p class=\"has-medium-font-size\">WS18 <strong><a href=\"https:\/\/societaslinguistica.eu\/sle2026\/wp-content\/uploads\/sites\/9\/2025\/12\/WS18_Description.pdf\" target=\"_blank\" rel=\"noreferrer noopener\">The New Arabic (Semitic) Lexicon (SLE Workshop II): Old and New Themes and Perspectives<\/a><\/strong> (Abdelkader Fassi Fehri &amp; Peter Hallman)<\/p>\n\n\n\n<p class=\"has-medium-font-size\">WS19 <strong><a href=\"https:\/\/societaslinguistica.eu\/sle2026\/wp-content\/uploads\/sites\/9\/2025\/09\/When-sounds-speak.pdf\" target=\"_blank\" rel=\"noreferrer noopener\">When sounds speak: Towards a typology of sound symbolism and iconicity<\/a><\/strong> (L\u00edvia K\u00f6rtv\u00e9lyessy &amp; Thomas van Hoey)<\/p>\n\n\n\n<p><\/p>\n","protected":false},"excerpt":{"rendered":"<p>A Roadmap for WS convenors can be found here. The list of accepted workshop can be found below. To submit a paper to any of the workshops, please select the relevant one when preparing your EasyChair submission. Special Panel: Communicating linguistic research (Alexandru Nicolae &amp; Marc Olivier-Loiseau) WS1 Advances in data-driven research on lexical and [&hellip;]<\/p>\n","protected":false},"author":15,"featured_media":0,"parent":0,"menu_order":0,"comment_status":"closed","ping_status":"closed","template":"","meta":{"_acf_changed":false,"footnotes":""},"class_list":["post-56","page","type-page","status-publish","hentry"],"acf":[],"_links":{"self":[{"href":"https:\/\/societaslinguistica.eu\/sle2026\/wp-json\/wp\/v2\/pages\/56"}],"collection":[{"href":"https:\/\/societaslinguistica.eu\/sle2026\/wp-json\/wp\/v2\/pages"}],"about":[{"href":"https:\/\/societaslinguistica.eu\/sle2026\/wp-json\/wp\/v2\/types\/page"}],"author":[{"embeddable":true,"href":"https:\/\/societaslinguistica.eu\/sle2026\/wp-json\/wp\/v2\/users\/15"}],"replies":[{"embeddable":true,"href":"https:\/\/societaslinguistica.eu\/sle2026\/wp-json\/wp\/v2\/comments?post=56"}],"version-history":[{"count":53,"href":"https:\/\/societaslinguistica.eu\/sle2026\/wp-json\/wp\/v2\/pages\/56\/revisions"}],"predecessor-version":[{"id":194,"href":"https:\/\/societaslinguistica.eu\/sle2026\/wp-json\/wp\/v2\/pages\/56\/revisions\/194"}],"wp:attachment":[{"href":"https:\/\/societaslinguistica.eu\/sle2026\/wp-json\/wp\/v2\/media?parent=56"}],"curies":[{"name":"wp","href":"https:\/\/api.w.org\/{rel}","templated":true}]}}