{"id":33,"date":"2025-07-11T11:45:20","date_gmt":"2025-07-11T09:45:20","guid":{"rendered":"https:\/\/societaslinguistica.eu\/sle2026\/?page_id=33"},"modified":"2026-03-29T20:13:22","modified_gmt":"2026-03-29T18:13:22","slug":"committees","status":"publish","type":"page","link":"https:\/\/societaslinguistica.eu\/sle2026\/committees\/","title":{"rendered":"Committees"},"content":{"rendered":"\n<h2 class=\"wp-block-heading has-large-font-size\">Organising Committee<\/h2>\n\n\n\n<h3 class=\"wp-block-heading has-medium-font-size\"><\/h3>\n\n\n\n<p class=\"has-medium-font-size\">Chair of the local organising committee<\/p>\n\n\n\n<p>Alexander Bergs <\/p>\n\n\n\n<p><strong>Other members of the Local Organising Committee<\/strong><\/p>\n\n\n\n<p>Kim-Kristin Droste&nbsp;\u25aa&nbsp;Lara H\u00f6ttecke\u25aa&nbsp;Meike Pentrel&nbsp;\u25aa&nbsp;Alina Bachmann&nbsp;\u25aa&nbsp;Oliver Ehmer&nbsp;\u25aa&nbsp;Sophie Ells\u00e4\u00dfer&nbsp;\u25aa&nbsp;Hannah Koch&nbsp;\u25aaJanina Kunert\u25aa&nbsp;Marius M\u00fcller&nbsp;\u25aa&nbsp;Renate Musan&nbsp;\u25aa Laura-Katrin Nelles&nbsp;\u25aa Nathalie Nicolay&nbsp;\u25aa&nbsp;Katharina Nimz&nbsp;\u25aa&nbsp;Aline Ohlmeier-Werner&nbsp;\u25aa&nbsp;Helena Olfert&nbsp;\u25aa&nbsp;Natascha Raue&nbsp;\u25aa Michael Redmond&nbsp;\u25aaVictoria Da Rold Franco&nbsp;\u25aa&nbsp;Stefan Tr\u00f6ster-Mutz&nbsp;\u25aa&nbsp;Ina Westermeyer<\/p>\n\n\n\n<div class=\"wp-block-group is-vertical is-layout-flex wp-container-core-group-is-layout-3 wp-block-group-is-layout-flex\">\n<p><strong>The LOC can be reached at<\/strong><\/p>\n\n\n\n<div class=\"wp-block-group is-vertical is-layout-flex wp-container-core-group-is-layout-2 wp-block-group-is-layout-flex\">\n<div class=\"wp-block-group is-vertical is-layout-flex wp-container-core-group-is-layout-1 wp-block-group-is-layout-flex\">\n<p>Institute of English and American Studies \/ IfAA<\/p>\n\n\n\n<p>Universit\u00e4t Osnabr\u00fcck<\/p>\n\n\n\n<p>Neuer Graben 40<\/p>\n\n\n\n<p>49069 Osnabr\u00fcck&nbsp;<\/p>\n<\/div>\n\n\n\n<p>Germany<\/p>\n<\/div>\n<\/div>\n\n\n\n<p><\/p>\n\n\n\n<div class=\"wp-block-group is-vertical is-layout-flex wp-container-core-group-is-layout-6 wp-block-group-is-layout-flex\">\n<div class=\"wp-block-group is-vertical is-layout-flex wp-container-core-group-is-layout-4 wp-block-group-is-layout-flex\">\n<p class=\"has-medium-font-size\">SLE Conference Manager<\/p>\n\n\n\n<p>Anna Kisiel (KU Leuven)<\/p>\n\n\n\n<p class=\"has-medium-font-size\">SLE Treasurer<\/p>\n\n\n\n<p>Nikolaos Lavidas (National and Kapodistrian University of Athens)<\/p>\n\n\n\n<p class=\"has-medium-font-size\">SLE Secretary<\/p>\n\n\n\n<p>Maria Rosenberg (Ume\u00e5 University)<\/p>\n\n\n\n<p><\/p>\n\n\n\n<p><\/p>\n\n\n\n<p class=\"has-large-font-size\">Programme Committee<\/p>\n\n\n\n<p class=\"has-medium-font-size\">Chair of workshops<\/p>\n\n\n\n<p>Anetta Kopecka (Universit\u00e9 Lumi\u00e8re Lyon 2)<\/p>\n\n\n\n<p class=\"has-medium-font-size\">Chair of the general session<\/p>\n\n\n\n<p>Peter Arkadiev (University of Potsdam)<\/p>\n\n\n\n<p class=\"has-medium-font-size\">Members<\/p>\n\n\n\n<p>Anne Abeill\u00e9 (Universit\u00e9 Paris Cit\u00e9)<\/p>\n\n\n\n<p>Karin Aijmer (University of Gothenburg)<\/p>\n\n\n\n<p>Pius Wuchu Akumbu (CNRS)<\/p>\n\n\n\n<p>Marc Allassonni\u00e8re-Tang (CNRS, Mus\u00e9um National d\u2019Histoire Naturelle)<\/p>\n\n\n\n<p>Shanley Allen (University of Kaiserslautern)<\/p>\n\n\n\n<p>Reili Argus (Tallinn University)<\/p>\n\n\n\n<p>Peter Arkadiev (University of Potsdam)<\/p>\n\n\n\n<p>Gilles Authier (EPHE)<\/p>\n\n\n\n<p>Jacob Ayers (University of Zurich)<\/p>\n\n\n\n<p>Anthony Backhouse (Hokkaido University)<\/p>\n\n\n\n<p>Lucie Barque (Universit\u00e9 Sorbonne Paris Nord)<\/p>\n\n\n\n<p>J\u00f3hanna Bar\u00f0dal (Ghent University)<\/p>\n\n\n\n<p>Dorothee Beermann (Norwegian University of Science and Technology)<\/p>\n\n\n\n<p>Antonio Ben\u00edtez-Burraco (University of Seville)<\/p>\n\n\n\n<p>Henrik Bergqvis (University of Gothenburg)<\/p>\n\n\n\n<p>Alex Bergs (Osnabr\u00fcck University)<\/p>\n\n\n\n<p>Theresa Biberauer (Cambridge University, University of Stellenbosch)<\/p>\n\n\n\n<p>Walter Bisang (University of Mainz)<\/p>\n\n\n\n<p>Anna Bondaruk (John Paul II Catholic University of Lublin)<\/p>\n\n\n\n<p>Tom Bossuyt (Ghent University)<\/p>\n\n\n\n<p>Kasper Boye (University of Copenhagen)<\/p>\n\n\n\n<p>Andrea Briglia (UMR LPP &#8211; CNRS &#8211; Sorbonne Nouvelle)<\/p>\n\n\n\n<p>Antoni Brosa-Rodr\u00edguez (Universitat Rovira i Virgili)<\/p>\n\n\n\n<p>Dunstan Brown (University of York)<\/p>\n\n\n\n<p>Wayles Browne (Cornell University)<\/p>\n\n\n\n<p>Gabriela B\u00eelb\u00eeie (Universit\u00e9 Paris 7)<\/p>\n\n\n\n<p>Anne Carlier (Sorbonne University)<\/p>\n\n\n\n<p>Michela Cennamo (University of Naples Federico II)<\/p>\n\n\n\n<p>Roxana-Stela Ciol\u0103neanu (Faculdade de Letras da Universidade de Lisboa)<\/p>\n\n\n\n<p>Luca Ciucci (University of Passau)<\/p>\n\n\n\n<p>Bert Cornillie (KU Leuven)<\/p>\n\n\n\n<p>Denis Creissels (CNRS, Laboratoire Dynamique du Langage\/Universit\u00e9 Lyon 2)<\/p>\n\n\n\n<p>Sonia Cristofaro (Sorbonne Universit\u00e9)<\/p>\n\n\n\n<p>Sandra Cronhamn (Lund University\/University of Copenhagen)<\/p>\n\n\n\n<p>Pierluigi Cuzzolin (University of Bergamo)<\/p>\n\n\n\n<p>Yanis da Cunha (University of Graz)<\/p>\n\n\n\n<p>Sonja Dahlgren (University of Helsinki)<\/p>\n\n\n\n<p>Michael Daniel (University of Jena)<\/p>\n\n\n\n<p>Andriy Danylenko (Pace University)<\/p>\n\n\n\n<p>Victoria Da Rold Franco (&nbsp;Osnabr\u00fcck&nbsp;University)<\/p>\n\n\n\n<p>Liesbeth Degand (University of Louvain)<\/p>\n\n\n\n<p>Nicole Delbecque (KU Leuven)<\/p>\n\n\n\n<p>Francesca Dell&#8217;Oro (University of Bologna) <\/p>\n\n\n\n<p>Patrick Dendale (University of Antwerp)<\/p>\n\n\n\n<p>Camille Denizot (Paris Nanterre University)<\/p>\n\n\n\n<p>Bianca Maria De Paolis (Universit\u00e0 di Torino)<\/p>\n\n\n\n<p>Hendrik De Smet (KU Leuven)<\/p>\n\n\n\n<p>Isabeau De Smet (KU Leuven)<\/p>\n\n\n\n<p>Gert De Sutter (University of Ghent)<\/p>\n\n\n\n<p>Giuseppina di Bartolo (University of Salento)<\/p>\n\n\n\n<p>Francesca Di Garbo (CNRS)<\/p>\n\n\n\n<p>Nina Dobrushina (National Research University Higher School of Economics)<\/p>\n\n\n\n<p>Adina Dragomirescu (Institute of Linguistics Iorgu Iordan \u2013 Al. Rosetti, Bucharest)<\/p>\n\n\n\n<p>Patrick Duffley (Laval University)<\/p>\n\n\n\n<p>Maia Duguine (CNRS)<\/p>\n\n\n\n<p>Olivier Dupl\u00e2tre (Sorbonne University)<\/p>\n\n\n\n<p>Andr\u00e9s Enrique-Arias (University of the Balearic Islands)<\/p>\n\n\n\n<p>Michael Yoshitaka Erlewine (University of Helsinki \/ National University of Singapore)<\/p>\n<\/div>\n\n\n\n<p>Victoria Escandell-Vidal (Universidad Complutense de Madrid)<\/p>\n\n\n\n<p>Bruno Estigarribia (UNC) <\/p>\n\n\n\n<p>Urtzi Etxeberria (CNRS-IKER)<\/p>\n\n\n\n<div class=\"wp-block-group is-vertical is-layout-flex wp-container-core-group-is-layout-5 wp-block-group-is-layout-flex\">\n<p>Ricardo Etxepare (CNRS)<\/p>\n\n\n\n<p>Thorhallur Eythorsson (University of Iceland)<\/p>\n\n\n\n<p>Teresa Fanego (University of Santiago de Compostela)<\/p>\n\n\n\n<p>L\u00e1szl\u00f3 Fejes (ELTE Research Centre for Linguistics)<\/p>\n\n\n\n<p>Maria Flaksman (Otto-Friedrich University of Bamberg)<\/p>\n\n\n\n<p>Ad Foolen (Radboud University Nijmegen)<\/p>\n\n\n\n<p>Mart\u00edn Fuchs (Freien Universit\u00e4t Berlin)<\/p>\n\n\n\n<p>Livio Gaeta (University of Turin)<\/p>\n\n\n\n<p>Daniel Garc\u00eda Velasco (University of Oviedo)<\/p>\n\n\n\n<p>Caroline Gentens (KU Leuven)<\/p>\n\n\n\n<p>Michalis Georgiafentis (National and Kapodistrian University of Athens)<\/p>\n\n\n\n<p>Chiara Gianollo (University of Bologna)<\/p>\n\n\n\n<p>Spike Gildea (University of Oregon)<\/p>\n\n\n\n<p>Alessandra Giorgi (University of Venice)<\/p>\n\n\n\n<p>Lenore Grenoble (University of Chicago)<\/p>\n\n\n\n<p>Eitan Grossman (Hebrew University)<\/p>\n\n\n\n<p>Ekaterina Gruzdeva (Academy of Finland, University of Helsinki)<\/p>\n\n\n\n<p>Karolina Grzech (Universitat Pompeu Fabra)<\/p>\n\n\n\n<p>Eva Haji\u010dov\u00e1 (Charles University in Prague)<\/p>\n\n\n\n<p>Camiel Hamans (Adam Mickiewicz University in Pozna\u0144)<\/p>\n\n\n\n<p>Martin Haspelmath (MPI-SHH Leipzig)<\/p>\n\n\n\n<p>Nabil Hathout (Universit\u00e9 Toulouse)<\/p>\n\n\n\n<p>Katharina Haude (CNRS)<\/p>\n\n\n\n<p>Dag Haug (University of Oslo)<\/p>\n\n\n\n<p>Lars Hellan (NTNU Trondheim)<\/p>\n\n\n\n<p>Katrin Hiietam (UCL)<\/p>\n\n\n\n<p>Eugen Hill (Universit\u00e4t zu K\u00f6ln)<\/p>\n\n\n\n<p>Hans Henrich Hock (University of Illinois at Urbana-Champaign)<\/p>\n\n\n\n<p>Katherine Hodgson (University of Cambridge)<\/p>\n\n\n\n<p>Thomas Hoffmann&nbsp;(KU Eichst\u00e4tt-Ingolstadt)<\/p>\n\n\n\n<p>Uri Horesh (University of St Andrews)<\/p>\n\n\n\n<p>Guglielmo Inglese (University of Turin)<\/p>\n\n\n\n<p>Aritz Irurtzun (CNRS-IKER)<\/p>\n\n\n\n<p>Farhat Jabeen (Bielefeld University)<\/p>\n\n\n\n<p>Daniela Jezic (University of Rijeka)<\/p>\n\n\n\n<p>Mar\u00eda Isabel Jim\u00e9nez (Universidad Aut\u00f3noma de Madrid)<\/p>\n\n\n\n<p>Nina Julich-Warpakowski (University of Erfurt)<\/p>\n\n\n\n<p>\u0141ukasz J\u0119drzejowski (University of Agder)<\/p>\n\n\n\n<p>Andra Kalna\u010da (University of Latvia, Riga)<\/p>\n\n\n\n<p>Elisabeth Kerr (Ghent University)<\/p>\n\n\n\n<p>Maria Khachaturyan (University of Helsinki)<\/p>\n\n\n\n<p>Olesya Khanina (University of Helsinki)<\/p>\n\n\n\n<p>Anna Kisiel (KU Leuven)<\/p>\n\n\n\n<p>Katalin \u00c9. Kiss (Research Institute for Linguistics of the Hungarian Academy)<\/p>\n\n\n\n<p>Seppo Kittila (University of Helsinki)<\/p>\n\n\n\n<p>Matthias Klumm (University of Augsburg)<\/p>\n\n\n\n<p>Ekkehard Koenig (FU Berlin)<\/p>\n\n\n\n<p>Anetta Kopecka (CNRS)<\/p>\n\n\n\n<p>Maria Koptjevskaja Tamm (Stockholm University)<\/p>\n\n\n\n<p>Agnes Korn (CNRS)<\/p>\n\n\n\n<p>Natalie Korobzow (Max Planck Institute for Evolutionary Anthropology Leipzig)<\/p>\n\n\n\n<p>L\u00edvia K\u00f6rtv\u00e9lyessy (P. J. \u0160af\u00e1rik University in Ko\u0161ice)<\/p>\n\n\n\n<p>Olga Krasnoukhova (Leiden University)<\/p>\n\n\n\n<p>Franti\u0161ek Kratochv\u00edl (Palack\u00fd University Olomouc)<\/p>\n\n\n\n<p>Martin K\u00fcmmel (Friedrich Schiller University Jena)<\/p>\n\n\n\n<p>Natalia Kuznetsova (Universit\u00e0 Cattolica del Sacro Cuore)<\/p>\n\n\n\n<p>Ezra la Roi (Gent University)<\/p>\n\n\n\n<p>Christine Lamarre (INALCO, laboratoire CRLAO)<\/p>\n\n\n\n<p>Renee Lambert-Bretiere (University of Maryland)<\/p>\n\n\n\n<p>Nikolaos Lavidas (National and Kapodistrian University of Athens)<\/p>\n\n\n\n<p>Beno\u00eet Leclercq (Universit\u00e9 de Lille)<\/p>\n\n\n\n<p>Adam Ledgeway (University of Bergamo)<\/p>\n\n\n\n<p>Diana Lewis (Aix Marseille University)<\/p>\n\n\n\n<p>Guido Linders (University of Zurich)<\/p>\n\n\n\n<p>Maria-Rosa Lloret (University of Barcelona)<\/p>\n\n\n\n<p>Cornelia Loos (Universit\u00e4t Hamburg)<\/p>\n\n\n\n<p>Dana Louagie (U Li\u00e8ge)<\/p>\n\n\n\n<p>Luc\u00eda Loureiro-Porto (University of the Balearic Islands)<\/p>\n\n\n\n<p>Diego Luinetti (l\u2019Universit\u00e0 degli Studi \u201cGuglielmo Marconi\u201d)<\/p>\n\n\n\n<p>Silvia Luraghi (University of Pavia)<\/p>\n\n\n\n<p>Ana Lu\u00eds (University of Coimbra)<\/p>\n\n\n\n<p>John Mansfield (Universit\u00e4t Z\u00fcrich)<\/p>\n\n\n\n<p>Viviana Masia (Universit\u00e0 RomaTre)<\/p>\n\n\n\n<p>Francesca Masini (University of Bologna)<\/p>\n\n\n\n<p>Dejan Matic (University of M\u00fcnster)<\/p>\n\n\n\n<p>Simone Mattiola (University of Pavia)<\/p>\n\n\n\n<p>Eric M\u00e9lac (Universit\u00e9 Paul Val\u00e9ry Montpellier 3)<\/p>\n\n\n\n<p>Helle Metslang (University of Tartu)<\/p>\n\n\n\n<p>Machteld Meulleman (Universit\u00e9 de Reims Champagne-Ardenne)<\/p>\n\n\n\n<p>Matti Miestamo (University of Helsinki)<\/p>\n\n\n\n<p>George Mikros (National and Kapodistrian University of Athens)<\/p>\n\n\n\n<p>Marie Mikulov\u00e1 (Charles University)<\/p>\n\n\n\n<p>Maja Mili\u010devi\u0107 Petrovi\u0107 (University of Bologna)<\/p>\n\n\n\n<p>Marianne Mithun (University of California, Santa Barbara)<\/p>\n\n\n\n<p>Liljana Mitkovska (FON University)<\/p>\n\n\n\n<p>Pierre-Yves Modicom (Universit\u00e9 Jean Moulin Lyon 3)<\/p>\n\n\n\n<p>Edith Moravcsik (University of Wisconsin-Milwaukee)<\/p>\n\n\n\n<p>Nicola Munaro (Ca\u2019 Foscari University of Venice)<\/p>\n\n\n\n<p>Renate Musan (Osnabr\u00fcck University)<\/p>\n\n\n\n<p>Akiko Nagano (University of Shizuoka)<\/p>\n\n\n\n<p>Maria Napoli (University of Eastern Piedmont)<\/p>\n\n\n\n<p>Alexandru Nicolae (Institute of Linguistics, Bucharest)<\/p>\n\n\n\n<p>Peter Juul Nielsen (University of Southern Denmark)<\/p>\n\n\n\n<p>Kiki Nikiforidou (University of Athens)<\/p>\n\n\n\n<p>Tatiana Nikitina (CNRS)<\/p>\n\n\n\n<p>Yoko Nishina (Hiroshima University)<\/p>\n\n\n\n<p>Remo Nitschke (University of Zurich)<\/p>\n\n\n\n<p>Maryam Nourzaei (Uppsala University)<\/p>\n\n\n\n<p>Jan Nuyts (University of Antwerp)<\/p>\n\n\n\n<p>Marc Olivier (University of Oxford)<\/p>\n\n\n\n<p>Tania Paciaroni (University of Zurich)<\/p>\n\n\n\n<p>Karl Pajusalu (University of Tartu)<\/p>\n\n\n\n<p>Brigitte Pakendorf (DDL, CNRS &amp; Universit\u00e9 Lyon Lumi\u00e8re 2)<\/p>\n\n\n\n<p>Marco Passarotti (Catholic University of the Sacred Heart)<\/p>\n\n\n\n<p>Adeline Patard (Universit\u00e9 de Caen Normandie)<\/p>\n\n\n\n<p>Theodossia-Soula Pavlidou (Aristotle University of Thessaloniki)<\/p>\n\n\n\n<p>Katia Paykin (Laboratoire STL\/Universit\u00e9 de Lille)<\/p>\n\n\n\n<p>Thomas Payne (University of Oregon)<\/p>\n\n\n\n<p>Naomi Peck (University of Freiburg)<\/p>\n\n\n\n<p>Fran\u00e7ois Pellegrino (CNRS, Laboratoire Dynamique du Langage\/Universit\u00e9 Lyon 2)<\/p>\n\n\n\n<p>Vladimir Plungian (Institute of Linguistics RAS)<\/p>\n\n\n\n<p>Katja Politt (Rostock University; Bielefeld University)<\/p>\n\n\n\n<p>Rodrigo P\u00e9rez-Lorido (University of Oviedo)<\/p>\n\n\n\n<p>Angela Ralli (University of Patras)<\/p>\n\n\n\n<p>Natascha Raue (Osnabrueck University)<\/p>\n\n\n\n<p>Tabea Reiner (LMU Munich)<\/p>\n\n\n\n<p>Uta Rein\u00f6hl (University of Freiburg)<\/p>\n\n\n\n<p>Eric Reuland (Utrecht University)<\/p>\n\n\n\n<p>Nikolaus Ritt (University of Vienna)<\/p>\n\n\n\n<p>Neige Rochant (University of Lausanne)<\/p>\n\n\n\n<p>Cilene Rodrigues (Pontifical Catholic University of Rio de Janeiro)<\/p>\n\n\n\n<p>Susana Rodr\u00edguez Rosique (University of Alicante)<\/p>\n\n\n\n<p>Maria Rosenberg (Ume\u00e5 university)<\/p>\n\n\n\n<p>Jorge Emilio Ros\u00e9s Labrada (University of Alberta)<\/p>\n\n\n\n<p>Anna Roussou (University of Patras)<\/p>\n\n\n\n<p>Francisco Ruiz de Mendoza Ib\u00e1\u00f1ez (University of La Rioja)<\/p>\n\n\n\n<p>Cinzia Russi (The University of Texas at Austin)<\/p>\n\n\n\n<p>Iker Salaberri (University of the Basque Country (UPV\/EHU))<\/p>\n\n\n\n<p>Andrea Sans\u00f2 (University of Insubria)<\/p>\n\n\n\n<p>Barbara Schl\u00fccker (Leipzig University)<\/p>\n\n\n\n<p>Stephan Schmid (University of Zurich)<\/p>\n\n\n\n<p>Jennifer Schumann (University of Fribourg)<\/p>\n\n\n\n<p>Timo Sch\u00fcrmann (Osnabr\u00fcck University)<\/p>\n\n\n\n<p>Petra Sleeman (University of Amsterdam)<\/p>\n\n\n\n<p>Elena Smirnova (University of Neuch\u00e2tel)<\/p>\n\n\n\n<p>Augusto Soares Da Silva (Catholic University of Portugal)<\/p>\n\n\n\n<p>Piotr Sobotka (Instytut Slawistyki, Warsaw)<\/p>\n\n\n\n<p>Barbara Sonnenhauser (LMU Munich)<\/p>\n\n\n\n<p>Camil Staps (Leibniz-Zentrum Allgemeine Sprachwissenschaft (ZAS))<\/p>\n\n\n\n<p>Sabine Stoll (University of Zurich)<\/p>\n\n\n\n<p>Ana Stulic (Bordeaux Montaigne University)<\/p>\n\n\n\n<p>Cristina Suarez-Gomez (University of the Balearic Islands)<\/p>\n\n\n\n<p>Magda \u0160ev\u010d\u00edkov\u00e1 (Charles University in Prague)<\/p>\n\n\n\n<p>Inesa \u0160e\u0161kauskien\u0117 (Vilnius University)<\/p>\n\n\n\n<p>Denys Teptiuk (University of Tartu)<\/p>\n\n\n\n<p>Beata Trawinski (IDS Mannheim)<\/p>\n\n\n\n<p>Yvonne Treis (CNRS-LLACAN)<\/p>\n\n\n\n<p>Jarmila T\u00e1rnyikov\u00e1 (Palack\u00fd University in Olomouc)<\/p>\n\n\n\n<p>Matthias Urban (CNRS)<\/p>\n\n\n\n<p>Johan van der Auwera (University of Antwerp)<\/p>\n\n\n\n<p>Thomas Van Hoey (KU Leuven)<\/p>\n\n\n\n<p>An Van Linden (University of Li\u00e8ge)<\/p>\n\n\n\n<p>Daniel Van Olmen (Lancaster University)<\/p>\n\n\n\n<p>Guido Vanden Wyngaerd (KU Leuven)<\/p>\n\n\n\n<p>Rossella Varvara (University of Fribourg)<\/p>\n\n\n\n<p>Arie Verhagen (Leiden University Centre for Linguistics)<\/p>\n\n\n\n<p>Anna Verschik (Tallinn University)<\/p>\n\n\n\n<p>Jean-Christophe Verstraete (KU Leuven)<\/p>\n\n\n\n<p>Letizia Vezzosi (University of Florence)<\/p>\n\n\n\n<p>Nigel Vincent (The University of Manchester)<\/p>\n\n\n\n<p>Ferdinand von Mengden (Freie Universit\u00e4t Berlin)<\/p>\n\n\n\n<p>Valentin Vydrin (INALCO-LLACAN)<\/p>\n\n\n\n<p>Max Wahlstr\u00f6m (University of Helsinki)<\/p>\n\n\n\n<p>Gerry Wakker (University of Groningen)<\/p>\n\n\n\n<p>George Walkden (University of Konstanz)<\/p>\n\n\n\n<p>S\u00f8ren Wichmann (Leiden University)<\/p>\n\n\n\n<p>Bjoern Wiemer (Johannes Gutenberg University Mainz)<\/p>\n\n\n\n<p>Niklas Wiskandt (Heinrich-Heine-Universit\u00e4t D\u00fcsseldorf)<\/p>\n\n\n\n<p>Jacek Witkos (Adam Mickiewicz University in Pozna\u0144)<\/p>\n\n\n\n<p>Alena Witzlack-Makarevich (University of Kiel)<\/p>\n\n\n\n<p>Magdalena Wrembel (Adam Mickiewicz University in Pozna\u0144)<\/p>\n\n\n\n<p>Il-Il Yatziv-Malibert (INALCO)<\/p>\n\n\n\n<p>Chingduang Yurayong (University of Helsinki)<\/p>\n\n\n\n<p>Jelena Zivojinovic (University of Graz)<\/p>\n\n\n\n<p>Sylwiusz Zychlinski (Adam Mickiewicz University)<\/p>\n<\/div>\n<\/div>\n\n\n\n<div class=\"wp-block-group is-vertical is-layout-flex wp-container-core-group-is-layout-7 wp-block-group-is-layout-flex\">\n<p class=\"has-text-align-left has-grey-extra-light-background-color has-background wp-container-content-1\">The address of the venue is<\/p>\n\n\n\n<p>Universit\u00e4t Osnabr\u00fcck<\/p>\n\n\n\n<p>Neuer Graben 29 \/Schloss&nbsp;<\/p>\n\n\n\n<p>49074 Osnabr\u00fcck&nbsp;<\/p>\n\n\n\n<p>Germany<\/p>\n<\/div>\n\n\n\n<p><\/p>\n\n\n\n<p><\/p>\n\n\n\n<p><\/p>\n","protected":false},"excerpt":{"rendered":"<p>Organising Committee Chair of the local organising committee Alexander Bergs Other members of the Local Organising Committee Kim-Kristin Droste&nbsp;\u25aa&nbsp;Lara H\u00f6ttecke\u25aa&nbsp;Meike Pentrel&nbsp;\u25aa&nbsp;Alina Bachmann&nbsp;\u25aa&nbsp;Oliver Ehmer&nbsp;\u25aa&nbsp;Sophie Ells\u00e4\u00dfer&nbsp;\u25aa&nbsp;Hannah Koch&nbsp;\u25aaJanina Kunert\u25aa&nbsp;Marius M\u00fcller&nbsp;\u25aa&nbsp;Renate Musan&nbsp;\u25aa Laura-Katrin Nelles&nbsp;\u25aa Nathalie Nicolay&nbsp;\u25aa&nbsp;Katharina Nimz&nbsp;\u25aa&nbsp;Aline Ohlmeier-Werner&nbsp;\u25aa&nbsp;Helena Olfert&nbsp;\u25aa&nbsp;Natascha Raue&nbsp;\u25aa Michael Redmond&nbsp;\u25aaVictoria Da Rold Franco&nbsp;\u25aa&nbsp;Stefan Tr\u00f6ster-Mutz&nbsp;\u25aa&nbsp;Ina Westermeyer The LOC can be reached at Institute of English and American Studies [&hellip;]<\/p>\n","protected":false},"author":15,"featured_media":0,"parent":0,"menu_order":0,"comment_status":"closed","ping_status":"closed","template":"","meta":{"_acf_changed":false,"footnotes":""},"class_list":["post-33","page","type-page","status-publish","hentry"],"acf":[],"_links":{"self":[{"href":"https:\/\/societaslinguistica.eu\/sle2026\/wp-json\/wp\/v2\/pages\/33"}],"collection":[{"href":"https:\/\/societaslinguistica.eu\/sle2026\/wp-json\/wp\/v2\/pages"}],"about":[{"href":"https:\/\/societaslinguistica.eu\/sle2026\/wp-json\/wp\/v2\/types\/page"}],"author":[{"embeddable":true,"href":"https:\/\/societaslinguistica.eu\/sle2026\/wp-json\/wp\/v2\/users\/15"}],"replies":[{"embeddable":true,"href":"https:\/\/societaslinguistica.eu\/sle2026\/wp-json\/wp\/v2\/comments?post=33"}],"version-history":[{"count":14,"href":"https:\/\/societaslinguistica.eu\/sle2026\/wp-json\/wp\/v2\/pages\/33\/revisions"}],"predecessor-version":[{"id":237,"href":"https:\/\/societaslinguistica.eu\/sle2026\/wp-json\/wp\/v2\/pages\/33\/revisions\/237"}],"wp:attachment":[{"href":"https:\/\/societaslinguistica.eu\/sle2026\/wp-json\/wp\/v2\/media?parent=33"}],"curies":[{"name":"wp","href":"https:\/\/api.w.org\/{rel}","templated":true}]}}