{"id":266,"date":"2026-04-20T09:02:54","date_gmt":"2026-04-20T07:02:54","guid":{"rendered":"https:\/\/societaslinguistica.eu\/sle2026\/?page_id=266"},"modified":"2026-04-20T09:02:54","modified_gmt":"2026-04-20T07:02:54","slug":"venue","status":"publish","type":"page","link":"https:\/\/societaslinguistica.eu\/sle2026\/venue\/","title":{"rendered":"Venue"},"content":{"rendered":"\n<p class=\"has-white-color has-purple-background-color has-text-color has-background has-link-color has-medium-font-size wp-elements-9f6c04e766b32553d6019067a1b10db6\"><strong>Conference venue<\/strong><\/p>\n\n\n\n<p>All activities of the SLE annual meeting in Osnabr\u00fcck will be held on the city center campus of Osnabr\u00fcck University.<\/p>\n\n\n\n<p>Most events, i.e. general sessions and workshops, the members\u2019 meeting, the closing session, as well as the coffee breaks, will take place in <strong>Building 15<\/strong> (Seminarstra\u00dfe 20). This is also where to find the <strong>registration desk<\/strong> and student helpers who will be happy to assist.<\/p>\n\n\n\n<p>Awards will be presented in the distinctive yellow <strong>Schloss\/Bishop\u2019s Palace<\/strong> in <strong>Building 11<\/strong> (Neuer Graben 29), right across Building 15. Weather permitting, the welcome reception will be held on the terrace of the Bishop\u2019s Palace, overlooking the palace garden.<\/p>\n\n\n\n<p>The opening session and plenary sessions will take place in <strong>Building 01<\/strong> (Kolpingstra\u00dfe 7), which is across the street from Building 15.<\/p>\n\n\n\n<p>Lunch will be served in the <strong>cafeteria<\/strong> (M, Ritterstra\u00dfe 10) behind Building 15.<\/p>\n\n\n\n<figure class=\"wp-block-image size-large\"><img loading=\"lazy\" decoding=\"async\" width=\"744\" height=\"768\" src=\"https:\/\/societaslinguistica.eu\/sle2026\/wp-content\/uploads\/sites\/9\/2026\/04\/campus-UOS-744x768.jpg\" alt=\"\" class=\"wp-image-263\" srcset=\"https:\/\/societaslinguistica.eu\/sle2026\/wp-content\/uploads\/sites\/9\/2026\/04\/campus-UOS-744x768.jpg 744w, https:\/\/societaslinguistica.eu\/sle2026\/wp-content\/uploads\/sites\/9\/2026\/04\/campus-UOS-558x576.jpg 558w, https:\/\/societaslinguistica.eu\/sle2026\/wp-content\/uploads\/sites\/9\/2026\/04\/campus-UOS-768x792.jpg 768w, https:\/\/societaslinguistica.eu\/sle2026\/wp-content\/uploads\/sites\/9\/2026\/04\/campus-UOS-1489x1536.jpg 1489w, https:\/\/societaslinguistica.eu\/sle2026\/wp-content\/uploads\/sites\/9\/2026\/04\/campus-UOS-465x480.jpg 465w, https:\/\/societaslinguistica.eu\/sle2026\/wp-content\/uploads\/sites\/9\/2026\/04\/campus-UOS-962x992.jpg 962w, https:\/\/societaslinguistica.eu\/sle2026\/wp-content\/uploads\/sites\/9\/2026\/04\/campus-UOS-1939x2000.jpg 1939w, https:\/\/societaslinguistica.eu\/sle2026\/wp-content\/uploads\/sites\/9\/2026\/04\/campus-UOS.jpg 1955w\" sizes=\"(max-width: 744px) 92vw, 744px\" \/><\/figure>\n\n\n\n<p>Please see the following website more information and an interactive campus map:<\/p>\n\n\n\n<p id=\"block-f3b2ae49-5c47-43da-be72-36a75ba32634\"><a href=\"https:\/\/www.uni-osnabrueck.de\/en\/university\/maps-and-arrival\">https:\/\/www.uni-osnabrueck.de\/en\/university\/maps-and-arrival<\/a><\/p>\n\n\n\n<p class=\"has-white-color has-purple-background-color has-text-color has-background has-link-color has-medium-font-size wp-elements-e57b33b24bf354e6ad69cb8f2abc20dd\" id=\"block-f3b2ae49-5c47-43da-be72-36a75ba32634\"><strong>How to get to Osnabr\u00fcck<\/strong><\/p>\n\n\n\n<p><strong>By train<\/strong><\/p>\n\n\n\n<p>Osnabr\u00fcck is well-connected to both the short-distance and the long-distance train network. Find a suitable train connection on the Deutsche Bahn website: <a href=\"https:\/\/int.bahn.de\/en\">https:\/\/int.bahn.de\/en<\/a>. The main station (Osnabr\u00fcck Hbf) is only a 20 minutes&#8217; walk (or a short bus ride) away from the conference venue and the city center.<\/p>\n\n\n\n<p>Please be aware that Deutsche Bahn, the German railway network, is currently experiencing irregularities and reduced performance. Please allow extra time for any train connections.<\/p>\n\n\n\n<p><strong>By car<\/strong><\/p>\n\n\n\n<p>You can reach Osnabr\u00fcck by car via the A1, the A30 and the A33.<\/p>\n\n\n\n<p><strong>By plane<\/strong><\/p>\n\n\n\n<p>The airports closest to Osnabr\u00fcck are M\u00fcnster\/Osnabr\u00fcck (FMO), Bremen (BRE), Hannover (HAJ), Hamburg (HAM), D\u00fcsseldorf (DUS), K\u00f6ln\/Bonn (CGN), Frankfurt (FRA) and Amsterdam Schiphol (AMS, Netherlands). The airports in D\u00fcsseldorf and Frankfurt have train stations with direct connections to Osnabr\u00fcck main station. For the remaining cities, there are regular train connections to Osnabr\u00fcck, but you will have to get a transfer to the cities\u2019 main train station. There is no direct bus transfer from M\u00fcnster\/Osnabr\u00fcck (FMO) to Osnabr\u00fcck; transfer only via M\u00fcnster Central Station.<\/p>\n\n\n\n<p>For transfers from Frankfurt (FRA) and Amsterdam (AMS), we would advise against relying on the last scheduled train of the day for onward travel. Late-night services may be cancelled or delayed, which could leave you stranded.<\/p>\n\n\n\n<p id=\"block-f3b2ae49-5c47-43da-be72-36a75ba32634\">For more information, see <a href=\"https:\/\/erleben.osnabrueck.de\/en\/arrive\/\">https:\/\/erleben.osnabrueck.de\/en\/arrive\/yaq<\/a><\/p>\n\n\n\n<p class=\"has-white-color has-purple-background-color has-text-color has-background has-link-color has-medium-font-size wp-elements-19bb7655fd369fedce46b323feac3abf\" id=\"block-572fe698-d9f4-43b9-97b2-683f16bf9fee\"><strong>Accommodation<\/strong><\/p>\n\n\n\n<p><strong>Recommended hotels in Osnabr\u00fcck with prebooked rooms<\/strong><\/p>\n\n\n\n<p>We have reserved a number of rooms at special rates for participants of the 59<sup>th<\/sup> Annual Meeting of the Societas Linguistica Europaea at Osnabr\u00fcck University. You may use the following reservation links to book your accommodation: <a href=\"https:\/\/web5.deskline.net\/OSNABRUECK\/42926f08-27dc-424c-b56f-b06b48e045f5\/de\/unterkuenfte?p=1\">https:\/\/web5.deskline.net\/OSNABRUECK\/42926f08-27dc-424c-b56f-b06b48e045f5\/de\/unterkuenfte?p=1<\/a><\/p>\n\n\n\n<p>Simply enter your date of arrival as well as your date of departure and then choose your preferred hotel option. In your booking, please refer to the keyword \u201c59<sup>th<\/sup> Annual Meeting of the Societas Linguistica Europaea\u201d in the message field. You may also book a room via email or by phone.<\/p>\n\n\n\n<p>Once completed, you will receive a booking confirmation via email. If you have any questions or require assistance, please do not hesitate to contact the team of the local convention bureau \u2013 Tagungsservice Osnabr\u00fcck.<\/p>\n\n\n\n<div class=\"wp-block-group is-vertical is-layout-flex wp-container-core-group-is-layout-1 wp-block-group-is-layout-flex\">\n<p><strong>Contact information<\/strong><\/p>\n\n\n\n<p>Tagungsservice Osnabr\u00fcck | Tourismusgesellschaft Osnabr\u00fccker Land mbH<\/p>\n\n\n\n<p>Herrenteichsstr. 17+18<\/p>\n\n\n\n<p>49074 Osnabr\u00fcck<\/p>\n\n\n\n<p>Tel: +49 541 323 4567<\/p>\n<\/div>\n\n\n\n<p>Email: <a href=\"mailto:reiseservice@osnabruecker-land.de\">reiseservice@osnabruecker-land.de<\/a><\/p>\n\n\n\n<p>Please be aware that all prebooked rooms must be reserved exclusively through the Osnabr\u00fcck Convention Bureau using the link above.<\/p>\n\n\n\n<p>All of the hotels below have prebooked rooms for conference participants. All hotels, except where indicated otherwise, are within 5-20 minutes walking distance to the venue.<\/p>\n\n\n\n<p class=\"has-grey-extra-light-background-color has-background\"><strong>Hotel B&amp;B Osnabr\u00fcck [c. 20mins, simple, but decent, near the central station]<\/strong><\/p>\n\n\n\n<p>Hamburger Str. 10, 49084 Osnabr\u00fcck<\/p>\n\n\n\n<p>Single room: \u20ac110 \/ Double room: \u20ac120<\/p>\n\n\n\n<p>Quota expires on 28.07.2026<\/p>\n\n\n\n<p class=\"has-grey-extra-light-background-color has-background\"><strong>Best Western Hotel Hohenzollern****[c. 15mins, very good business hotel, opposite the central station]<\/strong><\/p>\n\n\n\n<p>Theodor-Heuss-Platz 5, 49074 Osnabr\u00fcck<\/p>\n\n\n\n<p>Single room: \u20ac115 \/ Double room: \u20ac125<\/p>\n\n\n\n<p>Quota expires on 03.07.2026<\/p>\n\n\n\n<p class=\"has-grey-extra-light-background-color has-background\"><strong>Dom-Hotel Osnabr\u00fcck [c. 15mins, smallish but nice hotel near the old city]<\/strong><\/p>\n\n\n\n<p>Kleine Domsfreiheit 5, 49074 Osnabr\u00fcck<\/p>\n\n\n\n<p>Single room: \u20ac94 \/ Double room: \u20ac155; breakfast included<\/p>\n\n\n\n<p>Quota expires on 03.07.2026<\/p>\n\n\n\n<p class=\"has-grey-extra-light-background-color has-background\"><strong>Holiday Inn Osnabr\u00fcck [c. 15mins, new business hotel in an industrial part of town]<\/strong><\/p>\n\n\n\n<p>Niedersachsenstra\u00dfe 5, 49074 Osnabr\u00fcck<\/p>\n\n\n\n<p>Single room: \u20ac141 \/ Double room: \u20ac163; breakfast included<\/p>\n\n\n\n<p>Quota expires on 25.07.2026<\/p>\n\n\n\n<p class=\"has-grey-extra-light-background-color has-background\"><strong>Romantik Hotel Walhalla**** [c. 15mins, oldest hotel in town, opposite the town hall in the old city]<\/strong><\/p>\n\n\n\n<p>Kleine Gildewart 11, 49074 Osnabr\u00fcck<\/p>\n\n\n\n<p>Single room: \u20ac119 \/ Double room: \u20ac129<\/p>\n\n\n\n<p>Quota expires on 30.06.2026<\/p>\n\n\n\n<p class=\"has-grey-extra-light-background-color has-background\"><strong>Hotel Westerkamp [slightly older but decent business hotel, suburbian; not within walking distance to the conference venue]<\/strong><\/p>\n\n\n\n<p>Bremer Str. 120, 49084 Osnabr\u00fcck<\/p>\n\n\n\n<p>Single room: \u20ac109; breakfast included<\/p>\n\n\n\n<p>Quota expires on 30.6.2026; only available for booking period 26.-29.08.2026<\/p>\n\n\n\n<p class=\"has-grey-extra-light-background-color has-background\"><strong>Hotel Westermann**S [c. 15mins, slightly older but decent business hotel, suburbian]<\/strong><\/p>\n\n\n\n<p>Koksche Str. 1, 49080 Osnabr\u00fcck<\/p>\n\n\n\n<p>Single room: \u20ac88 \/ Double room: \u20ac123; breakfast included<\/p>\n\n\n\n<p>Quota expires on 15.07.2026<\/p>\n\n\n\n<p class=\"has-grey-extra-light-background-color has-background\"><strong>Garner Select Hotel Osnabr\u00fcck [not within walking distance to the conference venue]<\/strong><\/p>\n\n\n\n<p>Blumenhaller Weg 152, 49078 Osnabr\u00fcck<\/p>\n\n\n\n<p>Single room: \u20ac139 \/ Double room: \u20ac169; breakfast included<\/p>\n\n\n\n<p>Quota expires on 01.07.2026<\/p>\n\n\n\n<p class=\"has-grey-extra-light-background-color has-background\"><strong>Recommended hotels without prebooked rooms<\/strong><\/p>\n\n\n\n<p>The local organizers additionally recommend the following hotels in Osnabr\u00fcck. All of these hotels are within 5-15 walking minutes of the venue.<\/p>\n\n\n\n<div class=\"wp-block-group is-vertical is-layout-flex wp-container-core-group-is-layout-2 wp-block-group-is-layout-flex\">\n<p><strong>Stayery Osnabr\u00fcck City [c. 10mins, lively urban area, new business hotel, apartments with kitchenette]<\/strong><\/p>\n\n\n\n<p>Johannisstra\u00dfe 41-42, 49074 Osnabr\u00fcck<\/p>\n\n\n\n<p><a href=\"https:\/\/www.stayery.com\/en\/osnabrueck\">https:\/\/www.stayery.com\/en\/osnabrueck<\/a><\/p>\n\n\n\n<p>Prices starting at: Single room: \u20ac85 \/ Double room: \u20ac95;<\/p>\n<\/div>\n\n\n\n<div class=\"wp-block-group is-vertical is-layout-flex wp-container-core-group-is-layout-3 wp-block-group-is-layout-flex\">\n<p><strong>Prize by Raddison Osnabr\u00fcck [c. 10mins, lively urban area, new business hotel]<\/strong><\/p>\n\n\n\n<p>Johannisstra\u00dfe 41-44, 49074 Osnabr\u00fcck<\/p>\n\n\n\n<p><a href=\"https:\/\/www.radissonhotels.com\/en-us\/hotels\/prize-by-radisson-osnabruck\">https:\/\/www.radissonhotels.com\/en-us\/hotels\/prize-by-radisson-osnabruck<\/a><\/p>\n\n\n\n<p>Prices starting at: Single room: \u20ac96 \/ Double room: \u20ac101<\/p>\n<\/div>\n\n\n\n<div class=\"wp-block-group is-vertical is-layout-flex wp-container-core-group-is-layout-4 wp-block-group-is-layout-flex\">\n<p><strong>Bergmann Boardinghouse Osnabr\u00fcck [c. 10mins, right in the city center, apartments with kitchenette]<\/strong><\/p>\n\n\n\n<p>Nikolaiort 1-2, 49074 Osnabr\u00fcck<\/p>\n\n\n\n<p><a href=\"https:\/\/bergmann-boardinghouse.de\/en\/home-2\/\">https:\/\/bergmann-boardinghouse.de\/en\/home-2\/<\/a><\/p>\n\n\n\n<p>Prices starting at: Single room: \u20ac95 \/ Double room: \u20ac119<\/p>\n<\/div>\n\n\n\n<div class=\"wp-block-group is-vertical is-layout-flex wp-container-core-group-is-layout-5 wp-block-group-is-layout-flex\">\n<p><strong>Vienna House Easy Osnabr\u00fcck [c. 5 mins, very good business hotel]<\/strong><\/p>\n\n\n\n<p>Neuer Graben 39, 49074 Osnabr\u00fcck<\/p>\n\n\n\n<p><a href=\"https:\/\/www.wyndhamhotels.com\/vienna-house\/osnabrueck-germany\/vienna-house-easy-osnabruck\/overview\">https:\/\/www.wyndhamhotels.com\/vienna-house\/osnabrueck-germany\/vienna-house-easy-osnabruck\/overview<\/a><\/p>\n\n\n\n<p>Prices starting at: Single room \u20ac76 \/ Double room: \u20ac79<\/p>\n<\/div>\n\n\n\n<div class=\"wp-block-group is-vertical is-layout-flex wp-container-core-group-is-layout-6 wp-block-group-is-layout-flex\">\n<p><strong>Hotel Remarque [c. 15mins, stylish grand\/business hotel overlooking the city]<\/strong><\/p>\n\n\n\n<p>Natruper-Tor-Wall 1, 49076 Osnabr\u00fcck<\/p>\n\n\n\n<p><a href=\"https:\/\/www.hotel-remarque.de\/en\">https:\/\/www.hotel-remarque.de\/en<\/a><\/p>\n\n\n\n<p>Prices starting at: Single room: \u20ac109 \/ Double room: \u20ac129<\/p>\n<\/div>\n\n\n\n<div class=\"wp-block-group is-vertical is-layout-flex wp-container-core-group-is-layout-7 wp-block-group-is-layout-flex\">\n<p><strong>Bergmann\u2019s \u2013 Das Hotel [c. 5 mins, brand new in a very lively urban area]<\/strong><\/p>\n\n\n\n<p>Neumarkt 7A, 49074 Osnabr\u00fcck<\/p>\n\n\n\n<p><a href=\"https:\/\/www.booking.com\/hotel\/de\/bergmanns-das.de.html\">https:\/\/www.booking.com\/hotel\/de\/bergmanns-das.de.html<\/a><\/p>\n\n\n\n<p>Prices starting at: Single room \u20ac134 \/ Double room \u20ac134<\/p>\n<\/div>\n\n\n\n<div class=\"wp-block-group is-vertical is-layout-flex wp-container-core-group-is-layout-8 wp-block-group-is-layout-flex\">\n<p><strong>ibis budget Osnabr\u00fcck City [c. 15mins, opposite the station, very inexpensive, simple, but decent]<\/strong><\/p>\n\n\n\n<p>M\u00f6serstrasse 51, 49074 Osnabr\u00fcck<\/p>\n\n\n\n<p><a href=\"https:\/\/all.accor.com\/booking\/de\/ibis\/hotel\/8375?destination=49-osnabruck-germany\">https:\/\/all.accor.com\/booking\/de\/ibis\/hotel\/8375?destination=49-osnabruck-germany<\/a><\/p>\n\n\n\n<p>Prices starting at: Single room \u20ac52 \/ Double room \u20ac56<\/p>\n<\/div>\n\n\n\n<p class=\"has-white-color has-purple-background-color has-text-color has-background has-link-color has-medium-font-size wp-elements-1c3aa2e95904dce2226cb58d02d9334d\"><strong>ORGANISERS<\/strong><\/p>\n\n\n\n<p id=\"block-74f8e762-971c-41c7-bdc5-7d5d2d7d00c3\">Chair of the local organising committee: Alexander Bergs (Osnabr\u00fcck University), abergs@uos.de<\/p>\n\n\n\n<p id=\"block-9ef7e0b6-afc7-4b3a-8a66-62797880db93\">SLE Conference Manager: Anna Kisiel (KU Leuven),&nbsp;<a href=\"mailto:sle.cm@kuleuven.be\">sle.cm@kuleuven.be<\/a><\/p>\n\n\n\n<p id=\"block-ace3effd-1a2f-4880-b560-7da8b3438072\">SLE Treasurer: Nikolaos Lavidas (National and Kapodistrian University of Athens), sle.treasurer.uoa@gmail.com<\/p>\n\n\n\n<p id=\"block-ccdb6d6a-a17d-4028-9576-e99e44ce743b\">SLE Secretary: Maria Rosenberg (Ume\u00e5 University), maria.rosenberg@umu.se<\/p>\n","protected":false},"excerpt":{"rendered":"<p>Conference venue All activities of the SLE annual meeting in Osnabr\u00fcck will be held on the city center campus of Osnabr\u00fcck University. Most events, i.e. general sessions and workshops, the members\u2019 meeting, the closing session, as well as the coffee breaks, will take place in Building 15 (Seminarstra\u00dfe 20). This is also where to find [&hellip;]<\/p>\n","protected":false},"author":15,"featured_media":0,"parent":0,"menu_order":0,"comment_status":"closed","ping_status":"closed","template":"","meta":{"_acf_changed":false,"footnotes":""},"class_list":["post-266","page","type-page","status-publish","hentry"],"acf":[],"_links":{"self":[{"href":"https:\/\/societaslinguistica.eu\/sle2026\/wp-json\/wp\/v2\/pages\/266"}],"collection":[{"href":"https:\/\/societaslinguistica.eu\/sle2026\/wp-json\/wp\/v2\/pages"}],"about":[{"href":"https:\/\/societaslinguistica.eu\/sle2026\/wp-json\/wp\/v2\/types\/page"}],"author":[{"embeddable":true,"href":"https:\/\/societaslinguistica.eu\/sle2026\/wp-json\/wp\/v2\/users\/15"}],"replies":[{"embeddable":true,"href":"https:\/\/societaslinguistica.eu\/sle2026\/wp-json\/wp\/v2\/comments?post=266"}],"version-history":[{"count":1,"href":"https:\/\/societaslinguistica.eu\/sle2026\/wp-json\/wp\/v2\/pages\/266\/revisions"}],"predecessor-version":[{"id":267,"href":"https:\/\/societaslinguistica.eu\/sle2026\/wp-json\/wp\/v2\/pages\/266\/revisions\/267"}],"wp:attachment":[{"href":"https:\/\/societaslinguistica.eu\/sle2026\/wp-json\/wp\/v2\/media?parent=266"}],"curies":[{"name":"wp","href":"https:\/\/api.w.org\/{rel}","templated":true}]}}