{"id":3458,"date":"2025-03-26T09:03:25","date_gmt":"2025-03-26T08:03:25","guid":{"rendered":"https:\/\/societaslinguistica.eu\/sle2025\/?page_id=3458"},"modified":"2025-03-31T19:23:54","modified_gmt":"2025-03-31T17:23:54","slug":"post-conference-excursions","status":"publish","type":"page","link":"https:\/\/societaslinguistica.eu\/sle2025\/post-conference-excursions\/","title":{"rendered":"Post-conference excursions"},"content":{"rendered":"\n<p>Post-conference excursions will take place on Saturday 30 August 2025.<\/p>\n\n\n\n<p class=\"has-white-color has-purple-background-color has-text-color has-background has-link-color has-medium-font-size wp-elements-6f4e22970a7966243d99c83458537569\"><strong>EXCURSION TO ARCACHON BAY<\/strong><\/p>\n\n\n\n<p><em>Meeting Time: Morning departure from Bordeaux at <strong>9:00<\/strong>AM<\/em><\/p>\n\n\n\n<p><em>Return: Arrival in Bordeaux at approximately<strong> 6:00<\/strong> PM<\/em><\/p>\n\n\n\n<figure class=\"wp-block-image size-large is-resized\"><img loading=\"lazy\" decoding=\"async\" width=\"768\" height=\"362\" src=\"https:\/\/societaslinguistica.eu\/sle2025\/wp-content\/uploads\/sites\/8\/2025\/03\/image-2-768x362.png\" alt=\"\" class=\"wp-image-3461\" style=\"width:840px;height:auto\" srcset=\"https:\/\/societaslinguistica.eu\/sle2025\/wp-content\/uploads\/sites\/8\/2025\/03\/image-2-768x362.png 768w, https:\/\/societaslinguistica.eu\/sle2025\/wp-content\/uploads\/sites\/8\/2025\/03\/image-2-576x271.png 576w, https:\/\/societaslinguistica.eu\/sle2025\/wp-content\/uploads\/sites\/8\/2025\/03\/image-2-1536x724.png 1536w, https:\/\/societaslinguistica.eu\/sle2025\/wp-content\/uploads\/sites\/8\/2025\/03\/image-2-480x226.png 480w, https:\/\/societaslinguistica.eu\/sle2025\/wp-content\/uploads\/sites\/8\/2025\/03\/image-2-992x467.png 992w, https:\/\/societaslinguistica.eu\/sle2025\/wp-content\/uploads\/sites\/8\/2025\/03\/image-2.png 1942w\" sizes=\"(max-width: 768px) 92vw, 768px\" \/><\/figure>\n\n\n\n<p>Discover a unique natural space with breathtaking and sometimes unexpected landscapes. Stroll through the Winter Town (Ville d\u2019Hiver) of Arcachon and admire its stunning 19th-century villas. Enjoy a boat trip to the \u00cele aux Oiseaux and its famous Cabanes Tchanqu\u00e9es, the iconic wooden huts on stilts. Savor fresh oysters paired with a glass of local white wine. Climb the majestic Dune du Pilat and take in an endless blue horizon: oyster farms and winding channels unfold, revealing wild islands that serve as bird sanctuaries\u2026 Time seems to stand still, offering a moment of pure bliss. This excursion is an invitation to experience the relaxed and elegant lifestyle of Bordeaux\u2019s coastal region.<\/p>\n\n\n\n<ul class=\"wp-block-list\">\n<li class=\"has-small-font-size\">Explore Gujan-Mestras with a stop at an oyster farm for a tasting, complemented by a glass of white wine.<\/li>\n\n\n\n<li class=\"has-small-font-size\">Guided tour of the Winter Town (<em>Ville d\u2019Hiver<\/em>) in Arcachon.<\/li>\n\n\n\n<li class=\"has-small-font-size\">Lunch<\/li>\n\n\n\n<li class=\"has-small-font-size\">Boat tour:<ul><li><em>\u00cele aux Oiseaux<\/em> and the famous <em>Cabanes Tchanqu\u00e9es<\/em>.<\/li><\/ul><ul><li>Oyster farms and the charming fishing villages of the Cap Ferret peninsula \u2013 with the possibility of a stop for oyster tasting.<\/li><\/ul>\n<ul class=\"wp-block-list\">\n<li>A scenic view of Arcachon\u2019s coastline.<\/li>\n<\/ul>\n<\/li>\n\n\n\n<li class=\"has-small-font-size\">Return to Bordeaux by bus.<\/li>\n<\/ul>\n\n\n\n<p><\/p>\n\n\n\n<p class=\"has-xsmall-font-size\"><em>127\u20ac\/person<\/em> with the minimum of 40 participants<\/p>\n\n\n\n<p class=\"has-xsmall-font-size\"><em>Price includes bus transfers, lunch, official English-speaking guide, boat trip, oyster tasting.<\/em><\/p>\n\n\n\n<p class=\"has-xsmall-font-size\"><\/p>\n\n\n\n<p class=\"has-white-color has-purple-background-color has-text-color has-background has-link-color has-medium-font-size wp-elements-c953e5593b635951522a175a510efc98\"><strong>GRAVES AND SAUTERNAIS<\/strong><\/p>\n\n\n\n<p><em>Meeting Time: Morning departure from Bordeaux at <strong>9:00<\/strong> AM.<\/em><\/p>\n\n\n\n<p><em>Return: Arrival in Bordeaux at approximately <strong>6:00 <\/strong>PM.<\/em><\/p>\n\n\n\n<figure class=\"wp-block-image size-full is-resized\"><img loading=\"lazy\" decoding=\"async\" width=\"707\" height=\"471\" src=\"https:\/\/societaslinguistica.eu\/sle2025\/wp-content\/uploads\/sites\/8\/2025\/03\/image-3.png\" alt=\"\" class=\"wp-image-3462\" style=\"width:868px;height:auto\" srcset=\"https:\/\/societaslinguistica.eu\/sle2025\/wp-content\/uploads\/sites\/8\/2025\/03\/image-3.png 707w, https:\/\/societaslinguistica.eu\/sle2025\/wp-content\/uploads\/sites\/8\/2025\/03\/image-3-576x384.png 576w, https:\/\/societaslinguistica.eu\/sle2025\/wp-content\/uploads\/sites\/8\/2025\/03\/image-3-480x320.png 480w\" sizes=\"(max-width: 707px) 92vw, 707px\" \/><\/figure>\n\n\n\n<p>The excursion starts with a visit to Ch\u00e2teau de La Br\u00e8de. Nestled away from the village, Ch\u00e2teau de La Br\u00e8de has stood at the heart of its estate since the 13th century. This former medieval fortress, with its uniquely angled walls, appears to rise gracefully from its surrounding water-filled moats. Today, the ch\u00e2teau is embraced by an expansive, tree-lined park. The estate, covering 150 hectares, is also designated as a Historic Monument, offering a glimpse into centuries of architectural and cultural heritage. After lunch, the tour continues with an immersive discovery of the renowned Sauternais vineyards. You will explore a prestigious wine estate, where you will gain insight into the winemaking process and enjoy a guided tasting session of the region\u2019s typical wines. The tour concludes with a return to Bordeaux, arriving at approximately 6:00 PM.<\/p>\n\n\n\n<p>Join us for an unforgettable journey through history and fine wine in the heart of the Bordeaux region!<\/p>\n\n\n\n<p><\/p>\n\n\n\n<p class=\"has-xsmall-font-size\"><em>112\u20ac \/ person<\/em> with the minimum of 40 participants<\/p>\n\n\n\n<p class=\"has-xsmall-font-size\"><em>Price includes bus transfers, lunch in a restaurant, official English-speaking guide, visits.<\/em><\/p>\n\n\n\n<p><\/p>\n\n\n\n<p class=\"has-white-color has-purple-background-color has-text-color has-background has-link-color has-medium-font-size wp-elements-3402912c5e00285e4fa22b94dc7ad757\"><strong>TOUR OF SAINT-EMILION<\/strong><\/p>\n\n\n\n<p><em>Meeting Time: Morning departure from Bordeaux at <strong>9:00<\/strong> AM<\/em><\/p>\n\n\n\n<p><em>Return: Arrival in Bordeaux at approximately <strong>5:00<\/strong> PM<\/em><\/p>\n\n\n\n<figure class=\"wp-block-image size-full is-resized\"><img loading=\"lazy\" decoding=\"async\" width=\"698\" height=\"464\" src=\"https:\/\/societaslinguistica.eu\/sle2025\/wp-content\/uploads\/sites\/8\/2025\/03\/image-4.png\" alt=\"\" class=\"wp-image-3463\" style=\"width:840px;height:auto\" srcset=\"https:\/\/societaslinguistica.eu\/sle2025\/wp-content\/uploads\/sites\/8\/2025\/03\/image-4.png 698w, https:\/\/societaslinguistica.eu\/sle2025\/wp-content\/uploads\/sites\/8\/2025\/03\/image-4-576x383.png 576w, https:\/\/societaslinguistica.eu\/sle2025\/wp-content\/uploads\/sites\/8\/2025\/03\/image-4-480x319.png 480w\" sizes=\"(max-width: 698px) 92vw, 698px\" \/><\/figure>\n\n\n\n<p>Saint-Emilion is a quaint medieval village which boasts a rich heritage. An hour\u2019s drive away from Bordeaux, this tour is the opportunity to discover this charming hilltop town in the heart of the Bordeaux wine region.<\/p>\n\n\n\n<p>The first vineyard to have been listed as a World Heritage site by UNESCO, Saint-Emilion is known for its wine, its monuments, and its cobblestone roads.<\/p>\n\n\n\n<p>You will depart from Bordeaux by bus, and begin with a visit to a ch\u00e2teau of the Saint-Emilion appellation. In the afternoon, venture in Saint-Emilion and explore its monuments: the monolithic church, the catacombs and the Trinity Chapel. Return to Bordeaux by bus.<\/p>\n\n\n\n<p><\/p>\n\n\n\n<p class=\"has-xsmall-font-size\"><em>111\u20ac \/ person<\/em> with the minimum of 40 participants<\/p>\n\n\n\n<p class=\"has-xsmall-font-size\"><em>Price includes bus transfers, lunch in a restaurant, official English-speaking guide, entrance to the monuments.<\/em><\/p>\n","protected":false},"excerpt":{"rendered":"<p>Post-conference excursions will take place on Saturday 30 August 2025. EXCURSION TO ARCACHON BAY Meeting Time: Morning departure from Bordeaux at 9:00AM Return: Arrival in Bordeaux at approximately 6:00 PM Discover a unique natural space with breathtaking and sometimes unexpected landscapes. Stroll through the Winter Town (Ville d\u2019Hiver) of Arcachon and admire its stunning 19th-century [&hellip;]<\/p>\n","protected":false},"author":15,"featured_media":0,"parent":0,"menu_order":0,"comment_status":"closed","ping_status":"closed","template":"","meta":{"_acf_changed":false,"footnotes":""},"class_list":["post-3458","page","type-page","status-publish","hentry"],"acf":[],"yoast_head":"<!-- This site is optimized with the Yoast SEO plugin v23.1 - https:\/\/yoast.com\/wordpress\/plugins\/seo\/ -->\n<title>Post-conference excursions - SLE 2025<\/title>\n<meta name=\"robots\" content=\"index, follow, max-snippet:-1, max-image-preview:large, max-video-preview:-1\" \/>\n<link rel=\"canonical\" href=\"https:\/\/societaslinguistica.eu\/sle2025\/post-conference-excursions\/\" \/>\n<meta property=\"og:locale\" content=\"en_US\" \/>\n<meta property=\"og:type\" content=\"article\" \/>\n<meta property=\"og:title\" content=\"Post-conference excursions - SLE 2025\" \/>\n<meta property=\"og:description\" content=\"Post-conference excursions will take place on Saturday 30 August 2025. EXCURSION TO ARCACHON BAY Meeting Time: Morning departure from Bordeaux at 9:00AM Return: Arrival in Bordeaux at approximately 6:00 PM Discover a unique natural space with breathtaking and sometimes unexpected landscapes. Stroll through the Winter Town (Ville d\u2019Hiver) of Arcachon and admire its stunning 19th-century [&hellip;]\" \/>\n<meta property=\"og:url\" content=\"https:\/\/societaslinguistica.eu\/sle2025\/post-conference-excursions\/\" \/>\n<meta property=\"og:site_name\" content=\"SLE 2025\" \/>\n<meta property=\"article:modified_time\" content=\"2025-03-31T17:23:54+00:00\" \/>\n<meta property=\"og:image\" content=\"https:\/\/societaslinguistica.eu\/sle2025\/wp-content\/uploads\/sites\/8\/2025\/03\/image-2-768x362.png\" \/>\n<meta name=\"twitter:card\" content=\"summary_large_image\" \/>\n<meta name=\"twitter:label1\" content=\"Est. reading time\" \/>\n\t<meta name=\"twitter:data1\" content=\"4 minutes\" \/>\n<script type=\"application\/ld+json\" class=\"yoast-schema-graph\">{\"@context\":\"https:\/\/schema.org\",\"@graph\":[{\"@type\":\"WebPage\",\"@id\":\"https:\/\/societaslinguistica.eu\/sle2025\/post-conference-excursions\/\",\"url\":\"https:\/\/societaslinguistica.eu\/sle2025\/post-conference-excursions\/\",\"name\":\"Post-conference excursions - SLE 2025\",\"isPartOf\":{\"@id\":\"https:\/\/societaslinguistica.eu\/sle2025\/#website\"},\"primaryImageOfPage\":{\"@id\":\"https:\/\/societaslinguistica.eu\/sle2025\/post-conference-excursions\/#primaryimage\"},\"image\":{\"@id\":\"https:\/\/societaslinguistica.eu\/sle2025\/post-conference-excursions\/#primaryimage\"},\"thumbnailUrl\":\"https:\/\/societaslinguistica.eu\/sle2025\/wp-content\/uploads\/sites\/8\/2025\/03\/image-2-768x362.png\",\"datePublished\":\"2025-03-26T08:03:25+00:00\",\"dateModified\":\"2025-03-31T17:23:54+00:00\",\"breadcrumb\":{\"@id\":\"https:\/\/societaslinguistica.eu\/sle2025\/post-conference-excursions\/#breadcrumb\"},\"inLanguage\":\"en-US\",\"potentialAction\":[{\"@type\":\"ReadAction\",\"target\":[\"https:\/\/societaslinguistica.eu\/sle2025\/post-conference-excursions\/\"]}]},{\"@type\":\"ImageObject\",\"inLanguage\":\"en-US\",\"@id\":\"https:\/\/societaslinguistica.eu\/sle2025\/post-conference-excursions\/#primaryimage\",\"url\":\"https:\/\/societaslinguistica.eu\/sle2025\/wp-content\/uploads\/sites\/8\/2025\/03\/image-2.png\",\"contentUrl\":\"https:\/\/societaslinguistica.eu\/sle2025\/wp-content\/uploads\/sites\/8\/2025\/03\/image-2.png\",\"width\":1942,\"height\":915},{\"@type\":\"BreadcrumbList\",\"@id\":\"https:\/\/societaslinguistica.eu\/sle2025\/post-conference-excursions\/#breadcrumb\",\"itemListElement\":[{\"@type\":\"ListItem\",\"position\":1,\"name\":\"Home\",\"item\":\"https:\/\/societaslinguistica.eu\/sle2025\/\"},{\"@type\":\"ListItem\",\"position\":2,\"name\":\"Post-conference excursions\"}]},{\"@type\":\"WebSite\",\"@id\":\"https:\/\/societaslinguistica.eu\/sle2025\/#website\",\"url\":\"https:\/\/societaslinguistica.eu\/sle2025\/\",\"name\":\"SLE 2025\",\"description\":\"\",\"publisher\":{\"@id\":\"https:\/\/societaslinguistica.eu\/sle2025\/#organization\"},\"potentialAction\":[{\"@type\":\"SearchAction\",\"target\":{\"@type\":\"EntryPoint\",\"urlTemplate\":\"https:\/\/societaslinguistica.eu\/sle2025\/?s={search_term_string}\"},\"query-input\":\"required name=search_term_string\"}],\"inLanguage\":\"en-US\"},{\"@type\":\"Organization\",\"@id\":\"https:\/\/societaslinguistica.eu\/sle2025\/#organization\",\"name\":\"Societas Linguistica Europaea\",\"url\":\"https:\/\/societaslinguistica.eu\/sle2025\/\",\"logo\":{\"@type\":\"ImageObject\",\"inLanguage\":\"en-US\",\"@id\":\"https:\/\/societaslinguistica.eu\/sle2025\/#\/schema\/logo\/image\/\",\"url\":\"https:\/\/societaslinguistica.eu\/sle2025\/wp-content\/uploads\/sites\/8\/2021\/12\/SLE-logo.png\",\"contentUrl\":\"https:\/\/societaslinguistica.eu\/sle2025\/wp-content\/uploads\/sites\/8\/2021\/12\/SLE-logo.png\",\"width\":242,\"height\":242,\"caption\":\"Societas Linguistica Europaea\"},\"image\":{\"@id\":\"https:\/\/societaslinguistica.eu\/sle2025\/#\/schema\/logo\/image\/\"}}]}<\/script>\n<!-- \/ Yoast SEO plugin. -->","yoast_head_json":{"title":"Post-conference excursions - SLE 2025","robots":{"index":"index","follow":"follow","max-snippet":"max-snippet:-1","max-image-preview":"max-image-preview:large","max-video-preview":"max-video-preview:-1"},"canonical":"https:\/\/societaslinguistica.eu\/sle2025\/post-conference-excursions\/","og_locale":"en_US","og_type":"article","og_title":"Post-conference excursions - SLE 2025","og_description":"Post-conference excursions will take place on Saturday 30 August 2025. EXCURSION TO ARCACHON BAY Meeting Time: Morning departure from Bordeaux at 9:00AM Return: Arrival in Bordeaux at approximately 6:00 PM Discover a unique natural space with breathtaking and sometimes unexpected landscapes. Stroll through the Winter Town (Ville d\u2019Hiver) of Arcachon and admire its stunning 19th-century [&hellip;]","og_url":"https:\/\/societaslinguistica.eu\/sle2025\/post-conference-excursions\/","og_site_name":"SLE 2025","article_modified_time":"2025-03-31T17:23:54+00:00","og_image":[{"url":"https:\/\/societaslinguistica.eu\/sle2025\/wp-content\/uploads\/sites\/8\/2025\/03\/image-2-768x362.png"}],"twitter_card":"summary_large_image","twitter_misc":{"Est. reading time":"4 minutes"},"schema":{"@context":"https:\/\/schema.org","@graph":[{"@type":"WebPage","@id":"https:\/\/societaslinguistica.eu\/sle2025\/post-conference-excursions\/","url":"https:\/\/societaslinguistica.eu\/sle2025\/post-conference-excursions\/","name":"Post-conference excursions - SLE 2025","isPartOf":{"@id":"https:\/\/societaslinguistica.eu\/sle2025\/#website"},"primaryImageOfPage":{"@id":"https:\/\/societaslinguistica.eu\/sle2025\/post-conference-excursions\/#primaryimage"},"image":{"@id":"https:\/\/societaslinguistica.eu\/sle2025\/post-conference-excursions\/#primaryimage"},"thumbnailUrl":"https:\/\/societaslinguistica.eu\/sle2025\/wp-content\/uploads\/sites\/8\/2025\/03\/image-2-768x362.png","datePublished":"2025-03-26T08:03:25+00:00","dateModified":"2025-03-31T17:23:54+00:00","breadcrumb":{"@id":"https:\/\/societaslinguistica.eu\/sle2025\/post-conference-excursions\/#breadcrumb"},"inLanguage":"en-US","potentialAction":[{"@type":"ReadAction","target":["https:\/\/societaslinguistica.eu\/sle2025\/post-conference-excursions\/"]}]},{"@type":"ImageObject","inLanguage":"en-US","@id":"https:\/\/societaslinguistica.eu\/sle2025\/post-conference-excursions\/#primaryimage","url":"https:\/\/societaslinguistica.eu\/sle2025\/wp-content\/uploads\/sites\/8\/2025\/03\/image-2.png","contentUrl":"https:\/\/societaslinguistica.eu\/sle2025\/wp-content\/uploads\/sites\/8\/2025\/03\/image-2.png","width":1942,"height":915},{"@type":"BreadcrumbList","@id":"https:\/\/societaslinguistica.eu\/sle2025\/post-conference-excursions\/#breadcrumb","itemListElement":[{"@type":"ListItem","position":1,"name":"Home","item":"https:\/\/societaslinguistica.eu\/sle2025\/"},{"@type":"ListItem","position":2,"name":"Post-conference excursions"}]},{"@type":"WebSite","@id":"https:\/\/societaslinguistica.eu\/sle2025\/#website","url":"https:\/\/societaslinguistica.eu\/sle2025\/","name":"SLE 2025","description":"","publisher":{"@id":"https:\/\/societaslinguistica.eu\/sle2025\/#organization"},"potentialAction":[{"@type":"SearchAction","target":{"@type":"EntryPoint","urlTemplate":"https:\/\/societaslinguistica.eu\/sle2025\/?s={search_term_string}"},"query-input":"required name=search_term_string"}],"inLanguage":"en-US"},{"@type":"Organization","@id":"https:\/\/societaslinguistica.eu\/sle2025\/#organization","name":"Societas Linguistica Europaea","url":"https:\/\/societaslinguistica.eu\/sle2025\/","logo":{"@type":"ImageObject","inLanguage":"en-US","@id":"https:\/\/societaslinguistica.eu\/sle2025\/#\/schema\/logo\/image\/","url":"https:\/\/societaslinguistica.eu\/sle2025\/wp-content\/uploads\/sites\/8\/2021\/12\/SLE-logo.png","contentUrl":"https:\/\/societaslinguistica.eu\/sle2025\/wp-content\/uploads\/sites\/8\/2021\/12\/SLE-logo.png","width":242,"height":242,"caption":"Societas Linguistica Europaea"},"image":{"@id":"https:\/\/societaslinguistica.eu\/sle2025\/#\/schema\/logo\/image\/"}}]}},"_links":{"self":[{"href":"https:\/\/societaslinguistica.eu\/sle2025\/wp-json\/wp\/v2\/pages\/3458"}],"collection":[{"href":"https:\/\/societaslinguistica.eu\/sle2025\/wp-json\/wp\/v2\/pages"}],"about":[{"href":"https:\/\/societaslinguistica.eu\/sle2025\/wp-json\/wp\/v2\/types\/page"}],"author":[{"embeddable":true,"href":"https:\/\/societaslinguistica.eu\/sle2025\/wp-json\/wp\/v2\/users\/15"}],"replies":[{"embeddable":true,"href":"https:\/\/societaslinguistica.eu\/sle2025\/wp-json\/wp\/v2\/comments?post=3458"}],"version-history":[{"count":3,"href":"https:\/\/societaslinguistica.eu\/sle2025\/wp-json\/wp\/v2\/pages\/3458\/revisions"}],"predecessor-version":[{"id":3497,"href":"https:\/\/societaslinguistica.eu\/sle2025\/wp-json\/wp\/v2\/pages\/3458\/revisions\/3497"}],"wp:attachment":[{"href":"https:\/\/societaslinguistica.eu\/sle2025\/wp-json\/wp\/v2\/media?parent=3458"}],"curies":[{"name":"wp","href":"https:\/\/api.w.org\/{rel}","templated":true}]}}