{"id":3294,"date":"2024-08-20T14:03:32","date_gmt":"2024-08-20T12:03:32","guid":{"rendered":"https:\/\/societaslinguistica.eu\/sle2025\/?page_id=3294"},"modified":"2025-08-20T22:02:29","modified_gmt":"2025-08-20T20:02:29","slug":"committees","status":"publish","type":"page","link":"https:\/\/societaslinguistica.eu\/sle2025\/committees\/","title":{"rendered":"Committees"},"content":{"rendered":"\n<h2 class=\"wp-block-heading has-xlarge-font-size\">Organising Committee<\/h2>\n\n\n\n<h3 class=\"wp-block-heading has-large-font-size\">Chair of the local organising committee<\/h3>\n\n\n\n<p>Ana Stulic (Bordeaux Montaigne University, AMERIBER) <a href=\"mailto:Ana.Stulic@u-bordeaux-montaigne.fr\" target=\"_blank\" rel=\"noreferrer noopener\">&lt;Ana.Stulic@u-bordeaux-montaigne.fr&gt;<\/a><\/p>\n\n\n\n<p><strong>Other members of the Local Organising Committee<\/strong><\/p>\n\n\n\n<p>Guillaume Desagulier (Bordeaux Montaigne University, CLIMAS), Patrick Dendale (University of Antwerp, GAP), Rapha\u00ebl Est\u00e8ve (Bordeaux Montaigne University, AMERIBER), Urtzi Etxeberria (CNRS, UMR IKER), Nicolas Guilliot (Bordeaux Montaigne University, CLLE), Jean-R\u00e9mi Lapaire (Bordeaux Montaigne University, CLIMAS), Pierre-Yves Modicom (Universit\u00e9 Lyon 3, CEL), Maurice Niwese (University of Bordeaux, LACES), Lucia Schmidt (Bordeaux Montaigne University, PLURIELLES), Argia Ol\u00e7omendy (Bordeaux Montaigne University, UMR IKER), Marie-Caroline Pons (Bordeaux Montaigne University), St\u00e9phanie Roussel (University of Bordeaux, LACES), Alicia Jay (Bordeaux Montaigne University, CLIMAS), Maxime Blanchard (Bordeaux Montaigne University, CLIMAS), Paula Alexandra Montenegro Gomez (Bordeaux Montaigne University, CLLE), Ma\u00eblle Ochoa (University of Bordeaux, LACES)<\/p>\n\n\n\n<p class=\"has-large-font-size\">SLE Conference Manager<\/p>\n\n\n\n<p>Anna Kisiel (KU Leuven)<\/p>\n\n\n\n<h3 class=\"wp-block-heading has-large-font-size\">SLE Treasurer<\/h3>\n\n\n\n<p>Nikolaos Lavidas (National and Kapodistrian University of Athens)<\/p>\n\n\n\n<h3 class=\"wp-block-heading has-large-font-size\">SLE Secretary<\/h3>\n\n\n\n<p>Maria Rosenberg (Ume\u00e5 University)<\/p>\n\n\n\n<p class=\"has-xlarge-font-size\">Programme Committee<\/p>\n\n\n\n<h3 class=\"wp-block-heading has-large-font-size\">Chair of workshops<\/h3>\n\n\n\n<p>Karolina Grzech (Universitat Pompeu Fabra)<\/p>\n\n\n\n<h3 class=\"wp-block-heading has-large-font-size\">Chair of the general session<\/h3>\n\n\n\n<p>Olga Krasnoukhova (Universiteit Leiden)<\/p>\n\n\n\n<p class=\"has-large-font-size\">Members<\/p>\n\n\n\n<p>Karin Aijmer (University of Gothenburg)<\/p>\n\n\n\n<p>Gilles Authier (EPHE)<\/p>\n\n\n\n<p>Pius Wuchu Akumbu (CNRS)<\/p>\n\n\n\n<p>Reili Argus (Tallinn University)<\/p>\n\n\n\n<p>Peter Arkadiev (University of Potsdam)<\/p>\n\n\n\n<p>Sandra Auderset (University of Bern)<\/p>\n\n\n\n<p>Linda Badan (Trento University)<\/p>\n\n\n\n<p>J\u00f3hanna Bar\u00f0dal (Ghent University)<\/p>\n\n\n\n<p>Antonio Ben\u00edtez-Burraco (University of Seville)<\/p>\n\n\n\n<p>Henrik Bergqvis (University of Gothenburg)<\/p>\n\n\n\n<p>Theresa Biberauer (Cambridge University, University of Stellenbosch)<\/p>\n\n\n\n<p>Walter Bisang (University of Mainz)<\/p>\n\n\n\n<p>Anna Bondaruk (John Paul II Catholic University of Lublin)<\/p>\n\n\n\n<p>Tom Bossuyt (Ghent University)<\/p>\n\n\n\n<p>Kasper Boye (University of Copenhagen)<\/p>\n\n\n\n<p>Dunstan Brown (University of York)<\/p>\n\n\n\n<p>Wayles Browne (Cornell University)<\/p>\n\n\n\n<p>Gabriela B\u00eelb\u00eeie (Universit\u00e9 Paris 7)<\/p>\n\n\n\n<p>Anne Carlier (Sorbonne University)<\/p>\n\n\n\n<p>Agn\u00e8s Celle (Universit\u00e9 Paris Cit\u00e9)<\/p>\n\n\n\n<p>Michela Cennamo (University of Naples Federico II)<\/p>\n\n\n\n<p>Bert Cornillie (KU Leuven)<\/p>\n\n\n\n<p>Silvio Cruschina (University of Helsinki)<\/p>\n\n\n\n<p>Pierluigi Cuzzolin (University of Bergamo)<\/p>\n\n\n\n<p>Sonja Dahlgren (University of Helsinki)<\/p>\n\n\n\n<p>Andriy Danylenko (Pace University)<\/p>\n\n\n\n<p>Liesbeth Degand (University of Louvain)<\/p>\n\n\n\n<p>Nicole Delbecque (KU Leuven)<\/p>\n\n\n\n<p>Patrick Dendale (University of Antwerp)<\/p>\n\n\n\n<p>Hendrik De Smet (KU Leuven)<\/p>\n\n\n\n<p>Francesca Di Garbo (CNRS)<\/p>\n\n\n\n<p>Nina Dobrushina (National Research University Higher School of Economics)<\/p>\n\n\n\n<p>Adina Dragomirescu (Institute of Linguistics Iorgu Iordan \u2013 Al. Rosetti, Bucharest)<\/p>\n\n\n\n<p>Patrick Duffley (Laval University)<\/p>\n\n\n\n<p>Maia Duguine (CNRS)<\/p>\n\n\n\n<p>Olivier Dupl\u00e2tre (Sorbonne University)<\/p>\n\n\n\n<p>Ricardo Etxepare (CNRS)<\/p>\n\n\n\n<p>Thorhallur Eythorsson (University of Iceland)<\/p>\n\n\n\n<p>Teresa Fanego (University of Santiago de Compostela)<\/p>\n\n\n\n<p>Ad Foolen (Radboud University Nijmegen)<\/p>\n\n\n\n<p>Livio Gaeta (University of Turin)<\/p>\n\n\n\n<p>Antonio Garc\u00eda-G\u00f3mez (University of Alcal\u00e1)<\/p>\n\n\n\n<p>Caroline Gentens (KU Leuven)<\/p>\n\n\n\n<p>Michalis Georgiafentis (National and Kapodistrian University of Athens)<\/p>\n\n\n\n<p>Klaus Geyer (University of Southern Denmark)<\/p>\n\n\n\n<p>Anna Giacalone (University of Pavia)<\/p>\n\n\n\n<p>Chiara Gianollo (University of Bologna)<\/p>\n\n\n\n<p>Spike Gildea (University of Oregon)<\/p>\n\n\n\n<p>Alessandra Giorgi (University of Venice)<\/p>\n\n\n\n<p>Francisco Gonz\u00e1lvez Garc\u00eda (University of Almer\u00eda)<\/p>\n\n\n\n<p>Lenore Grenoble (University of Chicago)<\/p>\n\n\n\n<p>Eitan Grossman (Hebrew University)<\/p>\n\n\n\n<p>Eva Haji\u010dov\u00e1 (Charles University in Prague)<\/p>\n\n\n\n<p>Camiel Hamans (Adam Mickiewicz University in Pozna\u0144)<\/p>\n\n\n\n<p>Abbie Hantgan-Sonko (LLACAN-CNRS)<\/p>\n\n\n\n<p>Martin Haspelmath (MPI-SHH Leipzig)<\/p>\n\n\n\n<p>Katharina Haude (CNRS)<\/p>\n\n\n\n<p>Dag Haug (University of Oslo)<\/p>\n\n\n\n<p>Lars Hellan (NTNU Trondheim)<\/p>\n\n\n\n<p>Eugen Hill (Universit\u00e4t zu K\u00f6ln)<\/p>\n\n\n\n<p>Hans Henrich Hock (University of Illinois at Urbana-Champaign)<\/p>\n\n\n\n<p>Katherine Hodgson (University of Cambridge)<\/p>\n\n\n\n<p>Aritz Irurtzun (CNRS-IKER)<\/p>\n\n\n\n<p>Andra Kalna\u010da (University of Latvia, Riga)<\/p>\n\n\n\n<p>Olesya Khanina (University of Helsinki)<\/p>\n\n\n\n<p>Don Killian (University of Helsinki)<\/p>\n\n\n\n<p>Katalin \u00c9. Kiss (Research Institute for Linguistics of the Hungarian Academy)<\/p>\n\n\n\n<p>Seppo Kittila (University of Helsinki)<\/p>\n\n\n\n<p>Matthias Klumm (University of Augsburg)<\/p>\n\n\n\n<p>Ekkehard Koenig (FU Berlin)<\/p>\n\n\n\n<p>Anetta Kopecka (CNRS)<\/p>\n\n\n\n<p>Maria Koptjevskaja Tamm (Stockholm University)<\/p>\n\n\n\n<p>L\u00edvia K\u00f6rtv\u00e9lyessy (P. J. \u0160af\u00e1rik University in Ko\u0161ice)<\/p>\n\n\n\n<p>Martin K\u00fcmmel (Friedrich Schiller University Jena)<\/p>\n\n\n\n<p>Meri Larjavaara (\u00c5bo Akademi, Helsinki)<\/p>\n\n\n\n<p>Ezra la Roi (Gent University)<\/p>\n\n\n\n<p>Pierre Larriv\u00e9e (University of Caen)<\/p>\n\n\n\n<p>Chris Lasse D\u00e4britz (University of Hamburg)<\/p>\n\n\n\n<p>Nikolaos Lavidas (National and Kapodistrian University of Athens)<\/p>\n\n\n\n<p>Beno\u00eet Leclercq (Universit\u00e9 de Lille)<\/p>\n\n\n\n<p>Diana Lewis (Aix Marseille University)<\/p>\n\n\n\n<p>Suliko Liiv (Tallinn University)<\/p>\n\n\n\n<p>Maria-Rosa Lloret (University of Barcelona)<\/p>\n\n\n\n<p>Cornelia Loos (Universit\u00e4t Hamburg)<\/p>\n\n\n\n<p>Luc\u00eda Loureiro-Porto (University of the Balearic Islands)<\/p>\n\n\n\n<p>Mar\u00eda Jos\u00e9 L\u00f3pez-Couso (University of Santiago de Compostela)<\/p>\n\n\n\n<p>Martin Maiden (University of Oxford) <\/p>\n\n\n\n<p>Viviana Masia (Universit\u00e0 RomaTre)<\/p>\n\n\n\n<p>Eric M\u00e9lac (Universit\u00e9 Paul Val\u00e9ry Montpellier 3)<\/p>\n\n\n\n<p>Helle Metslang (University of Tartu)<\/p>\n\n\n\n<p>Machteld Meulleman (Universit\u00e9 de Reims Champagne-Ardenne)<\/p>\n\n\n\n<p>Matti Miestamo (University of Helsinki)<\/p>\n\n\n\n<p>George Mikros (National and Kapodistrian University of Athens)<\/p>\n\n\n\n<p>Marianne Mithun (University of California, Santa Barbara)<\/p>\n\n\n\n<p>Edith Moravcsik (University of Wisconsin-Milwaukee)<\/p>\n\n\n\n<p>Lorenzo Moretti (University of Zurich)<\/p>\n\n\n\n<p>Amalia Moser (University of Athens)<\/p>\n\n\n\n<p>Nicola Munaro (Ca\u2019 Foscari University of Venice)<\/p>\n\n\n\n<p>Maria Napoli (University of Eastern Piedmont)<\/p>\n\n\n\n<p>Alexandru Nicolae (Institute of Linguistics, Bucharest)<\/p>\n\n\n\n<p>Tatiana Nikitina (CNRS)<\/p>\n\n\n\n<p>Yoko Nishina (Hiroshima University)<\/p>\n\n\n\n<p>Maryam Nourzaei (Uppsala University)<\/p>\n\n\n\n<p>Silva Nurmio (University of Cambridge)<\/p>\n\n\n\n<p>Jan Nuyts (University of Antwerp)<\/p>\n\n\n\n<p>Marc Olivier (University of Oxford)<\/p>\n\n\n\n<p>Steve Oswald (Universit\u00e9 de Fribourg)<\/p>\n\n\n\n<p>Tania Paciaroni (University of Zurich)<\/p>\n\n\n\n<p>Karl Pajusalu (University of Tartu)<\/p>\n\n\n\n<p>Marco Passarotti (Catholic University of the Sacred Heart)<\/p>\n\n\n\n<p>Theodossia-Soula Pavlidou (Aristotle University of Thessaloniki)<\/p>\n\n\n\n<p>Thomas Payne (University of Oregon)<\/p>\n\n\n\n<p>Vladimir Plungian (Institute of Linguistics RAS, Moscow)<\/p>\n\n\n\n<p>Rodrigo P\u00e9rez-Lorido (University of Oviedo)<\/p>\n\n\n\n<p>Eric Reuland (Utrecht University)<\/p>\n\n\n\n<p>Nikolaus Ritt (University of Vienna) <\/p>\n\n\n\n<p>Neige Rochant (University of Lausanne)<\/p>\n\n\n\n<p>Cilene Rodrigues (Pontifical Catholic University of Rio de Janeiro)<\/p>\n\n\n\n<p>Susana Rodr\u00edguez Rosique (University of Alicante)<\/p>\n\n\n\n<p>Maria Rosenberg (Ume\u00e5 university)<\/p>\n\n\n\n<p>Jorge Emilio Ros\u00e9s Labrada (University of Alberta)<\/p>\n\n\n\n<p>Anna Roussou (University of Patras)<\/p>\n\n\n\n<p>Jack Rueter (University of Helsinki)<\/p>\n\n\n\n<p>Francisco Ruiz de Mendoza Ib\u00e1\u00f1ez (University of La Rioja)<\/p>\n\n\n\n<p>Cinzia Russi (The University of Texas at Austin)<\/p>\n\n\n\n<p>Iker Salaberri (University of the Basque Country (UPV\/EHU))<\/p>\n\n\n\n<p>Mar\u00eda Sol Sansi\u00f1ena (KU Leuven)<\/p>\n\n\n\n<p>Andrea Sans\u00f2 (University of Insubria)<\/p>\n\n\n\n<p>Barbara Schl\u00fccker (Leipzig University)<\/p>\n\n\n\n<p>Stephan Schmid (University of Zurich)<\/p>\n\n\n\n<p>Jennifer Schumann (University of Fribourg)<\/p>\n\n\n\n<p>Dominika Skrzypek (Adam Mickiewicz University)<\/p>\n\n\n\n<p>Petra Sleeman (University of Amsterdam)<\/p>\n\n\n\n<p>Elena Smirnova (University of Neuch\u00e2tel)<\/p>\n\n\n\n<p>Augusto Soares Da Silva (Catholic University of Portugal)<\/p>\n\n\n\n<p>Piotr Sobotka (Instytut Slawistyki, Warsaw)<\/p>\n\n\n\n<p>Barbara Sonnenhauser (LMU Munich)<\/p>\n\n\n\n<p>Sabine Stoll (University of Zurich)<\/p>\n\n\n\n<p>Cristina Suarez-Gomez (University of the Balearic Islands)<\/p>\n\n\n\n<p>Magda \u0160ev\u010d\u00edkov\u00e1 (Charles University in Prague)<\/p>\n\n\n\n<p>Inesa \u0160e\u0161kauskien\u0117 (Vilnius University)<\/p>\n\n\n\n<p>Beata Trawinski (IDS Mannheim)<\/p>\n\n\n\n<p>Yvonne Treis (CNRS-LLACAN)<\/p>\n\n\n\n<p>Jarmila T\u00e1rnyikov\u00e1 (Palack\u00fd University in Olomouc)<\/p>\n\n\n\n<p>Johan van der Auwera (University of Antwerp)<\/p>\n\n\n\n<p>Thomas Van Hoey (KU Leuven)<\/p>\n\n\n\n<p>An Van Linden (University of Li\u00e8ge)<\/p>\n\n\n\n<p>Daniel Van Olmen (Lancaster University)<\/p>\n\n\n\n<p>Guido Vanden Wyngaerd (KU Leuven)<\/p>\n\n\n\n<p>Rossella Varvara (University of Fribourg)<\/p>\n\n\n\n<p>Arie Verhagen (Leiden University Centre for Linguistics)<\/p>\n\n\n\n<p>Anna Verschik (Tallinn University)<\/p>\n\n\n\n<p>Jean-Christophe Verstraete (KU Leuven)<\/p>\n\n\n\n<p>Letizia Vezzosi (University of Florence)<\/p>\n\n\n\n<p>Nigel Vincent (The University of Manchester)<\/p>\n\n\n\n<p>Max Wahlstr\u00f6m (University of Helsinki)<\/p>\n\n\n\n<p>Gerry Wakker (University of Groningen)<\/p>\n\n\n\n<p>S\u00f8ren Wichmann (Leiden University)<\/p>\n\n\n\n<p>Bjoern Wiemer (Johannes Gutenberg University Mainz)<\/p>\n\n\n\n<p>Jacek Witkos (Adam Mickiewicz University in Pozna\u0144)<\/p>\n\n\n\n<p>Magdalena Wrembel (Adam Mickiewicz University in Pozna\u0144)<\/p>\n\n\n\n<p>Chingduang Yurayong (University of Helsinki)<\/p>\n\n\n\n<p class=\"has-grey-extra-light-background-color has-background\"><br><br>Address of the venue:<\/p>\n\n\n\n<p class=\"has-grey-extra-light-background-color has-background\">Universit\u00e9 Bordeaux Montaigne<br>Domaine Universitaire<br>19 Esplanade des Antilles<br>F-33607 Pessac Cedex, FRANCE<\/p>\n","protected":false},"excerpt":{"rendered":"<p>Organising Committee Chair of the local organising committee Ana Stulic (Bordeaux Montaigne University, AMERIBER) &lt;Ana.Stulic@u-bordeaux-montaigne.fr&gt; Other members of the Local Organising Committee Guillaume Desagulier (Bordeaux Montaigne University, CLIMAS), Patrick Dendale (University of Antwerp, GAP), Rapha\u00ebl Est\u00e8ve (Bordeaux Montaigne University, AMERIBER), Urtzi Etxeberria (CNRS, UMR IKER), Nicolas Guilliot (Bordeaux Montaigne University, CLLE), Jean-R\u00e9mi Lapaire (Bordeaux Montaigne [&hellip;]<\/p>\n","protected":false},"author":15,"featured_media":0,"parent":0,"menu_order":0,"comment_status":"closed","ping_status":"closed","template":"","meta":{"_acf_changed":false,"footnotes":""},"class_list":["post-3294","page","type-page","status-publish","hentry"],"acf":[],"yoast_head":"<!-- This site is optimized with the Yoast SEO plugin v23.1 - https:\/\/yoast.com\/wordpress\/plugins\/seo\/ -->\n<title>Committees - SLE 2025<\/title>\n<meta name=\"robots\" content=\"index, follow, max-snippet:-1, max-image-preview:large, max-video-preview:-1\" \/>\n<link rel=\"canonical\" href=\"https:\/\/societaslinguistica.eu\/sle2025\/committees\/\" \/>\n<meta property=\"og:locale\" content=\"en_US\" \/>\n<meta property=\"og:type\" content=\"article\" \/>\n<meta property=\"og:title\" content=\"Committees - SLE 2025\" \/>\n<meta property=\"og:description\" content=\"Organising Committee Chair of the local organising committee Ana Stulic (Bordeaux Montaigne University, AMERIBER) &lt;Ana.Stulic@u-bordeaux-montaigne.fr&gt; Other members of the Local Organising Committee Guillaume Desagulier (Bordeaux Montaigne University, CLIMAS), Patrick Dendale (University of Antwerp, GAP), Rapha\u00ebl Est\u00e8ve (Bordeaux Montaigne University, AMERIBER), Urtzi Etxeberria (CNRS, UMR IKER), Nicolas Guilliot (Bordeaux Montaigne University, CLLE), Jean-R\u00e9mi Lapaire (Bordeaux Montaigne [&hellip;]\" \/>\n<meta property=\"og:url\" content=\"https:\/\/societaslinguistica.eu\/sle2025\/committees\/\" \/>\n<meta property=\"og:site_name\" content=\"SLE 2025\" \/>\n<meta property=\"article:modified_time\" content=\"2025-08-20T20:02:29+00:00\" \/>\n<meta name=\"twitter:card\" content=\"summary_large_image\" \/>\n<meta name=\"twitter:label1\" content=\"Est. reading time\" \/>\n\t<meta name=\"twitter:data1\" content=\"5 minutes\" \/>\n<script type=\"application\/ld+json\" class=\"yoast-schema-graph\">{\"@context\":\"https:\/\/schema.org\",\"@graph\":[{\"@type\":\"WebPage\",\"@id\":\"https:\/\/societaslinguistica.eu\/sle2025\/committees\/\",\"url\":\"https:\/\/societaslinguistica.eu\/sle2025\/committees\/\",\"name\":\"Committees - SLE 2025\",\"isPartOf\":{\"@id\":\"https:\/\/societaslinguistica.eu\/sle2025\/#website\"},\"datePublished\":\"2024-08-20T12:03:32+00:00\",\"dateModified\":\"2025-08-20T20:02:29+00:00\",\"breadcrumb\":{\"@id\":\"https:\/\/societaslinguistica.eu\/sle2025\/committees\/#breadcrumb\"},\"inLanguage\":\"en-US\",\"potentialAction\":[{\"@type\":\"ReadAction\",\"target\":[\"https:\/\/societaslinguistica.eu\/sle2025\/committees\/\"]}]},{\"@type\":\"BreadcrumbList\",\"@id\":\"https:\/\/societaslinguistica.eu\/sle2025\/committees\/#breadcrumb\",\"itemListElement\":[{\"@type\":\"ListItem\",\"position\":1,\"name\":\"Home\",\"item\":\"https:\/\/societaslinguistica.eu\/sle2025\/\"},{\"@type\":\"ListItem\",\"position\":2,\"name\":\"Committees\"}]},{\"@type\":\"WebSite\",\"@id\":\"https:\/\/societaslinguistica.eu\/sle2025\/#website\",\"url\":\"https:\/\/societaslinguistica.eu\/sle2025\/\",\"name\":\"SLE 2025\",\"description\":\"\",\"publisher\":{\"@id\":\"https:\/\/societaslinguistica.eu\/sle2025\/#organization\"},\"potentialAction\":[{\"@type\":\"SearchAction\",\"target\":{\"@type\":\"EntryPoint\",\"urlTemplate\":\"https:\/\/societaslinguistica.eu\/sle2025\/?s={search_term_string}\"},\"query-input\":\"required name=search_term_string\"}],\"inLanguage\":\"en-US\"},{\"@type\":\"Organization\",\"@id\":\"https:\/\/societaslinguistica.eu\/sle2025\/#organization\",\"name\":\"Societas Linguistica Europaea\",\"url\":\"https:\/\/societaslinguistica.eu\/sle2025\/\",\"logo\":{\"@type\":\"ImageObject\",\"inLanguage\":\"en-US\",\"@id\":\"https:\/\/societaslinguistica.eu\/sle2025\/#\/schema\/logo\/image\/\",\"url\":\"https:\/\/societaslinguistica.eu\/sle2025\/wp-content\/uploads\/sites\/8\/2021\/12\/SLE-logo.png\",\"contentUrl\":\"https:\/\/societaslinguistica.eu\/sle2025\/wp-content\/uploads\/sites\/8\/2021\/12\/SLE-logo.png\",\"width\":242,\"height\":242,\"caption\":\"Societas Linguistica Europaea\"},\"image\":{\"@id\":\"https:\/\/societaslinguistica.eu\/sle2025\/#\/schema\/logo\/image\/\"}}]}<\/script>\n<!-- \/ Yoast SEO plugin. -->","yoast_head_json":{"title":"Committees - SLE 2025","robots":{"index":"index","follow":"follow","max-snippet":"max-snippet:-1","max-image-preview":"max-image-preview:large","max-video-preview":"max-video-preview:-1"},"canonical":"https:\/\/societaslinguistica.eu\/sle2025\/committees\/","og_locale":"en_US","og_type":"article","og_title":"Committees - SLE 2025","og_description":"Organising Committee Chair of the local organising committee Ana Stulic (Bordeaux Montaigne University, AMERIBER) &lt;Ana.Stulic@u-bordeaux-montaigne.fr&gt; Other members of the Local Organising Committee Guillaume Desagulier (Bordeaux Montaigne University, CLIMAS), Patrick Dendale (University of Antwerp, GAP), Rapha\u00ebl Est\u00e8ve (Bordeaux Montaigne University, AMERIBER), Urtzi Etxeberria (CNRS, UMR IKER), Nicolas Guilliot (Bordeaux Montaigne University, CLLE), Jean-R\u00e9mi Lapaire (Bordeaux Montaigne [&hellip;]","og_url":"https:\/\/societaslinguistica.eu\/sle2025\/committees\/","og_site_name":"SLE 2025","article_modified_time":"2025-08-20T20:02:29+00:00","twitter_card":"summary_large_image","twitter_misc":{"Est. reading time":"5 minutes"},"schema":{"@context":"https:\/\/schema.org","@graph":[{"@type":"WebPage","@id":"https:\/\/societaslinguistica.eu\/sle2025\/committees\/","url":"https:\/\/societaslinguistica.eu\/sle2025\/committees\/","name":"Committees - SLE 2025","isPartOf":{"@id":"https:\/\/societaslinguistica.eu\/sle2025\/#website"},"datePublished":"2024-08-20T12:03:32+00:00","dateModified":"2025-08-20T20:02:29+00:00","breadcrumb":{"@id":"https:\/\/societaslinguistica.eu\/sle2025\/committees\/#breadcrumb"},"inLanguage":"en-US","potentialAction":[{"@type":"ReadAction","target":["https:\/\/societaslinguistica.eu\/sle2025\/committees\/"]}]},{"@type":"BreadcrumbList","@id":"https:\/\/societaslinguistica.eu\/sle2025\/committees\/#breadcrumb","itemListElement":[{"@type":"ListItem","position":1,"name":"Home","item":"https:\/\/societaslinguistica.eu\/sle2025\/"},{"@type":"ListItem","position":2,"name":"Committees"}]},{"@type":"WebSite","@id":"https:\/\/societaslinguistica.eu\/sle2025\/#website","url":"https:\/\/societaslinguistica.eu\/sle2025\/","name":"SLE 2025","description":"","publisher":{"@id":"https:\/\/societaslinguistica.eu\/sle2025\/#organization"},"potentialAction":[{"@type":"SearchAction","target":{"@type":"EntryPoint","urlTemplate":"https:\/\/societaslinguistica.eu\/sle2025\/?s={search_term_string}"},"query-input":"required name=search_term_string"}],"inLanguage":"en-US"},{"@type":"Organization","@id":"https:\/\/societaslinguistica.eu\/sle2025\/#organization","name":"Societas Linguistica Europaea","url":"https:\/\/societaslinguistica.eu\/sle2025\/","logo":{"@type":"ImageObject","inLanguage":"en-US","@id":"https:\/\/societaslinguistica.eu\/sle2025\/#\/schema\/logo\/image\/","url":"https:\/\/societaslinguistica.eu\/sle2025\/wp-content\/uploads\/sites\/8\/2021\/12\/SLE-logo.png","contentUrl":"https:\/\/societaslinguistica.eu\/sle2025\/wp-content\/uploads\/sites\/8\/2021\/12\/SLE-logo.png","width":242,"height":242,"caption":"Societas Linguistica Europaea"},"image":{"@id":"https:\/\/societaslinguistica.eu\/sle2025\/#\/schema\/logo\/image\/"}}]}},"_links":{"self":[{"href":"https:\/\/societaslinguistica.eu\/sle2025\/wp-json\/wp\/v2\/pages\/3294"}],"collection":[{"href":"https:\/\/societaslinguistica.eu\/sle2025\/wp-json\/wp\/v2\/pages"}],"about":[{"href":"https:\/\/societaslinguistica.eu\/sle2025\/wp-json\/wp\/v2\/types\/page"}],"author":[{"embeddable":true,"href":"https:\/\/societaslinguistica.eu\/sle2025\/wp-json\/wp\/v2\/users\/15"}],"replies":[{"embeddable":true,"href":"https:\/\/societaslinguistica.eu\/sle2025\/wp-json\/wp\/v2\/comments?post=3294"}],"version-history":[{"count":7,"href":"https:\/\/societaslinguistica.eu\/sle2025\/wp-json\/wp\/v2\/pages\/3294\/revisions"}],"predecessor-version":[{"id":5426,"href":"https:\/\/societaslinguistica.eu\/sle2025\/wp-json\/wp\/v2\/pages\/3294\/revisions\/5426"}],"wp:attachment":[{"href":"https:\/\/societaslinguistica.eu\/sle2025\/wp-json\/wp\/v2\/media?parent=3294"}],"curies":[{"name":"wp","href":"https:\/\/api.w.org\/{rel}","templated":true}]}}