{"id":1343,"date":"2024-06-10T23:26:59","date_gmt":"2024-06-10T21:26:59","guid":{"rendered":"https:\/\/societaslinguistica.eu\/sle2024\/?page_id=1343"},"modified":"2024-08-22T10:59:27","modified_gmt":"2024-08-22T08:59:27","slug":"schedule-2","status":"publish","type":"page","link":"https:\/\/societaslinguistica.eu\/sle2024\/schedule-2\/","title":{"rendered":"SLE 2024 Schedule"},"content":{"rendered":"\n<p>The SLE 2024<strong> extended schedule<\/strong> can be found <a href=\"https:\/\/societaslinguistica.eu\/sle2024\/wp-content\/uploads\/sites\/6\/2024\/08\/SLE-schedule-extended-final_with_cancellations-1.pdf\" target=\"_blank\" rel=\"noreferrer noopener\">here<\/a><\/p>\n\n\n\n<p>The <strong>short schedule<\/strong> can be found <a href=\"https:\/\/societaslinguistica.eu\/sle2024\/wp-content\/uploads\/sites\/6\/2024\/08\/SLE-schedule-short-1.pdf\" target=\"_blank\" rel=\"noreferrer noopener\">here<\/a><\/p>\n\n\n\n<p>The SLE 2024 <strong>App<\/strong> can be found <a href=\"https:\/\/societaslinguistica.eu\/sle2024\/schedule-app\/\">here<\/a>. <\/p>\n\n\n\n<p>The SLE2024 <strong>Book of Abstracts<\/strong> is available here in four parts: <a href=\"https:\/\/societaslinguistica.eu\/sle2024\/wp-content\/uploads\/sites\/6\/2024\/08\/Book-of-abstracts_SLE_2024_part1-1.pdf\" target=\"_blank\" rel=\"noreferrer noopener\">Part 1<\/a>, <a href=\"https:\/\/societaslinguistica.eu\/sle2024\/wp-content\/uploads\/sites\/6\/2024\/08\/Book-of-abstracts_SLE_2024_part2.pdf\" target=\"_blank\" rel=\"noreferrer noopener\">Part 2<\/a>, <a href=\"https:\/\/societaslinguistica.eu\/sle2024\/wp-content\/uploads\/sites\/6\/2024\/08\/Book-of-abstracts_SLE_2024_part3-1.pdf\" target=\"_blank\" rel=\"noreferrer noopener\">Part 3<\/a> and <a href=\"https:\/\/societaslinguistica.eu\/sle2024\/wp-content\/uploads\/sites\/6\/2024\/08\/Book-of-abstracts_SLE_2024_part4-2.pdf\" target=\"_blank\" rel=\"noreferrer noopener\">Part 4<\/a>.<\/p>\n\n\n\n<hr class=\"wp-block-separator has-alpha-channel-opacity\"\/>\n\n\n\n<p>The map of the building can be found <a href=\"https:\/\/societaslinguistica.eu\/sle2023\/wp-content\/uploads\/sites\/4\/2024\/08\/SLE2024-maps_new.pdf\" target=\"_blank\" rel=\"noreferrer noopener\">here<\/a><\/p>\n\n\n\n<hr class=\"wp-block-separator has-alpha-channel-opacity is-style-default\"\/>\n\n\n\n<p>Feel free to download SLE2024 <a href=\"https:\/\/societaslinguistica.eu\/sle2024\/wp-content\/uploads\/sites\/6\/2024\/07\/SLE-poster.pdf\" target=\"_blank\" rel=\"noreferrer noopener\">poster<\/a> and share it!<\/p>\n\n\n\n<hr class=\"wp-block-separator has-alpha-channel-opacity\"\/>\n\n\n\n<p class=\"has-blue-light-background-color has-background\">Round Table \u201cDecolonization and linguistics \u2013 opportunities and challenges\u201d<\/p>\n\n\n\n<p>The Round Table seeks ways to advance our field in the global era, inspired by decolonial approaches and recognizing the historical base of linguistics as a modern science as well as historical and&nbsp;current inequalities of power within Europe and&nbsp;beyond. Pius Akumbu, Maria Mazzoli and Hanna-M\u00e1ret Outakoski&nbsp; will discuss different opportunities and challenges related to decolonization and different forms of decolonial research, how knowledge production in linguistics is localized in different contexts and how it interacts with other knowledge systems and their views on language. Specific questions asked are: What is the role of decolonization&nbsp;for linguistic research? How do we advance our field by adding a decolonial perspective?<\/p>\n\n\n\n<p>We invite SLE Conference Participants to join the Round Table discussion by sending questions or comments to&nbsp;<a href=\"https:\/\/padlet.com\/SLE2024\/round_table_decolonization_and_linguistics\" target=\"_blank\" rel=\"noreferrer noopener\">https:\/\/padlet.com\/SLE2024\/round_table_decolonization_and_linguistics<\/a>&nbsp;before or during the Round Table.<\/p>\n\n\n\n<p class=\"has-blue-light-background-color has-background\">Plenary speakers<\/p>\n\n\n\n<p>Eva Schultze-Berndt (University of Manchester), President of SLE, <em><a href=\"https:\/\/societaslinguistica.eu\/sle2024\/wp-content\/uploads\/sites\/6\/2024\/08\/Schultze-Berndt_Abstract_SLE24_final.docx\" target=\"_blank\" rel=\"noreferrer noopener\">Risking a new classification of possibility modals: The role of apprehensives<\/a><\/em><\/p>\n\n\n\n<p>Brigitte Pakendorf (DRCE, CNRS), <em><a href=\"https:\/\/societaslinguistica.eu\/sle2023\/wp-content\/uploads\/sites\/4\/2024\/08\/Pakendorf_abstract.pdf\" target=\"_blank\" rel=\"noreferrer noopener\">The linguistic (pre-)history of Northern Asia<\/a><\/em><\/p>\n\n\n\n<p>Sandra Auderset (University of Bern), Best PostDoc winner 2023, <em><a href=\"https:\/\/societaslinguistica.eu\/sle2023\/wp-content\/uploads\/sites\/4\/2024\/08\/SLE2024_tone.pdf\" target=\"_blank\" rel=\"noreferrer noopener\">Towards an integrative typology of tone<\/a><\/em><\/p>\n\n\n\n<p>V\u00edctor Royo Vi\u00f1uales (Universit\u00e9 de Li\u00e8ge), Best Phd winner 2023, <em><a href=\"https:\/\/societaslinguistica.eu\/sle2024\/wp-content\/uploads\/sites\/6\/2024\/08\/royo-vinuales_plenary_SLE2024.pdf\" target=\"_blank\" rel=\"noreferrer noopener\">How do syntax, semantics-pragmatics, and prosody interact in clause-combining?<\/a><\/em><\/p>\n\n\n\n<p><\/p>\n\n\n\n<p class=\"has-white-color has-purple-dark-background-color has-text-color has-background has-link-color wp-elements-1b2a762ba0393b675dbf571c522c7fd9\">Follow us online<\/p>\n\n\n\n<p>Follow the opening and closing sessions, as well as the presidential address via <a href=\"https:\/\/video.helsinki.fi\/unitube\/live-stream.html?room=l52\" target=\"_blank\" rel=\"noreferrer noopener\">https:\/\/video.helsinki.fi\/unitube\/live-stream.html?room=l52<\/a><\/p>\n\n\n\n<p>The annual members&#8217; meeting can be accessed via <a href=\"https:\/\/video.helsinki.fi\/unitube\/live-stream.html?room=l69\"><\/a><a href=\"https:\/\/video.helsinki.fi\/unitube\/live-stream.html?room=l69\" target=\"_blank\" rel=\"noreferrer noopener\">https:\/\/video.helsinki.fi\/unitube\/live-stream.html?room=l69<\/a><\/p>\n\n\n\n<p>All plenary sessions, including the round table, presentations by best PhD\/postdoc 2023 award winners: Sandra Auderset and V\u00edctor Royo Vi\u00f1uales, the plenary talk by Brigitte Pakendorf, as well as Anna Siewierska Award and Andr\u00e9 Martinet Award ceremony, can be followed via <a href=\"https:\/\/video.helsinki.fi\/unitube\/live-stream.html?room=l68\" target=\"_blank\" rel=\"noreferrer noopener\">https:\/\/video.helsinki.fi\/unitube\/live-stream.html?room=l68<\/a><\/p>\n\n\n\n<p>To follow the Outreach: <strong><em>Communicating linguistics research: results and prospects<\/em><\/strong> session go to https:\/\/video.helsinki.fi\/unitube\/live-stream.html?room=l70<\/p>\n\n\n\n<p><\/p>\n\n\n\n<p><\/p>\n","protected":false},"excerpt":{"rendered":"<p>The SLE 2024 extended schedule can be found here The short schedule can be found here The SLE 2024 App can be found here. The SLE2024 Book of Abstracts is available here in four parts: Part 1, Part 2, Part 3 and Part 4. The map of the building can be found here Feel free [&hellip;]<\/p>\n","protected":false},"author":15,"featured_media":0,"parent":0,"menu_order":0,"comment_status":"closed","ping_status":"closed","template":"","meta":{"_acf_changed":false,"footnotes":""},"class_list":["post-1343","page","type-page","status-publish","hentry"],"acf":[],"yoast_head":"<!-- This site is optimized with the Yoast SEO plugin v23.1 - https:\/\/yoast.com\/wordpress\/plugins\/seo\/ -->\n<title>SLE 2024 Schedule - 57th Annual Meeting of the Societas Linguistica Europaea<\/title>\n<meta name=\"robots\" content=\"index, follow, max-snippet:-1, max-image-preview:large, max-video-preview:-1\" \/>\n<link rel=\"canonical\" href=\"https:\/\/societaslinguistica.eu\/sle2024\/schedule-2\/\" \/>\n<meta property=\"og:locale\" content=\"en_US\" \/>\n<meta property=\"og:type\" content=\"article\" \/>\n<meta property=\"og:title\" content=\"SLE 2024 Schedule - 57th Annual Meeting of the Societas Linguistica Europaea\" \/>\n<meta property=\"og:description\" content=\"The SLE 2024 extended schedule can be found here The short schedule can be found here The SLE 2024 App can be found here. The SLE2024 Book of Abstracts is available here in four parts: Part 1, Part 2, Part 3 and Part 4. The map of the building can be found here Feel free [&hellip;]\" \/>\n<meta property=\"og:url\" content=\"https:\/\/societaslinguistica.eu\/sle2024\/schedule-2\/\" \/>\n<meta property=\"og:site_name\" content=\"57th Annual Meeting of the Societas Linguistica Europaea\" \/>\n<meta property=\"article:modified_time\" content=\"2024-08-22T08:59:27+00:00\" \/>\n<meta name=\"twitter:card\" content=\"summary_large_image\" \/>\n<meta name=\"twitter:label1\" content=\"Est. reading time\" \/>\n\t<meta name=\"twitter:data1\" content=\"2 minutes\" \/>\n<script type=\"application\/ld+json\" class=\"yoast-schema-graph\">{\"@context\":\"https:\/\/schema.org\",\"@graph\":[{\"@type\":\"WebPage\",\"@id\":\"https:\/\/societaslinguistica.eu\/sle2024\/schedule-2\/\",\"url\":\"https:\/\/societaslinguistica.eu\/sle2024\/schedule-2\/\",\"name\":\"SLE 2024 Schedule - 57th Annual Meeting of the Societas Linguistica Europaea\",\"isPartOf\":{\"@id\":\"https:\/\/societaslinguistica.eu\/sle2024\/#website\"},\"datePublished\":\"2024-06-10T21:26:59+00:00\",\"dateModified\":\"2024-08-22T08:59:27+00:00\",\"breadcrumb\":{\"@id\":\"https:\/\/societaslinguistica.eu\/sle2024\/schedule-2\/#breadcrumb\"},\"inLanguage\":\"en-US\",\"potentialAction\":[{\"@type\":\"ReadAction\",\"target\":[\"https:\/\/societaslinguistica.eu\/sle2024\/schedule-2\/\"]}]},{\"@type\":\"BreadcrumbList\",\"@id\":\"https:\/\/societaslinguistica.eu\/sle2024\/schedule-2\/#breadcrumb\",\"itemListElement\":[{\"@type\":\"ListItem\",\"position\":1,\"name\":\"Home\",\"item\":\"https:\/\/societaslinguistica.eu\/sle2024\/\"},{\"@type\":\"ListItem\",\"position\":2,\"name\":\"SLE 2024 Schedule\"}]},{\"@type\":\"WebSite\",\"@id\":\"https:\/\/societaslinguistica.eu\/sle2024\/#website\",\"url\":\"https:\/\/societaslinguistica.eu\/sle2024\/\",\"name\":\"57th Annual Meeting of the Societas Linguistica Europaea\",\"description\":\"Helsinki. 21 - 24 August 2024\",\"publisher\":{\"@id\":\"https:\/\/societaslinguistica.eu\/sle2024\/#organization\"},\"potentialAction\":[{\"@type\":\"SearchAction\",\"target\":{\"@type\":\"EntryPoint\",\"urlTemplate\":\"https:\/\/societaslinguistica.eu\/sle2024\/?s={search_term_string}\"},\"query-input\":\"required name=search_term_string\"}],\"inLanguage\":\"en-US\"},{\"@type\":\"Organization\",\"@id\":\"https:\/\/societaslinguistica.eu\/sle2024\/#organization\",\"name\":\"Societas Linguistica Europaea\",\"url\":\"https:\/\/societaslinguistica.eu\/sle2024\/\",\"logo\":{\"@type\":\"ImageObject\",\"inLanguage\":\"en-US\",\"@id\":\"https:\/\/societaslinguistica.eu\/sle2024\/#\/schema\/logo\/image\/\",\"url\":\"https:\/\/societaslinguistica.eu\/sle2024\/wp-content\/uploads\/sites\/6\/2021\/12\/SLE-logo.png\",\"contentUrl\":\"https:\/\/societaslinguistica.eu\/sle2024\/wp-content\/uploads\/sites\/6\/2021\/12\/SLE-logo.png\",\"width\":242,\"height\":242,\"caption\":\"Societas Linguistica Europaea\"},\"image\":{\"@id\":\"https:\/\/societaslinguistica.eu\/sle2024\/#\/schema\/logo\/image\/\"}}]}<\/script>\n<!-- \/ Yoast SEO plugin. -->","yoast_head_json":{"title":"SLE 2024 Schedule - 57th Annual Meeting of the Societas Linguistica Europaea","robots":{"index":"index","follow":"follow","max-snippet":"max-snippet:-1","max-image-preview":"max-image-preview:large","max-video-preview":"max-video-preview:-1"},"canonical":"https:\/\/societaslinguistica.eu\/sle2024\/schedule-2\/","og_locale":"en_US","og_type":"article","og_title":"SLE 2024 Schedule - 57th Annual Meeting of the Societas Linguistica Europaea","og_description":"The SLE 2024 extended schedule can be found here The short schedule can be found here The SLE 2024 App can be found here. The SLE2024 Book of Abstracts is available here in four parts: Part 1, Part 2, Part 3 and Part 4. The map of the building can be found here Feel free [&hellip;]","og_url":"https:\/\/societaslinguistica.eu\/sle2024\/schedule-2\/","og_site_name":"57th Annual Meeting of the Societas Linguistica Europaea","article_modified_time":"2024-08-22T08:59:27+00:00","twitter_card":"summary_large_image","twitter_misc":{"Est. reading time":"2 minutes"},"schema":{"@context":"https:\/\/schema.org","@graph":[{"@type":"WebPage","@id":"https:\/\/societaslinguistica.eu\/sle2024\/schedule-2\/","url":"https:\/\/societaslinguistica.eu\/sle2024\/schedule-2\/","name":"SLE 2024 Schedule - 57th Annual Meeting of the Societas Linguistica Europaea","isPartOf":{"@id":"https:\/\/societaslinguistica.eu\/sle2024\/#website"},"datePublished":"2024-06-10T21:26:59+00:00","dateModified":"2024-08-22T08:59:27+00:00","breadcrumb":{"@id":"https:\/\/societaslinguistica.eu\/sle2024\/schedule-2\/#breadcrumb"},"inLanguage":"en-US","potentialAction":[{"@type":"ReadAction","target":["https:\/\/societaslinguistica.eu\/sle2024\/schedule-2\/"]}]},{"@type":"BreadcrumbList","@id":"https:\/\/societaslinguistica.eu\/sle2024\/schedule-2\/#breadcrumb","itemListElement":[{"@type":"ListItem","position":1,"name":"Home","item":"https:\/\/societaslinguistica.eu\/sle2024\/"},{"@type":"ListItem","position":2,"name":"SLE 2024 Schedule"}]},{"@type":"WebSite","@id":"https:\/\/societaslinguistica.eu\/sle2024\/#website","url":"https:\/\/societaslinguistica.eu\/sle2024\/","name":"57th Annual Meeting of the Societas Linguistica Europaea","description":"Helsinki. 21 - 24 August 2024","publisher":{"@id":"https:\/\/societaslinguistica.eu\/sle2024\/#organization"},"potentialAction":[{"@type":"SearchAction","target":{"@type":"EntryPoint","urlTemplate":"https:\/\/societaslinguistica.eu\/sle2024\/?s={search_term_string}"},"query-input":"required name=search_term_string"}],"inLanguage":"en-US"},{"@type":"Organization","@id":"https:\/\/societaslinguistica.eu\/sle2024\/#organization","name":"Societas Linguistica Europaea","url":"https:\/\/societaslinguistica.eu\/sle2024\/","logo":{"@type":"ImageObject","inLanguage":"en-US","@id":"https:\/\/societaslinguistica.eu\/sle2024\/#\/schema\/logo\/image\/","url":"https:\/\/societaslinguistica.eu\/sle2024\/wp-content\/uploads\/sites\/6\/2021\/12\/SLE-logo.png","contentUrl":"https:\/\/societaslinguistica.eu\/sle2024\/wp-content\/uploads\/sites\/6\/2021\/12\/SLE-logo.png","width":242,"height":242,"caption":"Societas Linguistica Europaea"},"image":{"@id":"https:\/\/societaslinguistica.eu\/sle2024\/#\/schema\/logo\/image\/"}}]}},"_links":{"self":[{"href":"https:\/\/societaslinguistica.eu\/sle2024\/wp-json\/wp\/v2\/pages\/1343"}],"collection":[{"href":"https:\/\/societaslinguistica.eu\/sle2024\/wp-json\/wp\/v2\/pages"}],"about":[{"href":"https:\/\/societaslinguistica.eu\/sle2024\/wp-json\/wp\/v2\/types\/page"}],"author":[{"embeddable":true,"href":"https:\/\/societaslinguistica.eu\/sle2024\/wp-json\/wp\/v2\/users\/15"}],"replies":[{"embeddable":true,"href":"https:\/\/societaslinguistica.eu\/sle2024\/wp-json\/wp\/v2\/comments?post=1343"}],"version-history":[{"count":37,"href":"https:\/\/societaslinguistica.eu\/sle2024\/wp-json\/wp\/v2\/pages\/1343\/revisions"}],"predecessor-version":[{"id":4694,"href":"https:\/\/societaslinguistica.eu\/sle2024\/wp-json\/wp\/v2\/pages\/1343\/revisions\/4694"}],"wp:attachment":[{"href":"https:\/\/societaslinguistica.eu\/sle2024\/wp-json\/wp\/v2\/media?parent=1343"}],"curies":[{"name":"wp","href":"https:\/\/api.w.org\/{rel}","templated":true}]}}