{"id":500,"date":"2022-10-19T23:05:46","date_gmt":"2022-10-19T21:05:46","guid":{"rendered":"https:\/\/societaslinguistica.eu\/sle2023\/?page_id=500"},"modified":"2023-07-25T11:25:19","modified_gmt":"2023-07-25T09:25:19","slug":"workshops","status":"publish","type":"page","link":"https:\/\/societaslinguistica.eu\/sle2023\/workshops\/","title":{"rendered":"List of workshops"},"content":{"rendered":"\n<hr class=\"wp-block-separator has-alpha-channel-opacity\" \/>\n\n\n\n<ul class=\"wp-block-list\">\n<li><a href=\"#WS1\">WS1 Diachronic Morphosyntax in South American Languages<\/a><\/li>\n\n\n\n<li><a href=\"#WS2\">WS2 Expanding the boundaries of epistemicity: epistemic modality, evidentiality, and beyond<\/a><\/li>\n\n\n\n<li><a href=\"#WS3\">WS3 Expletives at the syntax-discourse interface<\/a>&nbsp;<\/li>\n\n\n\n<li><a href=\"#WS4\">WS4 Expressing surprise at the crossroads: Mirativity, exclamativity and (in)subordination in Romance languages<\/a><\/li>\n\n\n\n<li><a href=\"#WS5\">WS5 Inflection and derivation in the Slavic verb<\/a>&nbsp;<\/li>\n\n\n\n<li><a href=\"#WS6\">WS6 Language change in the Arctic<\/a><\/li>\n\n\n\n<li><a href=\"#WS7\">WS7 Left and right peripheries in discourse: Theoretical and empirical perspectives across languages<\/a><\/li>\n\n\n\n<li><a href=\"#WS8\">WS8 Linguistics of Weather: neglected phenomena, neglected languages, neglected constructions<\/a><\/li>\n\n\n\n<li><a href=\"#WS9\">WS9 Locative and existential predication \u2013 Core and periphery<\/a><\/li>\n\n\n\n<li><a href=\"#WS10\">WS10 On the spatial diffusion of linguistic changes: new methods and theoretical perspectives<\/a><\/li>\n\n\n\n<li><a href=\"#WS11\">WS11 Pragmatic phenomena in argumentation. It is not only about <em>what<\/em> you say, but also about <em>how<\/em> you say it&nbsp;<\/a><\/li>\n\n\n\n<li><a href=\"#WS12\">WS12 Questions in Monologic Discourse<\/a><\/li>\n\n\n\n<li><a href=\"#WS13\">WS13 Re-evaluating the relationship between defectivity and overabundance<\/a><\/li>\n\n\n\n<li><a href=\"#WS14\">WS14 Similarity of quality and denominal similatives: semantic sources, pathways, and types of usage<\/a><\/li>\n\n\n\n<li><a href=\"#WS15\">WS15 Sociotypology: linking language variation to sociological diversity<\/a><\/li>\n\n\n\n<li><a href=\"#WS16\">WS16 Sound symbolism and onomatopoeia<\/a><\/li>\n\n\n\n<li><a href=\"#WS17\">WS17 The concept of manner and its linguistic realizations<\/a><\/li>\n\n\n\n<li><a href=\"#WS18\">WS18 The Grammar of Impoliteness<\/a><\/li>\n\n\n\n<li><a href=\"#WS19\">WS19 Translations in the history of languages: From their position in historical corpora to their effects on language change<\/a><\/li>\n\n\n\n<li><a href=\"#WS20\">WS20 Verbal periphrases in Romance<\/a><\/li>\n<\/ul>\n\n\n\n<h3 class=\"wp-block-heading\">Calls on the <a href=\"https:\/\/old.linguistlist.org\/callconf\/browse-current.cfm?type=Conf#Aug2023\" target=\"_blank\" rel=\"noreferrer noopener\">Linguistlist<\/a><\/h3>\n\n\n\n<hr class=\"wp-block-separator has-alpha-channel-opacity\" \/>\n\n\n\n<h3 class=\"wp-block-heading\" id=\"WS1\"><strong>WS1<\/strong> <a href=\"https:\/\/societaslinguistica.eu\/sle2023\/wp-content\/uploads\/sites\/4\/2022\/10\/Diachronic-Morphosyntax-in-South-American-Languages.pdf\" target=\"_blank\" rel=\"noreferrer noopener\">Diachronic Morphosyntax in South American Languages<\/a> (Bruno Estigarribia &amp; Fabr\u00edcio Ferraz Gerardi)<\/h3>\n\n\n\n<hr class=\"wp-block-separator has-alpha-channel-opacity\" \/>\n\n\n\n<h3 class=\"wp-block-heading\" id=\"WS2\"><strong>WS2<\/strong> <a href=\"https:\/\/societaslinguistica.eu\/sle2023\/wp-content\/uploads\/sites\/4\/2022\/12\/Expanding-the-boundaries-of-epistemicity-final.pdf\" target=\"_blank\" rel=\"noreferrer noopener\">Expanding the boundaries of epistemicity: epistemic modality, evidentiality, and beyond<\/a> (Karolina Grzech &amp; Henrik Bergqvist)<\/h3>\n\n\n\n<hr class=\"wp-block-separator has-alpha-channel-opacity\" \/>\n\n\n\n<h3 class=\"wp-block-heading\" id=\"WS3\"><strong>WS3<\/strong> <a href=\"https:\/\/societaslinguistica.eu\/sle2023\/wp-content\/uploads\/sites\/4\/2022\/12\/Expletives-at-the-syntax-discourse-interface-final.pdf\" target=\"_blank\" rel=\"noreferrer noopener\">Expletives at the syntax-discourse interfac<\/a><a href=\"https:\/\/societaslinguistica.eu\/sle2023\/wp-content\/uploads\/sites\/4\/2022\/10\/Expletives-at-the-syntax-discourse-interface.pdf\" target=\"_blank\" rel=\"noreferrer noopener\">e<\/a> (Hannah Booth &amp; Kim Groothuis)<\/h3>\n\n\n\n<hr class=\"wp-block-separator has-alpha-channel-opacity\" \/>\n\n\n\n<h3 class=\"wp-block-heading\" id=\"WS4\"><strong>WS4<\/strong> <a href=\"https:\/\/societaslinguistica.eu\/sle2023\/wp-content\/uploads\/sites\/4\/2022\/12\/EXPRESSING-SURPRISE-AT-THE-CROSSROADS-final.pdf\" target=\"_blank\" rel=\"noreferrer noopener\">Expressing surprise at the crossroads: Mirativity, exclamativity and (in)subordination in Romance languges<\/a> (Susana Rodr\u00edguez Rosique)<\/h3>\n\n\n\n<hr class=\"wp-block-separator has-alpha-channel-opacity\" \/>\n\n\n\n<h3 class=\"wp-block-heading\" id=\"WS5\"><strong>WS5<\/strong> <a href=\"https:\/\/societaslinguistica.eu\/sle2023\/wp-content\/uploads\/sites\/4\/2022\/12\/INFLECTION-AND-DERIVATION-IN-THE-SLAVIC-VERB-final.pdf\" target=\"_blank\" rel=\"noreferrer noopener\">Inflection and derivation in the Slavic verb<\/a> (Marijana Marelj, Ora Matushansky &amp; Sergei Tatevosov)<\/h3>\n\n\n\n<hr class=\"wp-block-separator has-alpha-channel-opacity\" \/>\n\n\n\n<h3 class=\"wp-block-heading\" id=\"WS6\"><strong>WS6<\/strong> <a href=\"https:\/\/societaslinguistica.eu\/sle2023\/wp-content\/uploads\/sites\/4\/2022\/12\/Language-change-in-the-Arctic-final.pdf\" target=\"_blank\" rel=\"noreferrer noopener\">Language change in the Arctic<\/a> (Lenore Grenoble &amp; Olesya Khanina)<\/h3>\n\n\n\n<hr class=\"wp-block-separator has-alpha-channel-opacity\" \/>\n\n\n\n<h3 class=\"wp-block-heading\" id=\"WS7\"><strong>WS7<\/strong> <a href=\"https:\/\/societaslinguistica.eu\/sle2023\/wp-content\/uploads\/sites\/4\/2022\/12\/Left-and-right-peripheries-in-discourse-final-1.pdf\" target=\"_blank\" rel=\"noreferrer noopener\">Left and right peripheries in discourse: Theoretical and empirical perspectives across languages<\/a><a href=\"https:\/\/societaslinguistica.eu\/sle2023\/wp-content\/uploads\/sites\/4\/2022\/10\/Left-and-right-peripheries-in-discourse.pdf\" target=\"_blank\" rel=\"noreferrer noopener\"> <\/a>(Matthias Klumm &amp; Augustin Speyer)<\/h3>\n\n\n\n<hr class=\"wp-block-separator has-alpha-channel-opacity\" \/>\n\n\n\n<h3 class=\"wp-block-heading\" id=\"WS8\"><strong>WS8 <\/strong><a href=\"https:\/\/societaslinguistica.eu\/sle2023\/wp-content\/uploads\/sites\/4\/2022\/12\/Linguistics-of-Weather-final.pdf\" target=\"_blank\" rel=\"noreferrer noopener\">Linguistics of Weather: neglected phenomena, neglected languages, neglected constructions<\/a> (Katia Paykin &amp; Machteld Meulleman)<\/h3>\n\n\n\n<hr class=\"wp-block-separator has-alpha-channel-opacity\" \/>\n\n\n\n<h3 class=\"wp-block-heading\" id=\"WS9\"><strong>WS9<\/strong> <a href=\"https:\/\/societaslinguistica.eu\/sle2023\/wp-content\/uploads\/sites\/4\/2022\/12\/Locative-and-existential-predication-final.pdf\">Locative and existential predication &#8211; Core and periphery<\/a> (Rodolfo Basile, Josefina Budzisch &amp; Chris Lasse D\u00e4britz)<\/h3>\n\n\n\n<hr class=\"wp-block-separator has-alpha-channel-opacity\" \/>\n\n\n\n<h3 class=\"wp-block-heading\" id=\"WS10\"><strong>WS10<\/strong> <a href=\"https:\/\/societaslinguistica.eu\/sle2023\/wp-content\/uploads\/sites\/4\/2022\/12\/On-the-spatial-diffusion-of-linguistic-changes-final.pdf\" target=\"_blank\" rel=\"noreferrer noopener\">On the spatial diffusion of linguistic changes: new methods and theoretical perspectives<\/a><a href=\"https:\/\/societaslinguistica.eu\/sle2023\/wp-content\/uploads\/sites\/4\/2022\/11\/On-the-spatial-diffusion-of-linguistic-changes.pdf\" target=\"_blank\" rel=\"noreferrer noopener\">.<\/a> (Andr\u00e9s Enrique-Arias, Carlota de Benito Moreno &amp; Florencio del Barrio de la Rosa)<\/h3>\n\n\n\n<hr class=\"wp-block-separator has-alpha-channel-opacity\" \/>\n\n\n\n<h3 class=\"wp-block-heading\" id=\"WS11\"><strong>WS11<\/strong> <a href=\"https:\/\/societaslinguistica.eu\/sle2023\/wp-content\/uploads\/sites\/4\/2022\/12\/Pragmatic-phenomena-in-argumentation-final.pdf\" target=\"_blank\" rel=\"noreferrer noopener\">Pragmatic phenomena in argumentation. It is not only about <em>what<\/em> you say, but also about <em>how<\/em> you say it<\/a> (Jennifer Schumann &amp; Steve Oswald)<\/h3>\n\n\n\n<hr class=\"wp-block-separator has-alpha-channel-opacity\" \/>\n\n\n\n<h3 class=\"wp-block-heading\" id=\"WS12\"><strong>WS12 <\/strong><a href=\"https:\/\/societaslinguistica.eu\/sle2023\/wp-content\/uploads\/sites\/4\/2022\/12\/Questions-in-monologic-discourse-final.pdf\" target=\"_blank\" rel=\"noreferrer noopener\">Questions in monologic discourse<\/a><a href=\"https:\/\/societaslinguistica.eu\/sle2023\/wp-content\/uploads\/sites\/4\/2022\/11\/Questions-in-monologic-discourse_workshop-proposal-EXT.pdf\" target=\"_blank\" rel=\"noreferrer noopener\"> <\/a>(Agn\u00e8s Celle &amp; Am\u00e1lia Mendes)<\/h3>\n\n\n\n<hr class=\"wp-block-separator has-alpha-channel-opacity\" \/>\n\n\n\n<h3 class=\"wp-block-heading\" id=\"WS13\"><strong>WS13<\/strong> <a href=\"https:\/\/societaslinguistica.eu\/sle2023\/wp-content\/uploads\/sites\/4\/2022\/12\/Re-evaluating-the-relationship-between-defectivity-and-overabundance-final.pdf\" target=\"_blank\" rel=\"noreferrer noopener\">Re-evaluating the relationship between defectivity and overabundance<\/a> (Neil Bermel &amp; Dunstan Brown)<\/h3>\n\n\n\n<hr class=\"wp-block-separator has-alpha-channel-opacity\" \/>\n\n\n\n<h3 class=\"wp-block-heading\" id=\"WS14\"><strong>WS14<\/strong> <a href=\"https:\/\/societaslinguistica.eu\/sle2023\/wp-content\/uploads\/sites\/4\/2022\/12\/Similarity-of-quality-workshop-final.pdf\" target=\"_blank\" rel=\"noreferrer noopener\">Similarity of quality and denominal similatives: semantic sources, pathways, and types  of usage<\/a> (Anna Kisiel &amp; Alena Kolyaseva)<\/h3>\n\n\n\n<hr class=\"wp-block-separator has-alpha-channel-opacity\" \/>\n\n\n\n<h3 class=\"wp-block-heading\" id=\"WS15\"><strong>WS15<\/strong> <a href=\"https:\/\/societaslinguistica.eu\/sle2023\/wp-content\/uploads\/sites\/4\/2022\/12\/Sociotypology-final.pdf\" target=\"_blank\" rel=\"noreferrer noopener\">Sociotypology: linking language variation to sociological diversity<\/a> (Antonio Ben\u00edtez-Burraco &amp; David Gil)<\/h3>\n\n\n\n<hr class=\"wp-block-separator has-alpha-channel-opacity\" \/>\n\n\n\n<h3 class=\"wp-block-heading\" id=\"WS16\"><strong>WS16<\/strong> <a href=\"https:\/\/societaslinguistica.eu\/sle2023\/wp-content\/uploads\/sites\/4\/2022\/12\/SOUND-SYMBOLISM-AND-ONOMATOPOEIA-final.pdf\" target=\"_blank\" rel=\"noreferrer noopener\">Sound symbolism and onomatopoeia<\/a> (L\u00edvia K\u00f6rtv\u00e9lyessy, Pius W. Akumbu &amp; Maria Flaksman)<\/h3>\n\n\n\n<hr class=\"wp-block-separator has-alpha-channel-opacity\" \/>\n\n\n\n<h3 class=\"wp-block-heading\" id=\"WS17\"><strong>WS17<\/strong> <a href=\"https:\/\/societaslinguistica.eu\/sle2023\/wp-content\/uploads\/sites\/4\/2022\/12\/The-concept-of-manner-and-its-linguistic-realizations-final.pdf\" target=\"_blank\" rel=\"noreferrer noopener\">The concept of manner and its linguistic realizations<\/a> (Olivier Duplatre &amp; Patrick Duffley)<\/h3>\n\n\n\n<hr class=\"wp-block-separator has-alpha-channel-opacity\" \/>\n\n\n\n<h3 class=\"wp-block-heading\" id=\"WS18\"><strong>WS18<\/strong> <a href=\"https:\/\/societaslinguistica.eu\/sle2023\/wp-content\/uploads\/sites\/4\/2022\/12\/The-Grammar-of-Impoliteness-final.pdf\" target=\"_blank\" rel=\"noreferrer noopener\">The Grammar of Impoliteness<\/a> (Marta Andersson, Riccardo Giomi &amp; Daniel Van Olmen)<\/h3>\n\n\n\n<hr class=\"wp-block-separator has-alpha-channel-opacity\" \/>\n\n\n\n<h3 class=\"wp-block-heading\" id=\"WS19\"><strong>WS19<\/strong> <a href=\"https:\/\/societaslinguistica.eu\/sle2023\/wp-content\/uploads\/sites\/4\/2022\/12\/Translations-in-the-history-of-languages-final.pdf\" target=\"_blank\" rel=\"noreferrer noopener\">Translations in the history of languages: From their position in historical corpora to their effects on language change<\/a> (Nikolaos Lavidas, Robert Crellin, Hanne Eckhoff, Dag Haug)<\/h3>\n\n\n\n<hr class=\"wp-block-separator has-alpha-channel-opacity\" \/>\n\n\n\n<h3 class=\"wp-block-heading\" id=\"WS20\"><strong>WS20<\/strong> <a href=\"https:\/\/societaslinguistica.eu\/sle2023\/wp-content\/uploads\/sites\/4\/2022\/12\/Verbal-periphrases-in-Romance-final.pdf\" target=\"_blank\" rel=\"noreferrer noopener\">Verbal periphrases in Romance: new theoretical, empirical, and methodological challenges<\/a> (Renata Enghels, Mar Garachana &amp; Mar\u00eda Sol Sansi\u00f1ena)<\/h3>\n\n\n\n<hr class=\"wp-block-separator has-alpha-channel-opacity\" \/>\n","protected":false},"excerpt":{"rendered":"<p>Calls on the Linguistlist WS1 Diachronic Morphosyntax in South American Languages (Bruno Estigarribia &amp; Fabr\u00edcio Ferraz Gerardi) WS2 Expanding the boundaries of epistemicity: epistemic modality, evidentiality, and beyond (Karolina Grzech &amp; Henrik Bergqvist) WS3 Expletives at the syntax-discourse interface (Hannah Booth &amp; Kim Groothuis) WS4 Expressing surprise at the crossroads: Mirativity, exclamativity and (in)subordination in [&hellip;]<\/p>\n","protected":false},"author":2,"featured_media":0,"parent":0,"menu_order":0,"comment_status":"closed","ping_status":"closed","template":"","meta":{"_acf_changed":false,"footnotes":""},"class_list":["post-500","page","type-page","status-publish","hentry"],"acf":[],"yoast_head":"<!-- This site is optimized with the Yoast SEO plugin v23.1 - https:\/\/yoast.com\/wordpress\/plugins\/seo\/ -->\n<title>List of workshops - SLE 2023<\/title>\n<meta name=\"robots\" content=\"index, follow, max-snippet:-1, max-image-preview:large, max-video-preview:-1\" \/>\n<link rel=\"canonical\" href=\"https:\/\/societaslinguistica.eu\/sle2023\/workshops\/\" \/>\n<meta property=\"og:locale\" content=\"en_US\" \/>\n<meta property=\"og:type\" content=\"article\" \/>\n<meta property=\"og:title\" content=\"List of workshops - SLE 2023\" \/>\n<meta property=\"og:description\" content=\"Calls on the Linguistlist WS1 Diachronic Morphosyntax in South American Languages (Bruno Estigarribia &amp; Fabr\u00edcio Ferraz Gerardi) WS2 Expanding the boundaries of epistemicity: epistemic modality, evidentiality, and beyond (Karolina Grzech &amp; Henrik Bergqvist) WS3 Expletives at the syntax-discourse interface (Hannah Booth &amp; Kim Groothuis) WS4 Expressing surprise at the crossroads: Mirativity, exclamativity and (in)subordination in [&hellip;]\" \/>\n<meta property=\"og:url\" content=\"https:\/\/societaslinguistica.eu\/sle2023\/workshops\/\" \/>\n<meta property=\"og:site_name\" content=\"SLE 2023\" \/>\n<meta property=\"article:modified_time\" content=\"2023-07-25T09:25:19+00:00\" \/>\n<meta name=\"twitter:card\" content=\"summary_large_image\" \/>\n<meta name=\"twitter:label1\" content=\"Est. reading time\" \/>\n\t<meta name=\"twitter:data1\" content=\"3 minutes\" \/>\n<script type=\"application\/ld+json\" class=\"yoast-schema-graph\">{\"@context\":\"https:\/\/schema.org\",\"@graph\":[{\"@type\":\"WebPage\",\"@id\":\"https:\/\/societaslinguistica.eu\/sle2023\/workshops\/\",\"url\":\"https:\/\/societaslinguistica.eu\/sle2023\/workshops\/\",\"name\":\"List of workshops - SLE 2023\",\"isPartOf\":{\"@id\":\"https:\/\/societaslinguistica.eu\/sle2023\/#website\"},\"datePublished\":\"2022-10-19T21:05:46+00:00\",\"dateModified\":\"2023-07-25T09:25:19+00:00\",\"breadcrumb\":{\"@id\":\"https:\/\/societaslinguistica.eu\/sle2023\/workshops\/#breadcrumb\"},\"inLanguage\":\"en-US\",\"potentialAction\":[{\"@type\":\"ReadAction\",\"target\":[\"https:\/\/societaslinguistica.eu\/sle2023\/workshops\/\"]}]},{\"@type\":\"BreadcrumbList\",\"@id\":\"https:\/\/societaslinguistica.eu\/sle2023\/workshops\/#breadcrumb\",\"itemListElement\":[{\"@type\":\"ListItem\",\"position\":1,\"name\":\"Home\",\"item\":\"https:\/\/societaslinguistica.eu\/sle2023\/\"},{\"@type\":\"ListItem\",\"position\":2,\"name\":\"List of workshops\"}]},{\"@type\":\"WebSite\",\"@id\":\"https:\/\/societaslinguistica.eu\/sle2023\/#website\",\"url\":\"https:\/\/societaslinguistica.eu\/sle2023\/\",\"name\":\"SLE 2023\",\"description\":\"29 August - 1 September 2023\",\"publisher\":{\"@id\":\"https:\/\/societaslinguistica.eu\/sle2023\/#organization\"},\"potentialAction\":[{\"@type\":\"SearchAction\",\"target\":{\"@type\":\"EntryPoint\",\"urlTemplate\":\"https:\/\/societaslinguistica.eu\/sle2023\/?s={search_term_string}\"},\"query-input\":\"required name=search_term_string\"}],\"inLanguage\":\"en-US\"},{\"@type\":\"Organization\",\"@id\":\"https:\/\/societaslinguistica.eu\/sle2023\/#organization\",\"name\":\"Societas Linguistica Europaea\",\"url\":\"https:\/\/societaslinguistica.eu\/sle2023\/\",\"logo\":{\"@type\":\"ImageObject\",\"inLanguage\":\"en-US\",\"@id\":\"https:\/\/societaslinguistica.eu\/sle2023\/#\/schema\/logo\/image\/\",\"url\":\"https:\/\/societaslinguistica.eu\/sle2023\/wp-content\/uploads\/sites\/4\/2021\/12\/SLE-logo.png\",\"contentUrl\":\"https:\/\/societaslinguistica.eu\/sle2023\/wp-content\/uploads\/sites\/4\/2021\/12\/SLE-logo.png\",\"width\":242,\"height\":242,\"caption\":\"Societas Linguistica Europaea\"},\"image\":{\"@id\":\"https:\/\/societaslinguistica.eu\/sle2023\/#\/schema\/logo\/image\/\"}}]}<\/script>\n<!-- \/ Yoast SEO plugin. -->","yoast_head_json":{"title":"List of workshops - SLE 2023","robots":{"index":"index","follow":"follow","max-snippet":"max-snippet:-1","max-image-preview":"max-image-preview:large","max-video-preview":"max-video-preview:-1"},"canonical":"https:\/\/societaslinguistica.eu\/sle2023\/workshops\/","og_locale":"en_US","og_type":"article","og_title":"List of workshops - SLE 2023","og_description":"Calls on the Linguistlist WS1 Diachronic Morphosyntax in South American Languages (Bruno Estigarribia &amp; Fabr\u00edcio Ferraz Gerardi) WS2 Expanding the boundaries of epistemicity: epistemic modality, evidentiality, and beyond (Karolina Grzech &amp; Henrik Bergqvist) WS3 Expletives at the syntax-discourse interface (Hannah Booth &amp; Kim Groothuis) WS4 Expressing surprise at the crossroads: Mirativity, exclamativity and (in)subordination in [&hellip;]","og_url":"https:\/\/societaslinguistica.eu\/sle2023\/workshops\/","og_site_name":"SLE 2023","article_modified_time":"2023-07-25T09:25:19+00:00","twitter_card":"summary_large_image","twitter_misc":{"Est. reading time":"3 minutes"},"schema":{"@context":"https:\/\/schema.org","@graph":[{"@type":"WebPage","@id":"https:\/\/societaslinguistica.eu\/sle2023\/workshops\/","url":"https:\/\/societaslinguistica.eu\/sle2023\/workshops\/","name":"List of workshops - SLE 2023","isPartOf":{"@id":"https:\/\/societaslinguistica.eu\/sle2023\/#website"},"datePublished":"2022-10-19T21:05:46+00:00","dateModified":"2023-07-25T09:25:19+00:00","breadcrumb":{"@id":"https:\/\/societaslinguistica.eu\/sle2023\/workshops\/#breadcrumb"},"inLanguage":"en-US","potentialAction":[{"@type":"ReadAction","target":["https:\/\/societaslinguistica.eu\/sle2023\/workshops\/"]}]},{"@type":"BreadcrumbList","@id":"https:\/\/societaslinguistica.eu\/sle2023\/workshops\/#breadcrumb","itemListElement":[{"@type":"ListItem","position":1,"name":"Home","item":"https:\/\/societaslinguistica.eu\/sle2023\/"},{"@type":"ListItem","position":2,"name":"List of workshops"}]},{"@type":"WebSite","@id":"https:\/\/societaslinguistica.eu\/sle2023\/#website","url":"https:\/\/societaslinguistica.eu\/sle2023\/","name":"SLE 2023","description":"29 August - 1 September 2023","publisher":{"@id":"https:\/\/societaslinguistica.eu\/sle2023\/#organization"},"potentialAction":[{"@type":"SearchAction","target":{"@type":"EntryPoint","urlTemplate":"https:\/\/societaslinguistica.eu\/sle2023\/?s={search_term_string}"},"query-input":"required name=search_term_string"}],"inLanguage":"en-US"},{"@type":"Organization","@id":"https:\/\/societaslinguistica.eu\/sle2023\/#organization","name":"Societas Linguistica Europaea","url":"https:\/\/societaslinguistica.eu\/sle2023\/","logo":{"@type":"ImageObject","inLanguage":"en-US","@id":"https:\/\/societaslinguistica.eu\/sle2023\/#\/schema\/logo\/image\/","url":"https:\/\/societaslinguistica.eu\/sle2023\/wp-content\/uploads\/sites\/4\/2021\/12\/SLE-logo.png","contentUrl":"https:\/\/societaslinguistica.eu\/sle2023\/wp-content\/uploads\/sites\/4\/2021\/12\/SLE-logo.png","width":242,"height":242,"caption":"Societas Linguistica Europaea"},"image":{"@id":"https:\/\/societaslinguistica.eu\/sle2023\/#\/schema\/logo\/image\/"}}]}},"_links":{"self":[{"href":"https:\/\/societaslinguistica.eu\/sle2023\/wp-json\/wp\/v2\/pages\/500"}],"collection":[{"href":"https:\/\/societaslinguistica.eu\/sle2023\/wp-json\/wp\/v2\/pages"}],"about":[{"href":"https:\/\/societaslinguistica.eu\/sle2023\/wp-json\/wp\/v2\/types\/page"}],"author":[{"embeddable":true,"href":"https:\/\/societaslinguistica.eu\/sle2023\/wp-json\/wp\/v2\/users\/2"}],"replies":[{"embeddable":true,"href":"https:\/\/societaslinguistica.eu\/sle2023\/wp-json\/wp\/v2\/comments?post=500"}],"version-history":[{"count":82,"href":"https:\/\/societaslinguistica.eu\/sle2023\/wp-json\/wp\/v2\/pages\/500\/revisions"}],"predecessor-version":[{"id":883,"href":"https:\/\/societaslinguistica.eu\/sle2023\/wp-json\/wp\/v2\/pages\/500\/revisions\/883"}],"wp:attachment":[{"href":"https:\/\/societaslinguistica.eu\/sle2023\/wp-json\/wp\/v2\/media?parent=500"}],"curies":[{"name":"wp","href":"https:\/\/api.w.org\/{rel}","templated":true}]}}