{"id":30,"date":"2021-11-06T16:28:15","date_gmt":"2021-11-06T15:28:15","guid":{"rendered":"https:\/\/societaslinguistica.test\/sle2022\/?page_id=30"},"modified":"2023-03-27T16:46:42","modified_gmt":"2023-03-27T14:46:42","slug":"committees","status":"publish","type":"page","link":"https:\/\/societaslinguistica.eu\/sle2023\/committees\/","title":{"rendered":"Committees"},"content":{"rendered":"<div id=\"ez-toc-container\" class=\"ez-toc-v2_0_68_1 counter-hierarchy ez-toc-counter ez-toc-transparent ez-toc-container-direction\">\n<nav><ul class='ez-toc-list ez-toc-list-level-1 ' ><li class='ez-toc-page-1 ez-toc-heading-level-2'><a class=\"ez-toc-link ez-toc-heading-1\" href=\"https:\/\/societaslinguistica.eu\/sle2023\/committees\/#organising-committee\" title=\"Organising Committee\">Organising Committee<\/a><\/li><li class='ez-toc-page-1 ez-toc-heading-level-2'><a class=\"ez-toc-link ez-toc-heading-2\" href=\"https:\/\/societaslinguistica.eu\/sle2023\/committees\/#programme-committee\" title=\"Programme Committee\">Programme Committee<\/a><\/li><\/ul><\/nav><\/div>\n\n<h2 class=\"wp-block-heading\"><span class=\"ez-toc-section\" id=\"organising-committee\"><\/span>Organising Committee<span class=\"ez-toc-section-end\"><\/span><\/h2>\n\n\n\n<h3 class=\"wp-block-heading\">Chair of the local organising committee<\/h3>\n\n\n\n<h5 class=\"wp-block-heading\">Nikolaos Lavidas (Athens)<\/h5>\n\n\n\n<p><\/p>\n\n\n\n<p><strong>Other members of the Local Organising Committee<\/strong><\/p>\n\n\n\n<p>Spyridoula Bella, Amalia Moser, Kiki Nikiforidou, Evangelia Vlachou&nbsp;<\/p>\n\n\n\n<h3 class=\"wp-block-heading\">SLE Conference Manager<\/h3>\n\n\n\n<h5 class=\"wp-block-heading\">Anna Kisiel (KU Leuven)<\/h5>\n\n\n\n<h3 class=\"wp-block-heading\">SLE Treasurer<\/h3>\n\n\n\n<h5 class=\"wp-block-heading\">Lachlan Mackenzie (formerly VU Amsterdam)<\/h5>\n\n\n\n<h3 class=\"wp-block-heading\">SLE Secretary<\/h3>\n\n\n\n<h5 class=\"wp-block-heading\">Bert Cornillie (KU Leuven)<\/h5>\n\n\n\n<p><\/p>\n\n\n\n<h2 class=\"wp-block-heading\"><span class=\"ez-toc-section\" id=\"programme-committee\"><\/span>Programme Committee<span class=\"ez-toc-section-end\"><\/span><\/h2>\n\n\n\n<h3 class=\"wp-block-heading\">Chair of workshops<\/h3>\n\n\n\n<p class=\"has-medium-font-size\">Francesca Di Garbo (Aix-Marseille Universit\u00e9 \u2013 CNRS Laboratoire Parole et Langage) <\/p>\n\n\n\n<h3 class=\"wp-block-heading\">Chair of the general session<\/h3>\n\n\n\n<p class=\"has-medium-font-size\">Karolina Grzech (Universtat de Val\u00e8ncia &#8211; Stockholm Universitet)<\/p>\n\n\n\n<h3 class=\"wp-block-heading\">Members<\/h3>\n\n\n\n<p class=\"has-medium-font-size\"><\/p>\n\n\n\n<p class=\"has-medium-font-size\"><\/p>\n\n\n\n<p class=\"has-medium-font-size\">Shanley Allen (University of Kaiserslautern)<\/p>\n\n\n\n<p class=\"has-medium-font-size\">Reili Argus (Tallinn University)<\/p>\n\n\n\n<p class=\"has-medium-font-size\">Anthony Backhouse (Hokkaido University)<\/p>\n\n\n\n<p class=\"has-medium-font-size\">J\u00f3hanna Bar\u00f0dal (Ghent University)<\/p>\n\n\n\n<p class=\"has-medium-font-size\"><\/p>\n\n\n\n<p class=\"has-medium-font-size\">Dorothee Beermann (NTNU Trondheim)<\/p>\n\n\n\n<p class=\"has-medium-font-size\">Spyridoula Bella (University of Athens)<\/p>\n\n\n\n<p class=\"has-medium-font-size\">Valeria Belloro (Autonomous University of Quer\u00e9taro)<\/p>\n\n\n\n<p class=\"has-medium-font-size\">Theresa Biberauer (Cambridge University, University of Stellenbosch)<\/p>\n\n\n\n<p class=\"has-medium-font-size\">Anna Bondaruk, John Paul II Catholic University of Lublin)<\/p>\n\n\n\n<p class=\"has-medium-font-size\">Kasper Boye (University of Copenhagen)<\/p>\n\n\n\n<p class=\"has-medium-font-size\">Wayles Browne (Cornell University)<\/p>\n\n\n\n<p class=\"has-medium-font-size\">Gabriela B\u00eelb\u00eeie (Universit\u00e9 Paris 7)<\/p>\n\n\n\n<p class=\"has-medium-font-size\">Concepci\u00f3n Cabrillana (University of Santiago de Compostela)<\/p>\n\n\n\n<p class=\"has-medium-font-size\"><\/p>\n\n\n\n<p class=\"has-medium-font-size\">Michela Cennamo (University of Naples Federico II)<\/p>\n\n\n\n<p class=\"has-medium-font-size\"><\/p>\n\n\n\n<p class=\"has-medium-font-size\">Bert Cornillie (KU Leuven)<\/p>\n\n\n\n<p class=\"has-medium-font-size\">Silvio Cruschina (University of Helsinki)<\/p>\n\n\n\n<p class=\"has-medium-font-size\"> <\/p>\n\n\n\n<p class=\"has-medium-font-size\"><\/p>\n\n\n\n<p class=\"has-medium-font-size\">Andriy Danylenko (Pace University)<\/p>\n\n\n\n<p class=\"has-medium-font-size\">Jesus De La Villa (Autonomous University of Madrid)<\/p>\n\n\n\n<p class=\"has-medium-font-size\"><\/p>\n\n\n\n<p class=\"has-medium-font-size\">Nicole Delbecque (KU Leuven)<\/p>\n\n\n\n<p class=\"has-medium-font-size\">Nina Dobrushina (National Research University Higher School of Economics)<\/p>\n\n\n\n<p class=\"has-medium-font-size\">Adina Dragomirescu (Institute of Linguistics Iorgu Iordan &#8211; Al. Rosetti, Bucharest)<\/p>\n\n\n\n<p class=\"has-medium-font-size\">Michael Dunn (Uppsala University)<\/p>\n\n\n\n<p class=\"has-medium-font-size\"><\/p>\n\n\n\n<p class=\"has-medium-font-size\">Victoria Escandell-Vidal (Universidad Complutense de Madrid)<\/p>\n\n\n\n<p class=\"has-medium-font-size\">Urtzi Etxeberria (CNRS-IKER)<\/p>\n\n\n\n<p class=\"has-medium-font-size\"><\/p>\n\n\n\n<p class=\"has-medium-font-size\">Thorhallur Eythorsson (University of Iceland)<\/p>\n\n\n\n<p class=\"has-medium-font-size\"><\/p>\n\n\n\n<p class=\"has-medium-font-size\">Teresa Fanego (University of Santiago de Compostela)<\/p>\n\n\n\n<p class=\"has-medium-font-size\">Ad Foolen (Radboud University Nijmegen)<\/p>\n\n\n\n<p class=\"has-medium-font-size\">Livio Gaeta (University of Turin)<\/p>\n\n\n\n<p class=\"has-medium-font-size\">Mar\u00eda Del Pilar Garc\u00eda Mayo (University of the Basque Country UPV\/EHU)<\/p>\n\n\n\n<p class=\"has-medium-font-size\">Antonio Garc\u00eda-G\u00f3mez (University of Alcal\u00e1)<\/p>\n\n\n\n<p class=\"has-medium-font-size\">Michalis Georgiafentis (National and Kapodistrian University of Athens)<\/p>\n\n\n\n<p class=\"has-medium-font-size\">Klaus Geyer (University of Southern Denmark)<\/p>\n\n\n\n<p class=\"has-medium-font-size\"><\/p>\n\n\n\n<p class=\"has-medium-font-size\">Chiara Gianollo (University of Bologna)<\/p>\n\n\n\n<p class=\"has-medium-font-size\">Spike Gildea (University of Oregon)<\/p>\n\n\n\n<p class=\"has-medium-font-size\">Alessandra Giorgi (University of Venice)<\/p>\n\n\n\n<p class=\"has-medium-font-size\">Francisco Gonz\u00e1lvez Garc\u00eda (University of Almer\u00eda)<\/p>\n\n\n\n<p class=\"has-medium-font-size\">Eitan Grossman (Hebrew University)<\/p>\n\n\n\n<p class=\"has-medium-font-size\">Eva Haji\u010dov\u00e1 (Charles University in Prague)<\/p>\n\n\n\n<p class=\"has-medium-font-size\">Camiel Hamans (Adam Mickiewicz University in Pozna\u0144)<\/p>\n\n\n\n<p class=\"has-medium-font-size\">Bjorn Hansen (University of Regensburg)<\/p>\n\n\n\n<p class=\"has-medium-font-size\"><\/p>\n\n\n\n<p class=\"has-medium-font-size\">Martin Haspelmath (MPI-SHH Leipzig)<\/p>\n\n\n\n<p class=\"has-medium-font-size\">Katharina Haude (CNRS)<\/p>\n\n\n\n<p class=\"has-medium-font-size\"><\/p>\n\n\n\n<p class=\"has-medium-font-size\">Lars Hellan (NTNU Trondheim)<\/p>\n\n\n\n<p class=\"has-medium-font-size\">Hans Henrich Hock (University of Illinois at Urbana-Champaign)<\/p>\n\n\n\n<p class=\"has-medium-font-size\">Rui-Heng Huang (National Taipei University of Business)<\/p>\n\n\n\n<p class=\"has-medium-font-size\">Aritz Irurtzun (CNRS-IKER)<\/p>\n\n\n\n<p class=\"has-medium-font-size\">Andra Kalna\u010da (University of Latvia, Riga)<\/p>\n\n\n\n<p class=\"has-medium-font-size\"><\/p>\n\n\n\n<p class=\"has-medium-font-size\">Seppo Kittila (University of Helsinki)<\/p>\n\n\n\n<p class=\"has-medium-font-size\">Ekkehard Koenig (FU Berlin)<\/p>\n\n\n\n<p class=\"has-medium-font-size\">L\u00edvia K\u00f6rtv\u00e9lyessy (P. J. \u0160af\u00e1rik University in Ko\u0161ice)<\/p>\n\n\n\n<p class=\"has-medium-font-size\">Gitte Kristiansen (Complutense University of Madrid)<\/p>\n\n\n\n<p class=\"has-medium-font-size\">Martin K\u00fcmmel (Friedrich Schiller University Jena)<\/p>\n\n\n\n<p class=\"has-medium-font-size\">Meri Larjavaara (\u00c5bo Akademi, Helsinki)<\/p>\n\n\n\n<p class=\"has-medium-font-size\">Pierre Larriv\u00e9e (University of Caen)<\/p>\n\n\n\n<p class=\"has-medium-font-size\">Nikolaos Lavidas (National and Kapodistrian University of Athens)<\/p>\n\n\n\n<p class=\"has-medium-font-size\">Diana Lewis (Aix Marseille University)<\/p>\n\n\n\n<p class=\"has-medium-font-size\"><\/p>\n\n\n\n<p class=\"has-medium-font-size\">Maria-Rosa Lloret (University of Barcelona)<\/p>\n\n\n\n<p class=\"has-medium-font-size\">Luc\u00eda Loureiro-Porto (University of the Balearic Islands)<\/p>\n\n\n\n<p class=\"has-medium-font-size\">Silvia Luraghi (University of Pavia)<\/p>\n\n\n\n<p class=\"has-medium-font-size\">Mar\u00eda Jos\u00e9 L\u00f3pez-Couso (University of Santiago de Compostela)<\/p>\n\n\n\n<p class=\"has-medium-font-size\"><\/p>\n\n\n\n<p class=\"has-medium-font-size\">Francesca Masini (University of Bologna)<\/p>\n\n\n\n<p class=\"has-medium-font-size\">Dejan Matic (University of M\u00fcnster)<\/p>\n\n\n\n<p class=\"has-medium-font-size\">Helle Metslang (University of Tartu)<\/p>\n\n\n\n<p class=\"has-medium-font-size\"><\/p>\n\n\n\n<p class=\"has-medium-font-size\">Susanne Maria Michaelis (Leipzig University)<\/p>\n\n\n\n<p class=\"has-medium-font-size\">Matti Miestamo (University of Helsinki)<\/p>\n\n\n\n<p class=\"has-medium-font-size\">George Mikros (National and Kapodistrian University of Athens)<\/p>\n\n\n\n<p class=\"has-medium-font-size\">Marianne Mithun (University of California, Santa Barbara)<\/p>\n\n\n\n<p class=\"has-medium-font-size\">Liljana Mitkovska (FON University)<\/p>\n\n\n\n<p class=\"has-medium-font-size\">Edith Moravcsik (University of Wisconsin-Milwaukee)<\/p>\n\n\n\n<p class=\"has-medium-font-size\">Nicola Munaro (Ca&#8217; Foscari University of Venice)<\/p>\n\n\n\n<p class=\"has-medium-font-size\">Bel\u00e9n M\u00e9ndez Naya (University of Santiago de Compostela)<\/p>\n\n\n\n<p class=\"has-medium-font-size\">Maria Napoli (University of Eastern Piedmont)<\/p>\n\n\n\n<p class=\"has-medium-font-size\">Alexandru Nicolae (Institute of Linguistics, Bucharest)<\/p>\n\n\n\n<p class=\"has-medium-font-size\">Kiki Nikiforidou (University of Athens)<\/p>\n\n\n\n<p class=\"has-medium-font-size\">Tatiana Nikitina (CNRS)<\/p>\n\n\n\n<p class=\"has-medium-font-size\">Jan Nuyts (University of Antwerp)<\/p>\n\n\n\n<p class=\"has-medium-font-size\">Karl Pajusalu (University of Tartu)<\/p>\n\n\n\n<p class=\"has-medium-font-size\"><\/p>\n\n\n\n<p class=\"has-medium-font-size\">Theodossia-Soula Pavlidou (Aristotle University of Thessaloniki)<\/p>\n\n\n\n<p class=\"has-medium-font-size\">Thomas Payne (University of Oregon)<\/p>\n\n\n\n<p class=\"has-medium-font-size\">Vladimir Plungian (Institute of Linguistics RAS, Moscow)<\/p>\n\n\n\n<p class=\"has-medium-font-size\">Lola Pons-Rodr\u00edguez (University of Seville)<\/p>\n\n\n\n<p class=\"has-medium-font-size\">Rodrigo P\u00e9rez-Lorido (University of Oviedo)<\/p>\n\n\n\n<p class=\"has-medium-font-size\">Angela Ralli (University of Patras)<\/p>\n\n\n\n<p class=\"has-medium-font-size\">Eric Reuland (Utrecht University)<\/p>\n\n\n\n<p class=\"has-medium-font-size\">Nikolaus Ritt (University of Vienna)<\/p>\n\n\n\n<p class=\"has-medium-font-size\">Jorge Emilio Ros\u00e9s Labrada (University of Alberta)<\/p>\n\n\n\n<p class=\"has-medium-font-size\">Anna Roussou (University of Patras)<\/p>\n\n\n\n<p class=\"has-medium-font-size\">Francisco Ruiz de Mendoza Ib\u00e1\u00f1ez (University of La Rioja)<\/p>\n\n\n\n<p class=\"has-medium-font-size\">Cinzia Russi (The University of Texas at Austin)<\/p>\n\n\n\n<p class=\"has-medium-font-size\">Andrea Sans\u00f2 (University of Insubria)<\/p>\n\n\n\n<p class=\"has-medium-font-size\">Barbara Schl\u00fccker (Leipzig University)<\/p>\n\n\n\n<p class=\"has-medium-font-size\">Stephan Schmid (University of Zurich)<\/p>\n\n\n\n<p class=\"has-medium-font-size\">Petra Sleeman (University of Amsterdam)<\/p>\n\n\n\n<p class=\"has-medium-font-size\">Elena Smirnova (University of Neuch\u00e2tel)<\/p>\n\n\n\n<p class=\"has-medium-font-size\"><\/p>\n\n\n\n<p class=\"has-medium-font-size\">Augusto Soares Da Silva (Catholic University of Portugal)<\/p>\n\n\n\n<p class=\"has-medium-font-size\"><\/p>\n\n\n\n<p class=\"has-medium-font-size\">Piotr Sobotka (Instytut Slawistyki, Warsaw)<\/p>\n\n\n\n<p class=\"has-medium-font-size\"><\/p>\n\n\n\n<p class=\"has-medium-font-size\"><\/p>\n\n\n\n<p class=\"has-medium-font-size\">Cristina Suarez-Gomez (University of the Balearic Islands)<\/p>\n\n\n\n<p class=\"has-medium-font-size\">Magda \u0160ev\u010d\u00edkov\u00e1 (Charles University in Prague)<\/p>\n\n\n\n<p class=\"has-medium-font-size\">Inesa \u0160e\u0161kauskien\u0117 (Vilnius University)<\/p>\n\n\n\n<p class=\"has-medium-font-size\">Beata Trawinski (IDS Mannheim)<\/p>\n\n\n\n<p class=\"has-medium-font-size\">Yvonne Treis (CNRS-LLACAN)<\/p>\n\n\n\n<p class=\"has-medium-font-size\">Jarmila T\u00e1rnyikov\u00e1 (Palack\u00fd University in Olomouc)<\/p>\n\n\n\n<p class=\"has-medium-font-size\">Johan van der Auwera (University of Antwerp)<\/p>\n\n\n\n<p class=\"has-medium-font-size\">Rik van Gijn (Leiden University)<\/p>\n\n\n\n<p class=\"has-medium-font-size\">Thomas Van Hoey (KU Leuven)<\/p>\n\n\n\n<p class=\"has-medium-font-size\">Guido Vanden Wyngaerd (KU Leuven)<\/p>\n\n\n\n<p class=\"has-medium-font-size\">Arie Verhagen (Leiden University Centre for Linguistics)<\/p>\n\n\n\n<p class=\"has-medium-font-size\">Anna Verschik (Tallinn University)<\/p>\n\n\n\n<p class=\"has-medium-font-size\">Jean-Christophe Verstraete (KU Leuven)<\/p>\n\n\n\n<p class=\"has-medium-font-size\">Letizia Vezzosi (University of Florence)<\/p>\n\n\n\n<p class=\"has-medium-font-size\">Nigel Vincent (University of Manchester)<\/p>\n\n\n\n<p class=\"has-medium-font-size\">Ferdinand von Mengden (FU Berlin)<\/p>\n\n\n\n<p class=\"has-medium-font-size\">Gerry Wakker (University of Groningen)<\/p>\n\n\n\n<p class=\"has-medium-font-size\">S\u00f8ren Wichmann (Leiden University)<\/p>\n\n\n\n<p class=\"has-medium-font-size\">Alena Witzlack-Makarevich (University of Kiel)<\/p>\n\n\n\n<p class=\"has-medium-font-size\">Magdalena Wrembel (Adam Mickiewicz University in Pozna\u0144)<\/p>\n\n\n\n<p class=\"has-medium-font-size\">Il-Il Yatziv-Malibert (INALCO, Paris).<\/p>\n\n\n\n<hr class=\"wp-block-separator has-css-opacity\" \/>\n","protected":false},"excerpt":{"rendered":"<p>Organising Committee Chair of the local organising committee Nikolaos Lavidas (Athens) Other members of the Local Organising Committee Spyridoula Bella, Amalia Moser, Kiki Nikiforidou, Evangelia Vlachou&nbsp; SLE Conference Manager Anna Kisiel (KU Leuven) SLE Treasurer Lachlan Mackenzie (formerly VU Amsterdam) SLE Secretary Bert Cornillie (KU Leuven) Programme Committee Chair of workshops Francesca Di Garbo (Aix-Marseille [&hellip;]<\/p>\n","protected":false},"author":5,"featured_media":29,"parent":0,"menu_order":50,"comment_status":"closed","ping_status":"closed","template":"","meta":{"_acf_changed":false,"footnotes":""},"class_list":["post-30","page","type-page","status-publish","has-post-thumbnail","hentry"],"acf":[],"yoast_head":"<!-- This site is optimized with the Yoast SEO plugin v23.1 - https:\/\/yoast.com\/wordpress\/plugins\/seo\/ -->\n<title>Committees - SLE 2023<\/title>\n<meta name=\"robots\" content=\"index, follow, max-snippet:-1, max-image-preview:large, max-video-preview:-1\" \/>\n<link rel=\"canonical\" href=\"https:\/\/societaslinguistica.eu\/sle2023\/committees\/\" \/>\n<meta property=\"og:locale\" content=\"en_US\" \/>\n<meta property=\"og:type\" content=\"article\" \/>\n<meta property=\"og:title\" content=\"Committees - SLE 2023\" \/>\n<meta property=\"og:description\" content=\"Organising Committee Chair of the local organising committee Nikolaos Lavidas (Athens) Other members of the Local Organising Committee Spyridoula Bella, Amalia Moser, Kiki Nikiforidou, Evangelia Vlachou&nbsp; SLE Conference Manager Anna Kisiel (KU Leuven) SLE Treasurer Lachlan Mackenzie (formerly VU Amsterdam) SLE Secretary Bert Cornillie (KU Leuven) Programme Committee Chair of workshops Francesca Di Garbo (Aix-Marseille [&hellip;]\" \/>\n<meta property=\"og:url\" content=\"https:\/\/societaslinguistica.eu\/sle2023\/committees\/\" \/>\n<meta property=\"og:site_name\" content=\"SLE 2023\" \/>\n<meta property=\"article:modified_time\" content=\"2023-03-27T14:46:42+00:00\" \/>\n<meta property=\"og:image\" content=\"https:\/\/societaslinguistica.eu\/sle2023\/wp-content\/uploads\/sites\/4\/2021\/11\/bucharest2.jpg\" \/>\n\t<meta property=\"og:image:width\" content=\"760\" \/>\n\t<meta property=\"og:image:height\" content=\"156\" \/>\n\t<meta property=\"og:image:type\" content=\"image\/jpeg\" \/>\n<meta name=\"twitter:card\" content=\"summary_large_image\" \/>\n<meta name=\"twitter:label1\" content=\"Est. reading time\" \/>\n\t<meta name=\"twitter:data1\" content=\"4 minutes\" \/>\n<script type=\"application\/ld+json\" class=\"yoast-schema-graph\">{\"@context\":\"https:\/\/schema.org\",\"@graph\":[{\"@type\":\"WebPage\",\"@id\":\"https:\/\/societaslinguistica.eu\/sle2023\/committees\/\",\"url\":\"https:\/\/societaslinguistica.eu\/sle2023\/committees\/\",\"name\":\"Committees - SLE 2023\",\"isPartOf\":{\"@id\":\"https:\/\/societaslinguistica.eu\/sle2023\/#website\"},\"primaryImageOfPage\":{\"@id\":\"https:\/\/societaslinguistica.eu\/sle2023\/committees\/#primaryimage\"},\"image\":{\"@id\":\"https:\/\/societaslinguistica.eu\/sle2023\/committees\/#primaryimage\"},\"thumbnailUrl\":\"https:\/\/societaslinguistica.eu\/sle2023\/wp-content\/uploads\/sites\/4\/2021\/11\/bucharest2.jpg\",\"datePublished\":\"2021-11-06T15:28:15+00:00\",\"dateModified\":\"2023-03-27T14:46:42+00:00\",\"breadcrumb\":{\"@id\":\"https:\/\/societaslinguistica.eu\/sle2023\/committees\/#breadcrumb\"},\"inLanguage\":\"en-US\",\"potentialAction\":[{\"@type\":\"ReadAction\",\"target\":[\"https:\/\/societaslinguistica.eu\/sle2023\/committees\/\"]}]},{\"@type\":\"ImageObject\",\"inLanguage\":\"en-US\",\"@id\":\"https:\/\/societaslinguistica.eu\/sle2023\/committees\/#primaryimage\",\"url\":\"https:\/\/societaslinguistica.eu\/sle2023\/wp-content\/uploads\/sites\/4\/2021\/11\/bucharest2.jpg\",\"contentUrl\":\"https:\/\/societaslinguistica.eu\/sle2023\/wp-content\/uploads\/sites\/4\/2021\/11\/bucharest2.jpg\",\"width\":760,\"height\":156},{\"@type\":\"BreadcrumbList\",\"@id\":\"https:\/\/societaslinguistica.eu\/sle2023\/committees\/#breadcrumb\",\"itemListElement\":[{\"@type\":\"ListItem\",\"position\":1,\"name\":\"Home\",\"item\":\"https:\/\/societaslinguistica.eu\/sle2023\/\"},{\"@type\":\"ListItem\",\"position\":2,\"name\":\"Committees\"}]},{\"@type\":\"WebSite\",\"@id\":\"https:\/\/societaslinguistica.eu\/sle2023\/#website\",\"url\":\"https:\/\/societaslinguistica.eu\/sle2023\/\",\"name\":\"SLE 2023\",\"description\":\"29 August - 1 September 2023\",\"publisher\":{\"@id\":\"https:\/\/societaslinguistica.eu\/sle2023\/#organization\"},\"potentialAction\":[{\"@type\":\"SearchAction\",\"target\":{\"@type\":\"EntryPoint\",\"urlTemplate\":\"https:\/\/societaslinguistica.eu\/sle2023\/?s={search_term_string}\"},\"query-input\":\"required name=search_term_string\"}],\"inLanguage\":\"en-US\"},{\"@type\":\"Organization\",\"@id\":\"https:\/\/societaslinguistica.eu\/sle2023\/#organization\",\"name\":\"Societas Linguistica Europaea\",\"url\":\"https:\/\/societaslinguistica.eu\/sle2023\/\",\"logo\":{\"@type\":\"ImageObject\",\"inLanguage\":\"en-US\",\"@id\":\"https:\/\/societaslinguistica.eu\/sle2023\/#\/schema\/logo\/image\/\",\"url\":\"https:\/\/societaslinguistica.eu\/sle2023\/wp-content\/uploads\/sites\/4\/2021\/12\/SLE-logo.png\",\"contentUrl\":\"https:\/\/societaslinguistica.eu\/sle2023\/wp-content\/uploads\/sites\/4\/2021\/12\/SLE-logo.png\",\"width\":242,\"height\":242,\"caption\":\"Societas Linguistica Europaea\"},\"image\":{\"@id\":\"https:\/\/societaslinguistica.eu\/sle2023\/#\/schema\/logo\/image\/\"}}]}<\/script>\n<!-- \/ Yoast SEO plugin. -->","yoast_head_json":{"title":"Committees - SLE 2023","robots":{"index":"index","follow":"follow","max-snippet":"max-snippet:-1","max-image-preview":"max-image-preview:large","max-video-preview":"max-video-preview:-1"},"canonical":"https:\/\/societaslinguistica.eu\/sle2023\/committees\/","og_locale":"en_US","og_type":"article","og_title":"Committees - SLE 2023","og_description":"Organising Committee Chair of the local organising committee Nikolaos Lavidas (Athens) Other members of the Local Organising Committee Spyridoula Bella, Amalia Moser, Kiki Nikiforidou, Evangelia Vlachou&nbsp; SLE Conference Manager Anna Kisiel (KU Leuven) SLE Treasurer Lachlan Mackenzie (formerly VU Amsterdam) SLE Secretary Bert Cornillie (KU Leuven) Programme Committee Chair of workshops Francesca Di Garbo (Aix-Marseille [&hellip;]","og_url":"https:\/\/societaslinguistica.eu\/sle2023\/committees\/","og_site_name":"SLE 2023","article_modified_time":"2023-03-27T14:46:42+00:00","og_image":[{"width":760,"height":156,"url":"https:\/\/societaslinguistica.eu\/sle2023\/wp-content\/uploads\/sites\/4\/2021\/11\/bucharest2.jpg","type":"image\/jpeg"}],"twitter_card":"summary_large_image","twitter_misc":{"Est. reading time":"4 minutes"},"schema":{"@context":"https:\/\/schema.org","@graph":[{"@type":"WebPage","@id":"https:\/\/societaslinguistica.eu\/sle2023\/committees\/","url":"https:\/\/societaslinguistica.eu\/sle2023\/committees\/","name":"Committees - SLE 2023","isPartOf":{"@id":"https:\/\/societaslinguistica.eu\/sle2023\/#website"},"primaryImageOfPage":{"@id":"https:\/\/societaslinguistica.eu\/sle2023\/committees\/#primaryimage"},"image":{"@id":"https:\/\/societaslinguistica.eu\/sle2023\/committees\/#primaryimage"},"thumbnailUrl":"https:\/\/societaslinguistica.eu\/sle2023\/wp-content\/uploads\/sites\/4\/2021\/11\/bucharest2.jpg","datePublished":"2021-11-06T15:28:15+00:00","dateModified":"2023-03-27T14:46:42+00:00","breadcrumb":{"@id":"https:\/\/societaslinguistica.eu\/sle2023\/committees\/#breadcrumb"},"inLanguage":"en-US","potentialAction":[{"@type":"ReadAction","target":["https:\/\/societaslinguistica.eu\/sle2023\/committees\/"]}]},{"@type":"ImageObject","inLanguage":"en-US","@id":"https:\/\/societaslinguistica.eu\/sle2023\/committees\/#primaryimage","url":"https:\/\/societaslinguistica.eu\/sle2023\/wp-content\/uploads\/sites\/4\/2021\/11\/bucharest2.jpg","contentUrl":"https:\/\/societaslinguistica.eu\/sle2023\/wp-content\/uploads\/sites\/4\/2021\/11\/bucharest2.jpg","width":760,"height":156},{"@type":"BreadcrumbList","@id":"https:\/\/societaslinguistica.eu\/sle2023\/committees\/#breadcrumb","itemListElement":[{"@type":"ListItem","position":1,"name":"Home","item":"https:\/\/societaslinguistica.eu\/sle2023\/"},{"@type":"ListItem","position":2,"name":"Committees"}]},{"@type":"WebSite","@id":"https:\/\/societaslinguistica.eu\/sle2023\/#website","url":"https:\/\/societaslinguistica.eu\/sle2023\/","name":"SLE 2023","description":"29 August - 1 September 2023","publisher":{"@id":"https:\/\/societaslinguistica.eu\/sle2023\/#organization"},"potentialAction":[{"@type":"SearchAction","target":{"@type":"EntryPoint","urlTemplate":"https:\/\/societaslinguistica.eu\/sle2023\/?s={search_term_string}"},"query-input":"required name=search_term_string"}],"inLanguage":"en-US"},{"@type":"Organization","@id":"https:\/\/societaslinguistica.eu\/sle2023\/#organization","name":"Societas Linguistica Europaea","url":"https:\/\/societaslinguistica.eu\/sle2023\/","logo":{"@type":"ImageObject","inLanguage":"en-US","@id":"https:\/\/societaslinguistica.eu\/sle2023\/#\/schema\/logo\/image\/","url":"https:\/\/societaslinguistica.eu\/sle2023\/wp-content\/uploads\/sites\/4\/2021\/12\/SLE-logo.png","contentUrl":"https:\/\/societaslinguistica.eu\/sle2023\/wp-content\/uploads\/sites\/4\/2021\/12\/SLE-logo.png","width":242,"height":242,"caption":"Societas Linguistica Europaea"},"image":{"@id":"https:\/\/societaslinguistica.eu\/sle2023\/#\/schema\/logo\/image\/"}}]}},"_links":{"self":[{"href":"https:\/\/societaslinguistica.eu\/sle2023\/wp-json\/wp\/v2\/pages\/30"}],"collection":[{"href":"https:\/\/societaslinguistica.eu\/sle2023\/wp-json\/wp\/v2\/pages"}],"about":[{"href":"https:\/\/societaslinguistica.eu\/sle2023\/wp-json\/wp\/v2\/types\/page"}],"author":[{"embeddable":true,"href":"https:\/\/societaslinguistica.eu\/sle2023\/wp-json\/wp\/v2\/users\/5"}],"replies":[{"embeddable":true,"href":"https:\/\/societaslinguistica.eu\/sle2023\/wp-json\/wp\/v2\/comments?post=30"}],"version-history":[{"count":21,"href":"https:\/\/societaslinguistica.eu\/sle2023\/wp-json\/wp\/v2\/pages\/30\/revisions"}],"predecessor-version":[{"id":767,"href":"https:\/\/societaslinguistica.eu\/sle2023\/wp-json\/wp\/v2\/pages\/30\/revisions\/767"}],"wp:featuredmedia":[{"embeddable":true,"href":"https:\/\/societaslinguistica.eu\/sle2023\/wp-json\/wp\/v2\/media\/29"}],"wp:attachment":[{"href":"https:\/\/societaslinguistica.eu\/sle2023\/wp-json\/wp\/v2\/media?parent=30"}],"curies":[{"name":"wp","href":"https:\/\/api.w.org\/{rel}","templated":true}]}}