{"id":30,"date":"2021-11-06T16:28:15","date_gmt":"2021-11-06T15:28:15","guid":{"rendered":"https:\/\/societaslinguistica.eu\/sle2022\/?page_id=30"},"modified":"2022-07-22T00:29:40","modified_gmt":"2022-07-21T22:29:40","slug":"committees","status":"publish","type":"page","link":"https:\/\/societaslinguistica.eu\/sle2022\/committees\/","title":{"rendered":"Committees"},"content":{"rendered":"\n<h2 class=\"wp-block-heading\">Organising Committee<\/h2>\n\n\n\n<h3 class=\"wp-block-heading\">Chair and Vicechair of the local organising committee<\/h3>\n\n\n\n<p class=\"has-medium-font-size\">Alexandru NICOLAE and Gabriela B\u00ceLB\u00ceIE (University of Bucharest &amp; \u201cIorgu Iordan \u2013 Al. Rosetti\u201d Institute of Linguistics)<\/p>\n\n\n\n<p><strong>Other members of the Local Organising Committee<\/strong><\/p>\n\n\n\n<p>Alexandru ANGHELINA, Marinela BOTA, Adnana BOIOC APINTEI, Cristina BOGDAN, Valentina COJOCARU, \u0218tefan COLCERIU, Ramona C\u0103t\u0103lina CORBEANU, Francesco CONSTANTIN, \u0218tefania COSTEA, R\u0103zvan DINC\u0102, Ionu\u021b GEAN\u0102, Ion GIURGEA, Adina DRAGOMIRESCU, Floarea IRINA, Emil IONESCU, Marius-Fabian ISTRATE, Mutal\u00e2p DANIAR, Manuela NEVACI, Oana NICULESCU, Anabella-Gloria NICULESCU-GORPIN, Isabela NEDELCU, Beatrice PAHONTU, Irina PARASCHIV, Paul POP, Carmen RADU, Cristinel SAVA, Adrian STOICESCU, Bogdan \u0218TEF\u0102NESCU, Mihaela T\u0102NASE DOGARU, Emanuela TIMOTIN, Andra VASILESCU, Monica VASILEANU, \u0218tefania VULPE OPREA, Rodica ZAFIU<\/p>\n\n\n\n<p><strong>Student volunteers<\/strong><\/p>\n\n\n\n<p>Loredana GRIGORE, Csongor-Zolt\u00e1n HEGED\u0170S, Mihai IANCU, Fabian ISTRATE, Larisa Florentina NICOLAIE, Beatrice PAHON\u021aU, Alexandra POPA, Miruna POPESCU, Nicoleta STOICA<\/p>\n\n\n\n<p><strong>Partners<\/strong><\/p>\n\n\n\n<p>Faculty of Law and Alumni Association<\/p>\n\n\n\n<h3 class=\"wp-block-heading\">SLE Conference Manager<\/h3>\n\n\n\n<p class=\"has-medium-font-size\">Olga Spevak (University of Toulouse)<\/p>\n\n\n\n<h3 class=\"wp-block-heading\">SLE Treasurer<\/h3>\n\n\n\n<p class=\"has-medium-font-size\">Lachlan Mackenzie (Vrije Universiteit Amsterdam)<\/p>\n\n\n\n<h3 class=\"wp-block-heading\">SLE Secretary<\/h3>\n\n\n\n<p class=\"has-medium-font-size\">Bert Cornillie (KU Leuven)<\/p>\n\n\n\n<p><\/p>\n\n\n\n<h2 class=\"wp-block-heading\">Programme Committee<\/h2>\n\n\n\n<h3 class=\"wp-block-heading\">Chair of workshops<\/h3>\n\n\n\n<p class=\"has-medium-font-size\">Eitan Grossman (Hebrew University of Jerusalem)<\/p>\n\n\n\n<h3 class=\"wp-block-heading\">Chair of the general session<\/h3>\n\n\n\n<p class=\"has-medium-font-size\">Francesca Di Garbo (Helsinki University) <\/p>\n\n\n\n<h3 class=\"wp-block-heading\">Members<\/h3>\n\n\n\n<p class=\"has-medium-font-size\">Werner Abraham (University of Vienna), Karin Aijmer (University of Gothenburg), Shanley Allen (University of Kaiserslautern), Cormac Anderson (MPI-SHH Leipzig), Reili Argus (Tallinn University), Linda Badan (Ghent University), J\u00f3hanna Bar\u00f0dal (Ghent University), Dorothee Beermann (NTNU Trondheim), Spyridoula Bella (University of Athens), Valeria Belloro (Autonomous University of Quer\u00e9taro), Theresa Biberauer (Cambridge University, University of Stellenbosch), Walter Bisang (University of Mainz), Anna Bondaruk, John Paul II Catholic University of Lublin), Kasper Boye (University of Copenhagen), Wayles Browne (Cornell University), Concepci\u00f3n Cabrillana (University of Santiago de Compostela), Anne Carlier (Sorbonne University), Michela Cennamo (University of Naples Federico II), Bernard Comrie (University of California, Santa Barbara), Denis Creissels (University of Lyon), Sonia Cristofaro (Sorbonne Universit\u00e9), Hubert Cuyckens (KU Leuven), Pierluigi Cuzzolin (University of Bergamo), Andriy Danylenko (Pace University), Jesus De La Villa (Autonomous University of Madrid), Walter De Mulder (University of Antwerp), Nicole Delbecque (KU Leuven), Nina Dobrushina (National Research University Higher School of Economics), Adina Dragomirescu (Institute of Linguistics Iorgu Iordan &#8211; Al. Rosetti, Bucharest), Michael Dunn (Uppsala University), Katarzyna Dziubalska-Kolaczyk (Adam Mickiewicz University in Pozna\u0144), Martin Ehala (University of Helsinki), Victoria Escandell-Vidal (Universidad Complutense de Madrid), Urtzi Etxeberria (CNRS-IKER), Caleb Everett (University of Miami), Thorhallur Eythorsson (University of Iceland), Benjamin Fagard (CNRS), Teresa Fanego (University of Santiago de Compostela), Ad Foolen (Radboud University Nijmegen), Livio Gaeta (University of Turin), Mar\u00eda Del Pilar Garc\u00eda Mayo (University of the Basque Country UPV\/EHU), Antonio Garc\u00eda-G\u00f3mez (University of Alcal\u00e1), Michalis Georgiafentis (National and Kapodistrian University of Athens), Klaus Geyer (University of Southern Denmark), Anna Giacalone (University of Pavia), Chiara Gianollo (University of Bologna), Spike Gildea (University of Oregon), Alessandra Giorgi (University of Venice), Francisco Gonz\u00e1lvez Garc\u00eda (University of Almer\u00eda), Eitan Grossman (Hebrew University), Eva Haji\u010dov\u00e1 (Charles University in Prague), Camiel Hamans (Adam Mickiewicz University in Pozna\u0144), Bjorn Hansen (University of Regensburg), Alexander Haselow (University of Rostock), Martin Haspelmath (MPI-SHH Leipzig), Katharina Haude (CNRS), Dag Haug (University of Oslo), Lars Hellan (NTNU Trondheim), Eugen Hill (University of Cologne), Hans Henrich Hock (University of Illinois at Urbana-Champaign), Aritz Irurtzun (CNRS-IKER), Andra Kalna\u010da (University of Latvia, Riga), Katalin \u00c9. Kiss (Research Institute for Linguistics of the Hungarian Academy of Sciences, Budapest), Seppo Kittila (University of Helsinki), Ekkehard Koenig (FU Berlin), Bernd Kortmann (University of Freiburg), L\u00edvia K\u00f6rtv\u00e9lyessy (P. J. \u0160af\u00e1rik University in Ko\u0161ice), Martin K\u00fcmmel (Friedrich Schiller University Jena), Meri Larjavaara (\u00c5bo Akademi, Helsinki), Pierre Larriv\u00e9e (University of Caen), Nikolaos Lavidas (National and Kapodistrian University of Athens), Diana Lewis (Aix Marseille University), Suliko Liiv (Tallinn University), Maria-Rosa Lloret (University of Barcelona), Luc\u00eda Loureiro-Porto (University of the Balearic Islands), Silvia Luraghi (University of Pavia), Mar\u00eda Jos\u00e9 L\u00f3pez-Couso (University of Santiago de Compostela), Martin Maiden (University of Oxford), Francesca Masini (University of Bologna), Dejan Matic (University of M\u00fcnster), Helle Metslang (University of Tartu), Amina Mettouchi (EPHE and CNRS LLACAN), Susanne Maria Michaelis (Leipzig University), Matti Miestamo (University of Helsinki), George Mikros (National and Kapodistrian University of Athens), Marianne Mithun (University of California, Santa Barbara), Liljana Mitkovska (FON University), Edith Moravcsik (University of Wisconsin-Milwaukee), Amalia Moser (University of Athens), Nicola Munaro (Ca&#8217; Foscari University of Venice), Belen M\u00e9ndez Naya (University of Santiago de Compostela), Maria Napoli (University of Eastern Piedmont), Kiki Nikiforidou (University of Athens), Tatiana Nikitina (CNRS), Jan Nuyts (University of Antwerp), Karl Pajusalu (University of Tartu), Marco Passarotti (Catholic University of the Sacred Heart), Theodossia-Soula Pavlidou (Aristotle University of Thessaloniki), Thomas Payne (University of Oregon), Vladimir Plungian (Institute of Linguistics RAS, Moscow), Lola Pons-Rodr\u00edguez (University of Seville), Rodrigo P\u00e9rez-Lorido (University of Oviedo), Angela Ralli (University of Patras), Eric Reuland (Utrecht University), Nikolaus Ritt (University of Vienna), Jorge Emilio Ros\u00e9s Labrada (University of Alberta), Anna Roussou (University of Patras), Francisco Ruiz de Mendoza Ib\u00e1\u00f1ez (University of La Rioja), Cinzia Russi (The University of Texas at Austin), Andrea Sans\u00f2 (University of Insubria), Barbara Schl\u00fccker (Leipzig University), Stephan Schmid (University of Zurich), Ilja Ser\u017eant (Christian-Albrechts-University of Kiel), Petra Sleeman (University of Amsterdam), Elena Smirnova (University of Neuch\u00e2tel), John Charles Smith (University of Oxford), Augusto Soares Da Silva (Catholic University of Portugal), Andrey N. Sobolev (Institute for Linguistic Studies, RAS, St. Petersburg), Andrew Spencer (University of Essex), Sabine Stoll (University of Zurich), Cristina Suarez-Gomez (University of the Balearic Islands), Magda \u0160ev\u010d\u00edkov\u00e1 (Charles University in Prague), Inesa \u0160e\u0161kauskien\u0117 (Vilnius University), Catherine Travis (Australian National University), Beata Trawinski (IDS Mannheim), Yvonne Treis (CNRS-LLACAN), Jarmila T\u00e1rnyikov\u00e1 (Palack\u00fd University in Olomouc), Johan van der Auwera (University of Antwerp), Guido Vanden Wyngaerd (KU Leuven), Arie Verhagen (Leiden University Centre for Linguistics), Anna Verschik (Tallinn University), Jean-Christophe Verstraete (KU Leuven), Letizia Vezzosi (University of Florence), Nigel Vincent (University of Manchester), Jacqueline Visconti (University of Genoa), Ferdinand von Mengden (FU Berlin), Gerry Wakker (University of Groningen), S\u00f8ren Wichmann (Leiden University), Bj\u00f6rn Wiemer (Johannes Gutenberg University Mainz), Jacek Witko\u015b (Adam Mickiewicz University in Poznan, Poland), Alena Witzlack-Makarevich (University of Kiel), Magdalena Wrembel (Adam Mickiewicz University in Pozna\u0144), Il-Il Yatziv-Malibert (INALCO, Paris).<\/p>\n\n\n\n<hr class=\"wp-block-separator has-css-opacity\"\/>\n\n\n\n<p><\/p>\n","protected":false},"excerpt":{"rendered":"<p>Organising Committee Chair and Vicechair of the local organising committee Alexandru NICOLAE and Gabriela B\u00ceLB\u00ceIE (University of Bucharest &amp; \u201cIorgu Iordan \u2013 Al. Rosetti\u201d Institute of Linguistics) Other members of the Local Organising Committee Alexandru ANGHELINA, Marinela BOTA, Adnana BOIOC APINTEI, Cristina BOGDAN, Valentina COJOCARU, \u0218tefan COLCERIU, Ramona C\u0103t\u0103lina CORBEANU, Francesco CONSTANTIN, \u0218tefania COSTEA, R\u0103zvan [&hellip;]<\/p>\n","protected":false},"author":2,"featured_media":29,"parent":0,"menu_order":50,"comment_status":"closed","ping_status":"closed","template":"","meta":{"_acf_changed":false,"footnotes":""},"class_list":["post-30","page","type-page","status-publish","has-post-thumbnail","hentry"],"acf":[],"yoast_head":"<!-- This site is optimized with the Yoast SEO plugin v23.1 - https:\/\/yoast.com\/wordpress\/plugins\/seo\/ -->\n<title>Committees - 55th Annual Meeting of the Societas Linguistica Europaea<\/title>\n<meta name=\"robots\" content=\"index, follow, max-snippet:-1, max-image-preview:large, max-video-preview:-1\" \/>\n<link rel=\"canonical\" href=\"https:\/\/societaslinguistica.eu\/sle2022\/committees\/\" \/>\n<meta property=\"og:locale\" content=\"en_US\" \/>\n<meta property=\"og:type\" content=\"article\" \/>\n<meta property=\"og:title\" content=\"Committees - 55th Annual Meeting of the Societas Linguistica Europaea\" \/>\n<meta property=\"og:description\" content=\"Organising Committee Chair and Vicechair of the local organising committee Alexandru NICOLAE and Gabriela B\u00ceLB\u00ceIE (University of Bucharest &amp; \u201cIorgu Iordan \u2013 Al. Rosetti\u201d Institute of Linguistics) Other members of the Local Organising Committee Alexandru ANGHELINA, Marinela BOTA, Adnana BOIOC APINTEI, Cristina BOGDAN, Valentina COJOCARU, \u0218tefan COLCERIU, Ramona C\u0103t\u0103lina CORBEANU, Francesco CONSTANTIN, \u0218tefania COSTEA, R\u0103zvan [&hellip;]\" \/>\n<meta property=\"og:url\" content=\"https:\/\/societaslinguistica.eu\/sle2022\/committees\/\" \/>\n<meta property=\"og:site_name\" content=\"55th Annual Meeting of the Societas Linguistica Europaea\" \/>\n<meta property=\"article:modified_time\" content=\"2022-07-21T22:29:40+00:00\" \/>\n<meta property=\"og:image\" content=\"https:\/\/societaslinguistica.eu\/sle2022\/wp-content\/uploads\/sites\/2\/2021\/11\/bucharest2.jpg\" \/>\n\t<meta property=\"og:image:width\" content=\"760\" \/>\n\t<meta property=\"og:image:height\" content=\"156\" \/>\n\t<meta property=\"og:image:type\" content=\"image\/jpeg\" \/>\n<meta name=\"twitter:card\" content=\"summary_large_image\" \/>\n<meta name=\"twitter:label1\" content=\"Est. reading time\" \/>\n\t<meta name=\"twitter:data1\" content=\"5 minutes\" \/>\n<script type=\"application\/ld+json\" class=\"yoast-schema-graph\">{\"@context\":\"https:\/\/schema.org\",\"@graph\":[{\"@type\":\"WebPage\",\"@id\":\"https:\/\/societaslinguistica.eu\/sle2022\/committees\/\",\"url\":\"https:\/\/societaslinguistica.eu\/sle2022\/committees\/\",\"name\":\"Committees - 55th Annual Meeting of the Societas Linguistica Europaea\",\"isPartOf\":{\"@id\":\"https:\/\/societaslinguistica.eu\/sle2022\/#website\"},\"primaryImageOfPage\":{\"@id\":\"https:\/\/societaslinguistica.eu\/sle2022\/committees\/#primaryimage\"},\"image\":{\"@id\":\"https:\/\/societaslinguistica.eu\/sle2022\/committees\/#primaryimage\"},\"thumbnailUrl\":\"https:\/\/societaslinguistica.eu\/sle2022\/wp-content\/uploads\/sites\/2\/2021\/11\/bucharest2.jpg\",\"datePublished\":\"2021-11-06T15:28:15+00:00\",\"dateModified\":\"2022-07-21T22:29:40+00:00\",\"inLanguage\":\"en-US\",\"potentialAction\":[{\"@type\":\"ReadAction\",\"target\":[\"https:\/\/societaslinguistica.eu\/sle2022\/committees\/\"]}]},{\"@type\":\"ImageObject\",\"inLanguage\":\"en-US\",\"@id\":\"https:\/\/societaslinguistica.eu\/sle2022\/committees\/#primaryimage\",\"url\":\"https:\/\/societaslinguistica.eu\/sle2022\/wp-content\/uploads\/sites\/2\/2021\/11\/bucharest2.jpg\",\"contentUrl\":\"https:\/\/societaslinguistica.eu\/sle2022\/wp-content\/uploads\/sites\/2\/2021\/11\/bucharest2.jpg\",\"width\":760,\"height\":156},{\"@type\":\"WebSite\",\"@id\":\"https:\/\/societaslinguistica.eu\/sle2022\/#website\",\"url\":\"https:\/\/societaslinguistica.eu\/sle2022\/\",\"name\":\"55th Annual Meeting of the Societas Linguistica Europaea\",\"description\":\"24\u201327 August 2022\",\"publisher\":{\"@id\":\"https:\/\/societaslinguistica.eu\/sle2022\/#organization\"},\"potentialAction\":[{\"@type\":\"SearchAction\",\"target\":{\"@type\":\"EntryPoint\",\"urlTemplate\":\"https:\/\/societaslinguistica.eu\/sle2022\/?s={search_term_string}\"},\"query-input\":\"required name=search_term_string\"}],\"inLanguage\":\"en-US\"},{\"@type\":\"Organization\",\"@id\":\"https:\/\/societaslinguistica.eu\/sle2022\/#organization\",\"name\":\"Societas Linguistica Europaea\",\"url\":\"https:\/\/societaslinguistica.eu\/sle2022\/\",\"logo\":{\"@type\":\"ImageObject\",\"inLanguage\":\"en-US\",\"@id\":\"https:\/\/societaslinguistica.eu\/sle2022\/#\/schema\/logo\/image\/\",\"url\":\"https:\/\/societaslinguistica.eu\/sle2022\/wp-content\/uploads\/sites\/2\/2021\/12\/SLE-logo.png\",\"contentUrl\":\"https:\/\/societaslinguistica.eu\/sle2022\/wp-content\/uploads\/sites\/2\/2021\/12\/SLE-logo.png\",\"width\":242,\"height\":242,\"caption\":\"Societas Linguistica Europaea\"},\"image\":{\"@id\":\"https:\/\/societaslinguistica.eu\/sle2022\/#\/schema\/logo\/image\/\"}}]}<\/script>\n<!-- \/ Yoast SEO plugin. -->","yoast_head_json":{"title":"Committees - 55th Annual Meeting of the Societas Linguistica Europaea","robots":{"index":"index","follow":"follow","max-snippet":"max-snippet:-1","max-image-preview":"max-image-preview:large","max-video-preview":"max-video-preview:-1"},"canonical":"https:\/\/societaslinguistica.eu\/sle2022\/committees\/","og_locale":"en_US","og_type":"article","og_title":"Committees - 55th Annual Meeting of the Societas Linguistica Europaea","og_description":"Organising Committee Chair and Vicechair of the local organising committee Alexandru NICOLAE and Gabriela B\u00ceLB\u00ceIE (University of Bucharest &amp; \u201cIorgu Iordan \u2013 Al. Rosetti\u201d Institute of Linguistics) Other members of the Local Organising Committee Alexandru ANGHELINA, Marinela BOTA, Adnana BOIOC APINTEI, Cristina BOGDAN, Valentina COJOCARU, \u0218tefan COLCERIU, Ramona C\u0103t\u0103lina CORBEANU, Francesco CONSTANTIN, \u0218tefania COSTEA, R\u0103zvan [&hellip;]","og_url":"https:\/\/societaslinguistica.eu\/sle2022\/committees\/","og_site_name":"55th Annual Meeting of the Societas Linguistica Europaea","article_modified_time":"2022-07-21T22:29:40+00:00","og_image":[{"width":760,"height":156,"url":"https:\/\/societaslinguistica.eu\/sle2022\/wp-content\/uploads\/sites\/2\/2021\/11\/bucharest2.jpg","type":"image\/jpeg"}],"twitter_card":"summary_large_image","twitter_misc":{"Est. reading time":"5 minutes"},"schema":{"@context":"https:\/\/schema.org","@graph":[{"@type":"WebPage","@id":"https:\/\/societaslinguistica.eu\/sle2022\/committees\/","url":"https:\/\/societaslinguistica.eu\/sle2022\/committees\/","name":"Committees - 55th Annual Meeting of the Societas Linguistica Europaea","isPartOf":{"@id":"https:\/\/societaslinguistica.eu\/sle2022\/#website"},"primaryImageOfPage":{"@id":"https:\/\/societaslinguistica.eu\/sle2022\/committees\/#primaryimage"},"image":{"@id":"https:\/\/societaslinguistica.eu\/sle2022\/committees\/#primaryimage"},"thumbnailUrl":"https:\/\/societaslinguistica.eu\/sle2022\/wp-content\/uploads\/sites\/2\/2021\/11\/bucharest2.jpg","datePublished":"2021-11-06T15:28:15+00:00","dateModified":"2022-07-21T22:29:40+00:00","inLanguage":"en-US","potentialAction":[{"@type":"ReadAction","target":["https:\/\/societaslinguistica.eu\/sle2022\/committees\/"]}]},{"@type":"ImageObject","inLanguage":"en-US","@id":"https:\/\/societaslinguistica.eu\/sle2022\/committees\/#primaryimage","url":"https:\/\/societaslinguistica.eu\/sle2022\/wp-content\/uploads\/sites\/2\/2021\/11\/bucharest2.jpg","contentUrl":"https:\/\/societaslinguistica.eu\/sle2022\/wp-content\/uploads\/sites\/2\/2021\/11\/bucharest2.jpg","width":760,"height":156},{"@type":"WebSite","@id":"https:\/\/societaslinguistica.eu\/sle2022\/#website","url":"https:\/\/societaslinguistica.eu\/sle2022\/","name":"55th Annual Meeting of the Societas Linguistica Europaea","description":"24\u201327 August 2022","publisher":{"@id":"https:\/\/societaslinguistica.eu\/sle2022\/#organization"},"potentialAction":[{"@type":"SearchAction","target":{"@type":"EntryPoint","urlTemplate":"https:\/\/societaslinguistica.eu\/sle2022\/?s={search_term_string}"},"query-input":"required name=search_term_string"}],"inLanguage":"en-US"},{"@type":"Organization","@id":"https:\/\/societaslinguistica.eu\/sle2022\/#organization","name":"Societas Linguistica Europaea","url":"https:\/\/societaslinguistica.eu\/sle2022\/","logo":{"@type":"ImageObject","inLanguage":"en-US","@id":"https:\/\/societaslinguistica.eu\/sle2022\/#\/schema\/logo\/image\/","url":"https:\/\/societaslinguistica.eu\/sle2022\/wp-content\/uploads\/sites\/2\/2021\/12\/SLE-logo.png","contentUrl":"https:\/\/societaslinguistica.eu\/sle2022\/wp-content\/uploads\/sites\/2\/2021\/12\/SLE-logo.png","width":242,"height":242,"caption":"Societas Linguistica Europaea"},"image":{"@id":"https:\/\/societaslinguistica.eu\/sle2022\/#\/schema\/logo\/image\/"}}]}},"_links":{"self":[{"href":"https:\/\/societaslinguistica.eu\/sle2022\/wp-json\/wp\/v2\/pages\/30"}],"collection":[{"href":"https:\/\/societaslinguistica.eu\/sle2022\/wp-json\/wp\/v2\/pages"}],"about":[{"href":"https:\/\/societaslinguistica.eu\/sle2022\/wp-json\/wp\/v2\/types\/page"}],"author":[{"embeddable":true,"href":"https:\/\/societaslinguistica.eu\/sle2022\/wp-json\/wp\/v2\/users\/2"}],"replies":[{"embeddable":true,"href":"https:\/\/societaslinguistica.eu\/sle2022\/wp-json\/wp\/v2\/comments?post=30"}],"version-history":[{"count":4,"href":"https:\/\/societaslinguistica.eu\/sle2022\/wp-json\/wp\/v2\/pages\/30\/revisions"}],"predecessor-version":[{"id":2908,"href":"https:\/\/societaslinguistica.eu\/sle2022\/wp-json\/wp\/v2\/pages\/30\/revisions\/2908"}],"wp:featuredmedia":[{"embeddable":true,"href":"https:\/\/societaslinguistica.eu\/sle2022\/wp-json\/wp\/v2\/media\/29"}],"wp:attachment":[{"href":"https:\/\/societaslinguistica.eu\/sle2022\/wp-json\/wp\/v2\/media?parent=30"}],"curies":[{"name":"wp","href":"https:\/\/api.w.org\/{rel}","templated":true}]}}